{"id":4858,"date":"2025-10-29T13:04:13","date_gmt":"2025-10-29T13:04:13","guid":{"rendered":"https:\/\/agenciausphot.com\/uze\/produto\/colar-pingente-coracao-simbolo-autismo\/"},"modified":"2025-12-05T04:41:38","modified_gmt":"2025-12-05T04:41:38","slug":"colar-pingente-coracao-simbolo-autismo","status":"publish","type":"product","link":"https:\/\/agenciausphot.com\/uze\/en\/product\/colar-pingente-coracao-simbolo-autismo\/","title":{"rendered":"Colar pingente cora\u00e7\u00e3o s\u00edmbolo autismo"},"content":{"rendered":"<h3 data-start=\"123\" data-end=\"149\">Detalhes do Produto:<\/h3>\n<p data-start=\"150\" data-end=\"523\">Colar em <strong data-start=\"159\" data-end=\"181\">Prata 925 leg\u00edtima<\/strong>, com corrente delicada e pingente em formato de <strong data-start=\"230\" data-end=\"241\">cora\u00e7\u00e3o<\/strong>, trazendo no centro o <strong data-start=\"264\" data-end=\"286\">s\u00edmbolo do autismo<\/strong>, representado pelo quebra-cabe\u00e7a colorido que simboliza diversidade, inclus\u00e3o e respeito. Uma joia especial, carregada de significado, perfeita para quem deseja expressar amor, apoio e conscientiza\u00e7\u00e3o ao movimento do espectro autista.<\/p>\n<p data-start=\"525\" data-end=\"645\">As pratas 925 possuem <strong data-start=\"547\" data-end=\"569\">garantia vital\u00edcia<\/strong>, reconhecidas por sua resist\u00eancia, qualidade e excelente custo-benef\u00edcio.<\/p>\n<hr data-start=\"647\" data-end=\"650\">\n<h3 data-start=\"652\" data-end=\"684\">Especifica\u00e7\u00f5es do produto:<\/h3>\n<ul data-start=\"685\" data-end=\"942\">\n<li data-start=\"685\" data-end=\"737\">\n<p data-start=\"687\" data-end=\"737\"><strong data-start=\"687\" data-end=\"698\">Modelo:<\/strong> Colar Cora\u00e7\u00e3o com S\u00edmbolo do Autismo<\/p>\n<\/li>\n<li data-start=\"738\" data-end=\"787\">\n<p data-start=\"740\" data-end=\"787\"><strong data-start=\"740\" data-end=\"768\">Comprimento da Corrente:<\/strong> 45cm (ajust\u00e1vel)<\/p>\n<\/li>\n<li data-start=\"788\" data-end=\"855\">\n<p data-start=\"790\" data-end=\"855\"><strong data-start=\"790\" data-end=\"803\">Pingente:<\/strong> Cora\u00e7\u00e3o com s\u00edmbolo do autismo esmaltado\/colorido<\/p>\n<\/li>\n<li data-start=\"856\" data-end=\"892\">\n<p data-start=\"858\" data-end=\"892\"><strong data-start=\"858\" data-end=\"871\">Material:<\/strong> Prata 925 leg\u00edtima<\/p>\n<\/li>\n<li data-start=\"893\" data-end=\"916\">\n<p data-start=\"895\" data-end=\"916\"><strong data-start=\"895\" data-end=\"906\">G\u00eanero:<\/strong> Unissex<\/p>\n<\/li>\n<li data-start=\"917\" data-end=\"942\">\n<p data-start=\"919\" data-end=\"942\"><strong data-start=\"919\" data-end=\"928\">Peso:<\/strong> Aprox. 2,2g<\/p>\n<\/li>\n<\/ul>\n<hr data-start=\"944\" data-end=\"947\">\n<h3 data-start=\"949\" data-end=\"964\">Garantia:<\/h3>\n<p data-start=\"965\" data-end=\"1230\">Todos os colares em <strong data-start=\"985\" data-end=\"998\">Prata 925<\/strong> acompanham <strong data-start=\"1010\" data-end=\"1054\">Certificado de Garantia de Autenticidade<\/strong>, assegurando a <strong data-start=\"1070\" data-end=\"1088\">dura\u00e7\u00e3o eterna<\/strong> do material. Diferente das bijuterias, pe\u00e7as em Prata 925 preservam brilho, valor e significado por toda a vida, assim como o <strong data-start=\"1215\" data-end=\"1227\">Ouro 18k<\/strong>.<\/p>\n<hr data-start=\"1232\" data-end=\"1237\">\n<p data-start=\"1239\" data-end=\"1395\" data-is-last-node=\"\" data-is-only-node=\"\">","protected":false},"excerpt":{"rendered":"<p>Detalhes do Produto: Colar em Prata 925 leg\u00edtima, com corrente delicada e pingente em formato de cora\u00e7\u00e3o, trazendo no centro o s\u00edmbolo do autismo, representado&#8230;<\/p>","protected":false},"featured_media":4857,"comment_status":"open","ping_status":"closed","template":"","meta":[],"etheme_brands":[],"product_brand":[],"product_cat":[106,93],"product_tag":[133],"class_list":{"0":"post-4858","1":"product","2":"type-product","3":"status-publish","4":"has-post-thumbnail","6":"product_cat-categoriacolarescolar-feminino","7":"product_cat-categoriacolares","8":"product_tag-uze-pratas","10":"first","11":"outofstock","12":"shipping-taxable","13":"product-type-variable"},"_links":{"self":[{"href":"https:\/\/agenciausphot.com\/uze\/en\/wp-json\/wp\/v2\/product\/4858","targetHints":{"allow":["GET"]}}],"collection":[{"href":"https:\/\/agenciausphot.com\/uze\/en\/wp-json\/wp\/v2\/product"}],"about":[{"href":"https:\/\/agenciausphot.com\/uze\/en\/wp-json\/wp\/v2\/types\/product"}],"replies":[{"embeddable":true,"href":"https:\/\/agenciausphot.com\/uze\/en\/wp-json\/wp\/v2\/comments?post=4858"}],"version-history":[{"count":1,"href":"https:\/\/agenciausphot.com\/uze\/en\/wp-json\/wp\/v2\/product\/4858\/revisions"}],"predecessor-version":[{"id":5925,"href":"https:\/\/agenciausphot.com\/uze\/en\/wp-json\/wp\/v2\/product\/4858\/revisions\/5925"}],"wp:featuredmedia":[{"embeddable":true,"href":"https:\/\/agenciausphot.com\/uze\/en\/wp-json\/wp\/v2\/media\/4857"}],"wp:attachment":[{"href":"https:\/\/agenciausphot.com\/uze\/en\/wp-json\/wp\/v2\/media?parent=4858"}],"wp:term":[{"taxonomy":"brand","embeddable":true,"href":"https:\/\/agenciausphot.com\/uze\/en\/wp-json\/wp\/v2\/etheme_brands?post=4858"},{"taxonomy":"product_brand","embeddable":true,"href":"https:\/\/agenciausphot.com\/uze\/en\/wp-json\/wp\/v2\/product_brand?post=4858"},{"taxonomy":"product_cat","embeddable":true,"href":"https:\/\/agenciausphot.com\/uze\/en\/wp-json\/wp\/v2\/product_cat?post=4858"},{"taxonomy":"product_tag","embeddable":true,"href":"https:\/\/agenciausphot.com\/uze\/en\/wp-json\/wp\/v2\/product_tag?post=4858"}],"curies":[{"name":"wp","href":"https:\/\/api.w.org\/{rel}","templated":true}]}}