{"id":4846,"date":"2025-10-29T13:04:04","date_gmt":"2025-10-29T13:04:04","guid":{"rendered":"https:\/\/agenciausphot.com\/uze\/produto\/gargantilha-dupla-com-coracoes-cravejados\/"},"modified":"2025-12-05T04:41:38","modified_gmt":"2025-12-05T04:41:38","slug":"gargantilha-dupla-com-corac%cc%a7o%cc%83es-cravejados","status":"publish","type":"product","link":"https:\/\/agenciausphot.com\/uze\/en\/product\/gargantilha-dupla-com-corac%cc%a7o%cc%83es-cravejados\/","title":{"rendered":"Gargantilha dupla com corac\u0327o\u0303es cravejados"},"content":{"rendered":"<h3 data-start=\"119\" data-end=\"145\">Detalhes do Produto:<\/h3>\n<p data-start=\"146\" data-end=\"486\">Gargantilha em <strong data-start=\"161\" data-end=\"183\">Prata 925 leg\u00edtima<\/strong>, com design moderno de <strong data-start=\"207\" data-end=\"222\">duas voltas<\/strong>, trazendo delicados pingentes de <strong data-start=\"256\" data-end=\"301\">cora\u00e7\u00f5es cravejados com zirc\u00f4nias cristal<\/strong> que refletem brilho intenso e sofisticado. O estilo em camadas valoriza o colo e proporciona um visual elegante e rom\u00e2ntico, perfeito para compor looks femininos em qualquer ocasi\u00e3o.<\/p>\n<p data-start=\"488\" data-end=\"611\">As pratas 925 possuem <strong data-start=\"510\" data-end=\"532\">garantia vital\u00edcia<\/strong>, reconhecidas por sua resist\u00eancia, durabilidade e excelente custo-benef\u00edcio.<\/p>\n<hr data-start=\"613\" data-end=\"616\">\n<h3 data-start=\"618\" data-end=\"650\">Especifica\u00e7\u00f5es do produto:<\/h3>\n<ul data-start=\"651\" data-end=\"966\">\n<li data-start=\"651\" data-end=\"708\">\n<p data-start=\"653\" data-end=\"708\"><strong data-start=\"653\" data-end=\"664\">Modelo:<\/strong> Gargantilha Dupla com Cora\u00e7\u00f5es Cravejados<\/p>\n<\/li>\n<li data-start=\"709\" data-end=\"766\">\n<p data-start=\"711\" data-end=\"766\"><strong data-start=\"711\" data-end=\"739\">Comprimento da Corrente:<\/strong> 35cm + 40cm (ajust\u00e1veis)<\/p>\n<\/li>\n<li data-start=\"767\" data-end=\"831\">\n<p data-start=\"769\" data-end=\"831\"><strong data-start=\"769\" data-end=\"783\">Pingentes:<\/strong> Dois cora\u00e7\u00f5es cravejados em zirc\u00f4nias cristal<\/p>\n<\/li>\n<li data-start=\"832\" data-end=\"878\">\n<p data-start=\"834\" data-end=\"878\"><strong data-start=\"834\" data-end=\"849\">Dim. Pedra:<\/strong> 1mm (zirc\u00f4nias cravejadas)<\/p>\n<\/li>\n<li data-start=\"879\" data-end=\"915\">\n<p data-start=\"881\" data-end=\"915\"><strong data-start=\"881\" data-end=\"894\">Material:<\/strong> Prata 925 leg\u00edtima<\/p>\n<\/li>\n<li data-start=\"916\" data-end=\"940\">\n<p data-start=\"918\" data-end=\"940\"><strong data-start=\"918\" data-end=\"929\">G\u00eanero:<\/strong> Feminino<\/p>\n<\/li>\n<li data-start=\"941\" data-end=\"966\">\n<p data-start=\"943\" data-end=\"966\"><strong data-start=\"943\" data-end=\"952\">Peso:<\/strong> Aprox. 2,5g<\/p>\n<\/li>\n<\/ul>\n<hr data-start=\"968\" data-end=\"971\">\n<h3 data-start=\"973\" data-end=\"988\">Garantia:<\/h3>\n<p data-start=\"989\" data-end=\"1246\">Todas as gargantilhas em <strong data-start=\"1014\" data-end=\"1027\">Prata 925<\/strong> acompanham <strong data-start=\"1039\" data-end=\"1083\">Certificado de Garantia de Autenticidade<\/strong>, assegurando a <strong data-start=\"1099\" data-end=\"1117\">dura\u00e7\u00e3o eterna<\/strong> do material. Diferente das bijuterias, pe\u00e7as em Prata 925 preservam brilho e valor por toda a vida, assim como o <strong data-start=\"1231\" data-end=\"1243\">Ouro 18k<\/strong>.<\/p>","protected":false},"excerpt":{"rendered":"<p>Detalhes do Produto: Gargantilha em Prata 925 leg\u00edtima, com design moderno de duas voltas, trazendo delicados pingentes de cora\u00e7\u00f5es cravejados com zirc\u00f4nias cristal que refletem&#8230;<\/p>","protected":false},"featured_media":4844,"comment_status":"open","ping_status":"closed","template":"","meta":[],"etheme_brands":[],"product_brand":[],"product_cat":[106,93],"product_tag":[133],"class_list":{"0":"post-4846","1":"product","2":"type-product","3":"status-publish","4":"has-post-thumbnail","6":"product_cat-categoriacolarescolar-feminino","7":"product_cat-categoriacolares","8":"product_tag-uze-pratas","10":"first","11":"outofstock","12":"shipping-taxable","13":"product-type-variable"},"_links":{"self":[{"href":"https:\/\/agenciausphot.com\/uze\/en\/wp-json\/wp\/v2\/product\/4846","targetHints":{"allow":["GET"]}}],"collection":[{"href":"https:\/\/agenciausphot.com\/uze\/en\/wp-json\/wp\/v2\/product"}],"about":[{"href":"https:\/\/agenciausphot.com\/uze\/en\/wp-json\/wp\/v2\/types\/product"}],"replies":[{"embeddable":true,"href":"https:\/\/agenciausphot.com\/uze\/en\/wp-json\/wp\/v2\/comments?post=4846"}],"version-history":[{"count":1,"href":"https:\/\/agenciausphot.com\/uze\/en\/wp-json\/wp\/v2\/product\/4846\/revisions"}],"predecessor-version":[{"id":5920,"href":"https:\/\/agenciausphot.com\/uze\/en\/wp-json\/wp\/v2\/product\/4846\/revisions\/5920"}],"wp:featuredmedia":[{"embeddable":true,"href":"https:\/\/agenciausphot.com\/uze\/en\/wp-json\/wp\/v2\/media\/4844"}],"wp:attachment":[{"href":"https:\/\/agenciausphot.com\/uze\/en\/wp-json\/wp\/v2\/media?parent=4846"}],"wp:term":[{"taxonomy":"brand","embeddable":true,"href":"https:\/\/agenciausphot.com\/uze\/en\/wp-json\/wp\/v2\/etheme_brands?post=4846"},{"taxonomy":"product_brand","embeddable":true,"href":"https:\/\/agenciausphot.com\/uze\/en\/wp-json\/wp\/v2\/product_brand?post=4846"},{"taxonomy":"product_cat","embeddable":true,"href":"https:\/\/agenciausphot.com\/uze\/en\/wp-json\/wp\/v2\/product_cat?post=4846"},{"taxonomy":"product_tag","embeddable":true,"href":"https:\/\/agenciausphot.com\/uze\/en\/wp-json\/wp\/v2\/product_tag?post=4846"}],"curies":[{"name":"wp","href":"https:\/\/api.w.org\/{rel}","templated":true}]}}