{"id":4841,"date":"2025-10-29T13:04:00","date_gmt":"2025-10-29T13:04:00","guid":{"rendered":"https:\/\/agenciausphot.com\/uze\/produto\/colar-inicial-letra-cravejada-j\/"},"modified":"2025-11-04T20:40:48","modified_gmt":"2025-11-04T20:40:48","slug":"colar-inicial-letra-cravejada-j","status":"publish","type":"product","link":"https:\/\/agenciausphot.com\/uze\/en\/product\/colar-inicial-letra-cravejada-j\/","title":{"rendered":"Colar inicial  letra cravejada  j"},"content":{"rendered":"<h3 data-start=\"109\" data-end=\"135\">Detalhes do Produto:<\/h3>\n<p data-start=\"136\" data-end=\"477\">Colar em <strong data-start=\"145\" data-end=\"167\">Prata 925 leg\u00edtima<\/strong>, com corrente delicada e pingente da <strong data-start=\"205\" data-end=\"248\">letra J cravejada com zirc\u00f4nias cristal<\/strong>, que refletem brilho sofisticado e elegante. O design une personaliza\u00e7\u00e3o e estilo, tornando a pe\u00e7a uma joia \u00fanica e significativa. Ideal para representar sua inicial, a de algu\u00e9m especial ou ainda presentear com muito carinho.<\/p>\n<p data-start=\"479\" data-end=\"602\">As pratas 925 possuem <strong data-start=\"501\" data-end=\"523\">garantia vital\u00edcia<\/strong>, reconhecidas por sua resist\u00eancia, durabilidade e excelente custo-benef\u00edcio.<\/p>\n<hr data-start=\"604\" data-end=\"607\">\n<h3 data-start=\"609\" data-end=\"641\">Especifica\u00e7\u00f5es do produto:<\/h3>\n<ul data-start=\"642\" data-end=\"930\">\n<li data-start=\"642\" data-end=\"689\">\n<p data-start=\"644\" data-end=\"689\"><strong data-start=\"644\" data-end=\"655\">Modelo:<\/strong> Colar Inicial Letra J Cravejada<\/p>\n<\/li>\n<li data-start=\"690\" data-end=\"739\">\n<p data-start=\"692\" data-end=\"739\"><strong data-start=\"692\" data-end=\"720\">Comprimento da Corrente:<\/strong> 45cm (ajust\u00e1vel)<\/p>\n<\/li>\n<li data-start=\"740\" data-end=\"796\">\n<p data-start=\"742\" data-end=\"796\"><strong data-start=\"742\" data-end=\"755\">Pingente:<\/strong> Letra J cravejada em zirc\u00f4nias cristal<\/p>\n<\/li>\n<li data-start=\"797\" data-end=\"843\">\n<p data-start=\"799\" data-end=\"843\"><strong data-start=\"799\" data-end=\"814\">Dim. Pedra:<\/strong> 1mm (zirc\u00f4nias cravejadas)<\/p>\n<\/li>\n<li data-start=\"844\" data-end=\"880\">\n<p data-start=\"846\" data-end=\"880\"><strong data-start=\"846\" data-end=\"859\">Material:<\/strong> Prata 925 leg\u00edtima<\/p>\n<\/li>\n<li data-start=\"881\" data-end=\"904\">\n<p data-start=\"883\" data-end=\"904\"><strong data-start=\"883\" data-end=\"894\">G\u00eanero:<\/strong> Unissex<\/p>\n<\/li>\n<li data-start=\"905\" data-end=\"930\">\n<p data-start=\"907\" data-end=\"930\"><strong data-start=\"907\" data-end=\"916\">Peso:<\/strong> Aprox. 2,1g<\/p>\n<\/li>\n<\/ul>\n<hr data-start=\"932\" data-end=\"935\">\n<h3 data-start=\"937\" data-end=\"952\">Garantia:<\/h3>\n<p data-start=\"953\" data-end=\"1205\">Todos os colares em <strong data-start=\"973\" data-end=\"986\">Prata 925<\/strong> acompanham <strong data-start=\"998\" data-end=\"1042\">Certificado de Garantia de Autenticidade<\/strong>, assegurando a <strong data-start=\"1058\" data-end=\"1076\">dura\u00e7\u00e3o eterna<\/strong> do material. Diferente das bijuterias, pe\u00e7as em Prata 925 preservam brilho e valor por toda a vida, assim como o <strong data-start=\"1190\" data-end=\"1202\">Ouro 18k<\/strong>.<\/p>","protected":false},"excerpt":{"rendered":"<p>Detalhes do Produto: Colar em Prata 925 leg\u00edtima, com corrente delicada e pingente da letra J cravejada com zirc\u00f4nias cristal, que refletem brilho sofisticado e&#8230;<\/p>","protected":false},"featured_media":4840,"comment_status":"open","ping_status":"closed","template":"","meta":[],"etheme_brands":[],"product_brand":[],"product_cat":[106,93],"product_tag":[133],"class_list":{"0":"post-4841","1":"product","2":"type-product","3":"status-publish","4":"has-post-thumbnail","6":"product_cat-categoriacolarescolar-feminino","7":"product_cat-categoriacolares","8":"product_tag-uze-pratas","10":"first","11":"outofstock","12":"shipping-taxable","13":"product-type-variable"},"_links":{"self":[{"href":"https:\/\/agenciausphot.com\/uze\/en\/wp-json\/wp\/v2\/product\/4841","targetHints":{"allow":["GET"]}}],"collection":[{"href":"https:\/\/agenciausphot.com\/uze\/en\/wp-json\/wp\/v2\/product"}],"about":[{"href":"https:\/\/agenciausphot.com\/uze\/en\/wp-json\/wp\/v2\/types\/product"}],"replies":[{"embeddable":true,"href":"https:\/\/agenciausphot.com\/uze\/en\/wp-json\/wp\/v2\/comments?post=4841"}],"version-history":[{"count":1,"href":"https:\/\/agenciausphot.com\/uze\/en\/wp-json\/wp\/v2\/product\/4841\/revisions"}],"predecessor-version":[{"id":5918,"href":"https:\/\/agenciausphot.com\/uze\/en\/wp-json\/wp\/v2\/product\/4841\/revisions\/5918"}],"wp:featuredmedia":[{"embeddable":true,"href":"https:\/\/agenciausphot.com\/uze\/en\/wp-json\/wp\/v2\/media\/4840"}],"wp:attachment":[{"href":"https:\/\/agenciausphot.com\/uze\/en\/wp-json\/wp\/v2\/media?parent=4841"}],"wp:term":[{"taxonomy":"brand","embeddable":true,"href":"https:\/\/agenciausphot.com\/uze\/en\/wp-json\/wp\/v2\/etheme_brands?post=4841"},{"taxonomy":"product_brand","embeddable":true,"href":"https:\/\/agenciausphot.com\/uze\/en\/wp-json\/wp\/v2\/product_brand?post=4841"},{"taxonomy":"product_cat","embeddable":true,"href":"https:\/\/agenciausphot.com\/uze\/en\/wp-json\/wp\/v2\/product_cat?post=4841"},{"taxonomy":"product_tag","embeddable":true,"href":"https:\/\/agenciausphot.com\/uze\/en\/wp-json\/wp\/v2\/product_tag?post=4841"}],"curies":[{"name":"wp","href":"https:\/\/api.w.org\/{rel}","templated":true}]}}