{"id":4823,"date":"2025-10-29T13:03:46","date_gmt":"2025-10-29T13:03:46","guid":{"rendered":"https:\/\/agenciausphot.com\/uze\/produto\/colar-lacraia\/"},"modified":"2025-12-05T04:41:38","modified_gmt":"2025-12-05T04:41:38","slug":"colar-lacraia","status":"publish","type":"product","link":"https:\/\/agenciausphot.com\/uze\/en\/product\/colar-lacraia\/","title":{"rendered":"Colar lacraia"},"content":{"rendered":"<h3 data-start=\"91\" data-end=\"117\">Detalhes do Produto:<\/h3>\n<p data-start=\"118\" data-end=\"446\">Colar em <strong data-start=\"127\" data-end=\"149\">Prata 925 leg\u00edtima<\/strong>, com corrente no estilo <strong data-start=\"174\" data-end=\"185\">lacraia<\/strong>, caracterizada por seus elos achatados e bem pr\u00f3ximos, que garantem brilho intenso e movimento sofisticado. O design cl\u00e1ssico e vers\u00e1til \u00e9 perfeito para ser usado sozinho, em camadas com outros colares ou com pingentes, compondo visuais elegantes e modernos.<\/p>\n<p data-start=\"448\" data-end=\"568\">As pratas 925 possuem <strong data-start=\"470\" data-end=\"492\">garantia vital\u00edcia<\/strong>, reconhecidas por sua resist\u00eancia, qualidade e excelente custo-benef\u00edcio.<\/p>\n<hr data-start=\"570\" data-end=\"573\">\n<h3 data-start=\"575\" data-end=\"607\">Especifica\u00e7\u00f5es do produto:<\/h3>\n<ul data-start=\"608\" data-end=\"865\">\n<li data-start=\"608\" data-end=\"655\">\n<p data-start=\"610\" data-end=\"655\"><strong data-start=\"610\" data-end=\"621\">Modelo:<\/strong> Colar Corrente Lacraia em Prata<\/p>\n<\/li>\n<li data-start=\"656\" data-end=\"705\">\n<p data-start=\"658\" data-end=\"705\"><strong data-start=\"658\" data-end=\"686\">Comprimento da Corrente:<\/strong> 45cm (ajust\u00e1vel)<\/p>\n<\/li>\n<li data-start=\"706\" data-end=\"764\">\n<p data-start=\"708\" data-end=\"764\"><strong data-start=\"708\" data-end=\"722\">Espessura:<\/strong> 2,5mm (varia conforme modelo escolhido)<\/p>\n<\/li>\n<li data-start=\"765\" data-end=\"801\">\n<p data-start=\"767\" data-end=\"801\"><strong data-start=\"767\" data-end=\"780\">Material:<\/strong> Prata 925 leg\u00edtima<\/p>\n<\/li>\n<li data-start=\"802\" data-end=\"825\">\n<p data-start=\"804\" data-end=\"825\"><strong data-start=\"804\" data-end=\"815\">G\u00eanero:<\/strong> Unissex<\/p>\n<\/li>\n<li data-start=\"826\" data-end=\"865\">\n<p data-start=\"828\" data-end=\"865\"><strong data-start=\"828\" data-end=\"837\">Peso:<\/strong> Aprox. conforme espessura<\/p>\n<\/li>\n<\/ul>\n<hr data-start=\"867\" data-end=\"870\">\n<h3 data-start=\"872\" data-end=\"887\">Garantia:<\/h3>\n<p data-start=\"888\" data-end=\"1140\">Todos os colares em <strong data-start=\"908\" data-end=\"921\">Prata 925<\/strong> acompanham <strong data-start=\"933\" data-end=\"977\">Certificado de Garantia de Autenticidade<\/strong>, assegurando a <strong data-start=\"993\" data-end=\"1011\">dura\u00e7\u00e3o eterna<\/strong> do material. Diferente das bijuterias, pe\u00e7as em Prata 925 preservam brilho e valor por toda a vida, assim como o <strong data-start=\"1125\" data-end=\"1137\">Ouro 18k<\/strong>.<\/p>\n<hr data-start=\"1142\" data-end=\"1147\">\n<p data-start=\"1149\" data-end=\"1273\" data-is-last-node=\"\" data-is-only-node=\"\">","protected":false},"excerpt":{"rendered":"<p>Detalhes do Produto: Colar em Prata 925 leg\u00edtima, com corrente no estilo lacraia, caracterizada por seus elos achatados e bem pr\u00f3ximos, que garantem brilho intenso&#8230;<\/p>","protected":false},"featured_media":4822,"comment_status":"open","ping_status":"closed","template":"","meta":[],"etheme_brands":[],"product_brand":[],"product_cat":[106,93],"product_tag":[133],"class_list":{"0":"post-4823","1":"product","2":"type-product","3":"status-publish","4":"has-post-thumbnail","6":"product_cat-categoriacolarescolar-feminino","7":"product_cat-categoriacolares","8":"product_tag-uze-pratas","10":"first","11":"outofstock","12":"shipping-taxable","13":"product-type-variable"},"_links":{"self":[{"href":"https:\/\/agenciausphot.com\/uze\/en\/wp-json\/wp\/v2\/product\/4823","targetHints":{"allow":["GET"]}}],"collection":[{"href":"https:\/\/agenciausphot.com\/uze\/en\/wp-json\/wp\/v2\/product"}],"about":[{"href":"https:\/\/agenciausphot.com\/uze\/en\/wp-json\/wp\/v2\/types\/product"}],"replies":[{"embeddable":true,"href":"https:\/\/agenciausphot.com\/uze\/en\/wp-json\/wp\/v2\/comments?post=4823"}],"version-history":[{"count":1,"href":"https:\/\/agenciausphot.com\/uze\/en\/wp-json\/wp\/v2\/product\/4823\/revisions"}],"predecessor-version":[{"id":5910,"href":"https:\/\/agenciausphot.com\/uze\/en\/wp-json\/wp\/v2\/product\/4823\/revisions\/5910"}],"wp:featuredmedia":[{"embeddable":true,"href":"https:\/\/agenciausphot.com\/uze\/en\/wp-json\/wp\/v2\/media\/4822"}],"wp:attachment":[{"href":"https:\/\/agenciausphot.com\/uze\/en\/wp-json\/wp\/v2\/media?parent=4823"}],"wp:term":[{"taxonomy":"brand","embeddable":true,"href":"https:\/\/agenciausphot.com\/uze\/en\/wp-json\/wp\/v2\/etheme_brands?post=4823"},{"taxonomy":"product_brand","embeddable":true,"href":"https:\/\/agenciausphot.com\/uze\/en\/wp-json\/wp\/v2\/product_brand?post=4823"},{"taxonomy":"product_cat","embeddable":true,"href":"https:\/\/agenciausphot.com\/uze\/en\/wp-json\/wp\/v2\/product_cat?post=4823"},{"taxonomy":"product_tag","embeddable":true,"href":"https:\/\/agenciausphot.com\/uze\/en\/wp-json\/wp\/v2\/product_tag?post=4823"}],"curies":[{"name":"wp","href":"https:\/\/api.w.org\/{rel}","templated":true}]}}