{"id":4821,"date":"2025-10-29T13:03:45","date_gmt":"2025-10-29T13:03:45","guid":{"rendered":"https:\/\/agenciausphot.com\/uze\/produto\/colar-tiffany-co-azul\/"},"modified":"2025-12-22T16:27:17","modified_gmt":"2025-12-22T16:27:17","slug":"colar-tiffany-co-azul","status":"publish","type":"product","link":"https:\/\/agenciausphot.com\/uze\/en\/product\/colar-tiffany-co-azul\/","title":{"rendered":"Colar tiffany co. azul"},"content":{"rendered":"<h3 data-start=\"102\" data-end=\"128\">Detalhes do Produto:<\/h3>\n<p data-start=\"129\" data-end=\"451\">Colar inspirado no cl\u00e1ssico estilo <strong data-start=\"164\" data-end=\"181\">Tiffany &amp; Co.<\/strong>, confeccionado em <strong data-start=\"200\" data-end=\"222\">Prata 925 leg\u00edtima<\/strong>, com corrente delicada e pingente redondo esmaltado em <strong data-start=\"278\" data-end=\"294\">azul Tiffany<\/strong>, trazendo sofistica\u00e7\u00e3o e modernidade. O design atemporal une eleg\u00e2ncia e delicadeza, sendo uma pe\u00e7a ic\u00f4nica que combina com diferentes estilos e ocasi\u00f5es.<\/p>\n<p data-start=\"453\" data-end=\"573\">As pratas 925 possuem <strong data-start=\"475\" data-end=\"497\">garantia vital\u00edcia<\/strong>, reconhecidas por sua resist\u00eancia, qualidade e excelente custo-benef\u00edcio.<\/p>\n<hr data-start=\"575\" data-end=\"578\">\n<h3 data-start=\"580\" data-end=\"612\">Especifica\u00e7\u00f5es do produto:<\/h3>\n<ul data-start=\"613\" data-end=\"897\">\n<li data-start=\"613\" data-end=\"662\">\n<p data-start=\"615\" data-end=\"662\"><strong data-start=\"615\" data-end=\"626\">Modelo:<\/strong> Colar Tiffany &amp; Co. Azul em Prata<\/p>\n<\/li>\n<li data-start=\"663\" data-end=\"712\">\n<p data-start=\"665\" data-end=\"712\"><strong data-start=\"665\" data-end=\"693\">Comprimento da Corrente:<\/strong> 45cm (ajust\u00e1vel)<\/p>\n<\/li>\n<li data-start=\"713\" data-end=\"772\">\n<p data-start=\"715\" data-end=\"772\"><strong data-start=\"715\" data-end=\"728\">Pingente:<\/strong> Medalha redonda esmaltada em azul Tiffany<\/p>\n<\/li>\n<li data-start=\"773\" data-end=\"809\">\n<p data-start=\"775\" data-end=\"809\"><strong data-start=\"775\" data-end=\"788\">Material:<\/strong> Prata 925 leg\u00edtima<\/p>\n<\/li>\n<li data-start=\"810\" data-end=\"846\">\n<p data-start=\"812\" data-end=\"846\"><strong data-start=\"812\" data-end=\"827\">Acabamento:<\/strong> Polido brilhante<\/p>\n<\/li>\n<li data-start=\"847\" data-end=\"871\">\n<p data-start=\"849\" data-end=\"871\"><strong data-start=\"849\" data-end=\"860\">G\u00eanero:<\/strong> Feminino<\/p>\n<\/li>\n<li data-start=\"872\" data-end=\"897\">\n<p data-start=\"874\" data-end=\"897\"><strong data-start=\"874\" data-end=\"883\">Peso:<\/strong> Aprox. 2,5g<\/p>\n<\/li>\n<\/ul>\n<hr data-start=\"899\" data-end=\"902\">\n<h3 data-start=\"904\" data-end=\"919\">Garantia:<\/h3>\n<p data-start=\"920\" data-end=\"1172\">Todos os colares em <strong data-start=\"940\" data-end=\"953\">Prata 925<\/strong> acompanham <strong data-start=\"965\" data-end=\"1009\">Certificado de Garantia de Autenticidade<\/strong>, assegurando a <strong data-start=\"1025\" data-end=\"1043\">dura\u00e7\u00e3o eterna<\/strong> do material. Diferente das bijuterias, pe\u00e7as em Prata 925 preservam brilho e valor por toda a vida, assim como o <strong data-start=\"1157\" data-end=\"1169\">Ouro 18k<\/strong>.<\/p>","protected":false},"excerpt":{"rendered":"<p>Detalhes do Produto: Colar inspirado no cl\u00e1ssico estilo Tiffany &amp; Co., confeccionado em Prata 925 leg\u00edtima, com corrente delicada e pingente redondo esmaltado em azul&#8230;<\/p>","protected":false},"featured_media":4820,"comment_status":"open","ping_status":"closed","template":"","meta":[],"etheme_brands":[],"product_brand":[],"product_cat":[106,93],"product_tag":[133],"class_list":{"0":"post-4821","1":"product","2":"type-product","3":"status-publish","4":"has-post-thumbnail","6":"product_cat-categoriacolarescolar-feminino","7":"product_cat-categoriacolares","8":"product_tag-uze-pratas","10":"first","11":"outofstock","12":"shipping-taxable","13":"product-type-variable"},"_links":{"self":[{"href":"https:\/\/agenciausphot.com\/uze\/en\/wp-json\/wp\/v2\/product\/4821","targetHints":{"allow":["GET"]}}],"collection":[{"href":"https:\/\/agenciausphot.com\/uze\/en\/wp-json\/wp\/v2\/product"}],"about":[{"href":"https:\/\/agenciausphot.com\/uze\/en\/wp-json\/wp\/v2\/types\/product"}],"replies":[{"embeddable":true,"href":"https:\/\/agenciausphot.com\/uze\/en\/wp-json\/wp\/v2\/comments?post=4821"}],"version-history":[{"count":1,"href":"https:\/\/agenciausphot.com\/uze\/en\/wp-json\/wp\/v2\/product\/4821\/revisions"}],"predecessor-version":[{"id":5909,"href":"https:\/\/agenciausphot.com\/uze\/en\/wp-json\/wp\/v2\/product\/4821\/revisions\/5909"}],"wp:featuredmedia":[{"embeddable":true,"href":"https:\/\/agenciausphot.com\/uze\/en\/wp-json\/wp\/v2\/media\/4820"}],"wp:attachment":[{"href":"https:\/\/agenciausphot.com\/uze\/en\/wp-json\/wp\/v2\/media?parent=4821"}],"wp:term":[{"taxonomy":"brand","embeddable":true,"href":"https:\/\/agenciausphot.com\/uze\/en\/wp-json\/wp\/v2\/etheme_brands?post=4821"},{"taxonomy":"product_brand","embeddable":true,"href":"https:\/\/agenciausphot.com\/uze\/en\/wp-json\/wp\/v2\/product_brand?post=4821"},{"taxonomy":"product_cat","embeddable":true,"href":"https:\/\/agenciausphot.com\/uze\/en\/wp-json\/wp\/v2\/product_cat?post=4821"},{"taxonomy":"product_tag","embeddable":true,"href":"https:\/\/agenciausphot.com\/uze\/en\/wp-json\/wp\/v2\/product_tag?post=4821"}],"curies":[{"name":"wp","href":"https:\/\/api.w.org\/{rel}","templated":true}]}}