{"id":4817,"date":"2025-10-29T13:03:42","date_gmt":"2025-10-29T13:03:42","guid":{"rendered":"https:\/\/agenciausphot.com\/uze\/produto\/colar-coracoes-trevo-cravejado\/"},"modified":"2025-11-04T20:40:42","modified_gmt":"2025-11-04T20:40:42","slug":"colar-coracoes-trevo-cravejado","status":"publish","type":"product","link":"https:\/\/agenciausphot.com\/uze\/en\/product\/colar-coracoes-trevo-cravejado\/","title":{"rendered":"Colar cora\u00e7\u00f5es trevo cravejado"},"content":{"rendered":"<h3 data-start=\"108\" data-end=\"134\">Detalhes do Produto:<\/h3>\n<p data-start=\"135\" data-end=\"554\">Colar em <strong data-start=\"144\" data-end=\"166\">Prata 925 leg\u00edtima<\/strong>, com corrente delicada e pingente em formato de <strong data-start=\"215\" data-end=\"241\">trevo de quatro folhas<\/strong>, formado por cora\u00e7\u00f5es. Cada cora\u00e7\u00e3o \u00e9 <strong data-start=\"280\" data-end=\"315\">cravejado com zirc\u00f4nias cristal<\/strong>, criando um brilho intenso e sofisticado que transforma a pe\u00e7a em uma joia cheia de charme e significado. O trevo \u00e9 s\u00edmbolo de sorte, f\u00e9, amor e esperan\u00e7a, tornando este colar perfeito para uso di\u00e1rio ou para presentear algu\u00e9m especial.<\/p>\n<p data-start=\"556\" data-end=\"676\">As pratas 925 possuem <strong data-start=\"578\" data-end=\"600\">garantia vital\u00edcia<\/strong>, reconhecidas por sua resist\u00eancia, qualidade e excelente custo-benef\u00edcio.<\/p>\n<hr data-start=\"678\" data-end=\"681\">\n<h3 data-start=\"683\" data-end=\"715\">Especifica\u00e7\u00f5es do produto:<\/h3>\n<ul data-start=\"716\" data-end=\"1000\">\n<li data-start=\"716\" data-end=\"762\">\n<p data-start=\"718\" data-end=\"762\"><strong data-start=\"718\" data-end=\"729\">Modelo:<\/strong> Colar Cora\u00e7\u00f5es Trevo Cravejado<\/p>\n<\/li>\n<li data-start=\"763\" data-end=\"812\">\n<p data-start=\"765\" data-end=\"812\"><strong data-start=\"765\" data-end=\"793\">Comprimento da Corrente:<\/strong> 45cm (ajust\u00e1vel)<\/p>\n<\/li>\n<li data-start=\"813\" data-end=\"868\">\n<p data-start=\"815\" data-end=\"868\"><strong data-start=\"815\" data-end=\"828\">Pingente:<\/strong> Trevo formado por cora\u00e7\u00f5es cravejados<\/p>\n<\/li>\n<li data-start=\"869\" data-end=\"912\">\n<p data-start=\"871\" data-end=\"912\"><strong data-start=\"871\" data-end=\"886\">Dim. Pedra:<\/strong> 1mm (zirc\u00f4nias cristal)<\/p>\n<\/li>\n<li data-start=\"913\" data-end=\"949\">\n<p data-start=\"915\" data-end=\"949\"><strong data-start=\"915\" data-end=\"928\">Material:<\/strong> Prata 925 leg\u00edtima<\/p>\n<\/li>\n<li data-start=\"950\" data-end=\"974\">\n<p data-start=\"952\" data-end=\"974\"><strong data-start=\"952\" data-end=\"963\">G\u00eanero:<\/strong> Feminino<\/p>\n<\/li>\n<li data-start=\"975\" data-end=\"1000\">\n<p data-start=\"977\" data-end=\"1000\"><strong data-start=\"977\" data-end=\"986\">Peso:<\/strong> Aprox. 2,1g<\/p>\n<\/li>\n<\/ul>\n<hr data-start=\"1002\" data-end=\"1005\">\n<h3 data-start=\"1007\" data-end=\"1022\">Garantia:<\/h3>\n<p data-start=\"1023\" data-end=\"1275\">Todos os colares em <strong data-start=\"1043\" data-end=\"1056\">Prata 925<\/strong> acompanham <strong data-start=\"1068\" data-end=\"1112\">Certificado de Garantia de Autenticidade<\/strong>, assegurando a <strong data-start=\"1128\" data-end=\"1146\">dura\u00e7\u00e3o eterna<\/strong> do material. Diferente das bijuterias, pe\u00e7as em Prata 925 preservam brilho e valor por toda a vida, assim como o <strong data-start=\"1260\" data-end=\"1272\">Ouro 18k<\/strong>.<\/p>","protected":false},"excerpt":{"rendered":"<p>Detalhes do Produto: Colar em Prata 925 leg\u00edtima, com corrente delicada e pingente em formato de trevo de quatro folhas, formado por cora\u00e7\u00f5es. Cada cora\u00e7\u00e3o&#8230;<\/p>","protected":false},"featured_media":4816,"comment_status":"open","ping_status":"closed","template":"","meta":[],"etheme_brands":[],"product_brand":[],"product_cat":[106,93],"product_tag":[133],"class_list":{"0":"post-4817","1":"product","2":"type-product","3":"status-publish","4":"has-post-thumbnail","6":"product_cat-categoriacolarescolar-feminino","7":"product_cat-categoriacolares","8":"product_tag-uze-pratas","10":"first","11":"outofstock","12":"shipping-taxable","13":"product-type-variable"},"_links":{"self":[{"href":"https:\/\/agenciausphot.com\/uze\/en\/wp-json\/wp\/v2\/product\/4817","targetHints":{"allow":["GET"]}}],"collection":[{"href":"https:\/\/agenciausphot.com\/uze\/en\/wp-json\/wp\/v2\/product"}],"about":[{"href":"https:\/\/agenciausphot.com\/uze\/en\/wp-json\/wp\/v2\/types\/product"}],"replies":[{"embeddable":true,"href":"https:\/\/agenciausphot.com\/uze\/en\/wp-json\/wp\/v2\/comments?post=4817"}],"version-history":[{"count":1,"href":"https:\/\/agenciausphot.com\/uze\/en\/wp-json\/wp\/v2\/product\/4817\/revisions"}],"predecessor-version":[{"id":5907,"href":"https:\/\/agenciausphot.com\/uze\/en\/wp-json\/wp\/v2\/product\/4817\/revisions\/5907"}],"wp:featuredmedia":[{"embeddable":true,"href":"https:\/\/agenciausphot.com\/uze\/en\/wp-json\/wp\/v2\/media\/4816"}],"wp:attachment":[{"href":"https:\/\/agenciausphot.com\/uze\/en\/wp-json\/wp\/v2\/media?parent=4817"}],"wp:term":[{"taxonomy":"brand","embeddable":true,"href":"https:\/\/agenciausphot.com\/uze\/en\/wp-json\/wp\/v2\/etheme_brands?post=4817"},{"taxonomy":"product_brand","embeddable":true,"href":"https:\/\/agenciausphot.com\/uze\/en\/wp-json\/wp\/v2\/product_brand?post=4817"},{"taxonomy":"product_cat","embeddable":true,"href":"https:\/\/agenciausphot.com\/uze\/en\/wp-json\/wp\/v2\/product_cat?post=4817"},{"taxonomy":"product_tag","embeddable":true,"href":"https:\/\/agenciausphot.com\/uze\/en\/wp-json\/wp\/v2\/product_tag?post=4817"}],"curies":[{"name":"wp","href":"https:\/\/api.w.org\/{rel}","templated":true}]}}