{"id":4815,"date":"2025-10-29T13:03:41","date_gmt":"2025-10-29T13:03:41","guid":{"rendered":"https:\/\/agenciausphot.com\/uze\/produto\/colar-pingente-3-zirconias\/"},"modified":"2025-11-04T20:40:41","modified_gmt":"2025-11-04T20:40:41","slug":"colar-pingente-3-zirconias","status":"publish","type":"product","link":"https:\/\/agenciausphot.com\/uze\/en\/product\/colar-pingente-3-zirconias\/","title":{"rendered":"Colar pingente 3 zirc\u00f4nias"},"content":{"rendered":"<h3 data-start=\"108\" data-end=\"134\">Detalhes do Produto:<\/h3>\n<p data-start=\"135\" data-end=\"526\">Colar em <strong data-start=\"144\" data-end=\"166\">Prata 925 leg\u00edtima<\/strong>, com corrente delicada e pingente formado por <strong data-start=\"213\" data-end=\"244\">tr\u00eas zirc\u00f4nias em sequ\u00eancia<\/strong>, em corte redondo, que refletem brilho intenso e sofisticado. O design minimalista e elegante torna a pe\u00e7a vers\u00e1til, perfeita para iluminar o visual no dia a dia ou em ocasi\u00f5es especiais. Uma joia delicada e atemporal, ideal para quem busca estilo e sofistica\u00e7\u00e3o em cada detalhe.<\/p>\n<p data-start=\"528\" data-end=\"648\">As pratas 925 possuem <strong data-start=\"550\" data-end=\"572\">garantia vital\u00edcia<\/strong>, reconhecidas por sua resist\u00eancia, qualidade e excelente custo-benef\u00edcio.<\/p>\n<hr data-start=\"650\" data-end=\"653\">\n<h3 data-start=\"655\" data-end=\"687\">Especifica\u00e7\u00f5es do produto:<\/h3>\n<ul data-start=\"688\" data-end=\"971\">\n<li data-start=\"688\" data-end=\"730\">\n<p data-start=\"690\" data-end=\"730\"><strong data-start=\"690\" data-end=\"701\">Modelo:<\/strong> Colar Pingente 3 Zirc\u00f4nias<\/p>\n<\/li>\n<li data-start=\"731\" data-end=\"780\">\n<p data-start=\"733\" data-end=\"780\"><strong data-start=\"733\" data-end=\"761\">Comprimento da Corrente:<\/strong> 45cm (ajust\u00e1vel)<\/p>\n<\/li>\n<li data-start=\"781\" data-end=\"826\">\n<p data-start=\"783\" data-end=\"826\"><strong data-start=\"783\" data-end=\"796\">Pingente:<\/strong> Tr\u00eas zirc\u00f4nias em sequ\u00eancia<\/p>\n<\/li>\n<li data-start=\"827\" data-end=\"883\">\n<p data-start=\"829\" data-end=\"883\"><strong data-start=\"829\" data-end=\"844\">Dim. Pedra:<\/strong> 4mm (central) + 3mm e 2mm (laterais)<\/p>\n<\/li>\n<li data-start=\"884\" data-end=\"920\">\n<p data-start=\"886\" data-end=\"920\"><strong data-start=\"886\" data-end=\"899\">Material:<\/strong> Prata 925 leg\u00edtima<\/p>\n<\/li>\n<li data-start=\"921\" data-end=\"945\">\n<p data-start=\"923\" data-end=\"945\"><strong data-start=\"923\" data-end=\"934\">G\u00eanero:<\/strong> Feminino<\/p>\n<\/li>\n<li data-start=\"946\" data-end=\"971\">\n<p data-start=\"948\" data-end=\"971\"><strong data-start=\"948\" data-end=\"957\">Peso:<\/strong> Aprox. 2,0g<\/p>\n<\/li>\n<\/ul>\n<hr data-start=\"973\" data-end=\"976\">\n<h3 data-start=\"978\" data-end=\"993\">Garantia:<\/h3>\n<p data-start=\"994\" data-end=\"1246\">Todos os colares em <strong data-start=\"1014\" data-end=\"1027\">Prata 925<\/strong> acompanham <strong data-start=\"1039\" data-end=\"1083\">Certificado de Garantia de Autenticidade<\/strong>, assegurando a <strong data-start=\"1099\" data-end=\"1117\">dura\u00e7\u00e3o eterna<\/strong> do material. Diferente das bijuterias, pe\u00e7as em Prata 925 preservam brilho e valor por toda a vida, assim como o <strong data-start=\"1231\" data-end=\"1243\">Ouro 18k<\/strong>.<\/p>","protected":false},"excerpt":{"rendered":"<p>Detalhes do Produto: Colar em Prata 925 leg\u00edtima, com corrente delicada e pingente formado por tr\u00eas zirc\u00f4nias em sequ\u00eancia, em corte redondo, que refletem brilho&#8230;<\/p>","protected":false},"featured_media":4814,"comment_status":"open","ping_status":"closed","template":"","meta":[],"etheme_brands":[],"product_brand":[],"product_cat":[106,93],"product_tag":[133],"class_list":{"0":"post-4815","1":"product","2":"type-product","3":"status-publish","4":"has-post-thumbnail","6":"product_cat-categoriacolarescolar-feminino","7":"product_cat-categoriacolares","8":"product_tag-uze-pratas","10":"first","11":"outofstock","12":"shipping-taxable","13":"product-type-variable"},"_links":{"self":[{"href":"https:\/\/agenciausphot.com\/uze\/en\/wp-json\/wp\/v2\/product\/4815","targetHints":{"allow":["GET"]}}],"collection":[{"href":"https:\/\/agenciausphot.com\/uze\/en\/wp-json\/wp\/v2\/product"}],"about":[{"href":"https:\/\/agenciausphot.com\/uze\/en\/wp-json\/wp\/v2\/types\/product"}],"replies":[{"embeddable":true,"href":"https:\/\/agenciausphot.com\/uze\/en\/wp-json\/wp\/v2\/comments?post=4815"}],"version-history":[{"count":1,"href":"https:\/\/agenciausphot.com\/uze\/en\/wp-json\/wp\/v2\/product\/4815\/revisions"}],"predecessor-version":[{"id":5906,"href":"https:\/\/agenciausphot.com\/uze\/en\/wp-json\/wp\/v2\/product\/4815\/revisions\/5906"}],"wp:featuredmedia":[{"embeddable":true,"href":"https:\/\/agenciausphot.com\/uze\/en\/wp-json\/wp\/v2\/media\/4814"}],"wp:attachment":[{"href":"https:\/\/agenciausphot.com\/uze\/en\/wp-json\/wp\/v2\/media?parent=4815"}],"wp:term":[{"taxonomy":"brand","embeddable":true,"href":"https:\/\/agenciausphot.com\/uze\/en\/wp-json\/wp\/v2\/etheme_brands?post=4815"},{"taxonomy":"product_brand","embeddable":true,"href":"https:\/\/agenciausphot.com\/uze\/en\/wp-json\/wp\/v2\/product_brand?post=4815"},{"taxonomy":"product_cat","embeddable":true,"href":"https:\/\/agenciausphot.com\/uze\/en\/wp-json\/wp\/v2\/product_cat?post=4815"},{"taxonomy":"product_tag","embeddable":true,"href":"https:\/\/agenciausphot.com\/uze\/en\/wp-json\/wp\/v2\/product_tag?post=4815"}],"curies":[{"name":"wp","href":"https:\/\/api.w.org\/{rel}","templated":true}]}}