{"id":4813,"date":"2025-10-29T13:03:39","date_gmt":"2025-10-29T13:03:39","guid":{"rendered":"https:\/\/agenciausphot.com\/uze\/produto\/colar-bolinhas-com-a-medalha-sao-bento\/"},"modified":"2025-11-04T20:40:41","modified_gmt":"2025-11-04T20:40:41","slug":"colar-bolinhas-com-a-medalha-sao-bento","status":"publish","type":"product","link":"https:\/\/agenciausphot.com\/uze\/en\/product\/colar-bolinhas-com-a-medalha-sao-bento\/","title":{"rendered":"Colar bolinhas com a medalha s\u00e3o bento"},"content":{"rendered":"<h3 data-start=\"120\" data-end=\"146\">Detalhes do Produto:<\/h3>\n<p data-start=\"147\" data-end=\"582\">Colar em <strong data-start=\"156\" data-end=\"178\">Prata 925 leg\u00edtima<\/strong>, com corrente de <strong data-start=\"196\" data-end=\"218\">bolinhas delicadas<\/strong> e pingente em formato de <strong data-start=\"244\" data-end=\"268\">medalha de S\u00e3o Bento<\/strong>, um dos maiores s\u00edmbolos de f\u00e9, prote\u00e7\u00e3o e b\u00ean\u00e7\u00e3os espirituais. A medalha traz em seus dois lados os detalhes tradicionais da ora\u00e7\u00e3o de S\u00e3o Bento, com acabamento polido que garante brilho e sofistica\u00e7\u00e3o. Uma joia de devo\u00e7\u00e3o, perfeita para uso di\u00e1rio ou para presentear algu\u00e9m especial com significado religioso.<\/p>\n<p data-start=\"584\" data-end=\"704\">As pratas 925 possuem <strong data-start=\"606\" data-end=\"628\">garantia vital\u00edcia<\/strong>, reconhecidas por sua resist\u00eancia, qualidade e excelente custo-benef\u00edcio.<\/p>\n<hr data-start=\"706\" data-end=\"709\">\n<h3 data-start=\"711\" data-end=\"743\">Especifica\u00e7\u00f5es do produto:<\/h3>\n<ul data-start=\"744\" data-end=\"1015\">\n<li data-start=\"744\" data-end=\"802\">\n<p data-start=\"746\" data-end=\"802\"><strong data-start=\"746\" data-end=\"757\">Modelo:<\/strong> Colar de Bolinhas com Medalha de S\u00e3o Bento<\/p>\n<\/li>\n<li data-start=\"803\" data-end=\"852\">\n<p data-start=\"805\" data-end=\"852\"><strong data-start=\"805\" data-end=\"833\">Comprimento da Corrente:<\/strong> 45cm (ajust\u00e1vel)<\/p>\n<\/li>\n<li data-start=\"853\" data-end=\"891\">\n<p data-start=\"855\" data-end=\"891\"><strong data-start=\"855\" data-end=\"868\">Pingente:<\/strong> Medalha de S\u00e3o Bento<\/p>\n<\/li>\n<li data-start=\"892\" data-end=\"928\">\n<p data-start=\"894\" data-end=\"928\"><strong data-start=\"894\" data-end=\"907\">Corrente:<\/strong> Bolinhas delicadas<\/p>\n<\/li>\n<li data-start=\"929\" data-end=\"965\">\n<p data-start=\"931\" data-end=\"965\"><strong data-start=\"931\" data-end=\"944\">Material:<\/strong> Prata 925 leg\u00edtima<\/p>\n<\/li>\n<li data-start=\"966\" data-end=\"989\">\n<p data-start=\"968\" data-end=\"989\"><strong data-start=\"968\" data-end=\"979\">G\u00eanero:<\/strong> Unissex<\/p>\n<\/li>\n<li data-start=\"990\" data-end=\"1015\">\n<p data-start=\"992\" data-end=\"1015\"><strong data-start=\"992\" data-end=\"1001\">Peso:<\/strong> Aprox. 3,0g<\/p>\n<\/li>\n<\/ul>\n<hr data-start=\"1017\" data-end=\"1020\">\n<h3 data-start=\"1022\" data-end=\"1037\">Garantia:<\/h3>\n<p data-start=\"1038\" data-end=\"1303\">Todos os colares em <strong data-start=\"1058\" data-end=\"1071\">Prata 925<\/strong> acompanham <strong data-start=\"1083\" data-end=\"1127\">Certificado de Garantia de Autenticidade<\/strong>, assegurando a <strong data-start=\"1143\" data-end=\"1161\">dura\u00e7\u00e3o eterna<\/strong> do material. Diferente das bijuterias, pe\u00e7as em Prata 925 preservam brilho, valor e significado por toda a vida, assim como o <strong data-start=\"1288\" data-end=\"1300\">Ouro 18k<\/strong>.<\/p>\n<hr data-start=\"1305\" data-end=\"1310\">\n<p data-start=\"1312\" data-end=\"1477\" data-is-last-node=\"\" data-is-only-node=\"\">","protected":false},"excerpt":{"rendered":"<p>Detalhes do Produto: Colar em Prata 925 leg\u00edtima, com corrente de bolinhas delicadas e pingente em formato de medalha de S\u00e3o Bento, um dos maiores&#8230;<\/p>","protected":false},"featured_media":4812,"comment_status":"open","ping_status":"closed","template":"","meta":[],"etheme_brands":[],"product_brand":[],"product_cat":[106,93],"product_tag":[133],"class_list":{"0":"post-4813","1":"product","2":"type-product","3":"status-publish","4":"has-post-thumbnail","6":"product_cat-categoriacolarescolar-feminino","7":"product_cat-categoriacolares","8":"product_tag-uze-pratas","10":"first","11":"outofstock","12":"shipping-taxable","13":"product-type-variable"},"_links":{"self":[{"href":"https:\/\/agenciausphot.com\/uze\/en\/wp-json\/wp\/v2\/product\/4813","targetHints":{"allow":["GET"]}}],"collection":[{"href":"https:\/\/agenciausphot.com\/uze\/en\/wp-json\/wp\/v2\/product"}],"about":[{"href":"https:\/\/agenciausphot.com\/uze\/en\/wp-json\/wp\/v2\/types\/product"}],"replies":[{"embeddable":true,"href":"https:\/\/agenciausphot.com\/uze\/en\/wp-json\/wp\/v2\/comments?post=4813"}],"version-history":[{"count":1,"href":"https:\/\/agenciausphot.com\/uze\/en\/wp-json\/wp\/v2\/product\/4813\/revisions"}],"predecessor-version":[{"id":5905,"href":"https:\/\/agenciausphot.com\/uze\/en\/wp-json\/wp\/v2\/product\/4813\/revisions\/5905"}],"wp:featuredmedia":[{"embeddable":true,"href":"https:\/\/agenciausphot.com\/uze\/en\/wp-json\/wp\/v2\/media\/4812"}],"wp:attachment":[{"href":"https:\/\/agenciausphot.com\/uze\/en\/wp-json\/wp\/v2\/media?parent=4813"}],"wp:term":[{"taxonomy":"brand","embeddable":true,"href":"https:\/\/agenciausphot.com\/uze\/en\/wp-json\/wp\/v2\/etheme_brands?post=4813"},{"taxonomy":"product_brand","embeddable":true,"href":"https:\/\/agenciausphot.com\/uze\/en\/wp-json\/wp\/v2\/product_brand?post=4813"},{"taxonomy":"product_cat","embeddable":true,"href":"https:\/\/agenciausphot.com\/uze\/en\/wp-json\/wp\/v2\/product_cat?post=4813"},{"taxonomy":"product_tag","embeddable":true,"href":"https:\/\/agenciausphot.com\/uze\/en\/wp-json\/wp\/v2\/product_tag?post=4813"}],"curies":[{"name":"wp","href":"https:\/\/api.w.org\/{rel}","templated":true}]}}