{"id":4809,"date":"2025-10-29T13:03:37","date_gmt":"2025-10-29T13:03:37","guid":{"rendered":"https:\/\/agenciausphot.com\/uze\/produto\/colar-letra-c\/"},"modified":"2025-11-04T20:40:39","modified_gmt":"2025-11-04T20:40:39","slug":"colar-letra-c","status":"publish","type":"product","link":"https:\/\/agenciausphot.com\/uze\/en\/product\/colar-letra-c\/","title":{"rendered":"Colar letra c"},"content":{"rendered":"<h3 data-start=\"91\" data-end=\"117\">Detalhes do Produto:<\/h3>\n<p data-start=\"118\" data-end=\"474\">Colar em <strong data-start=\"127\" data-end=\"149\">Prata 925 leg\u00edtima<\/strong>, com corrente delicada e pingente em formato da <strong data-start=\"198\" data-end=\"209\">letra C<\/strong>, ideal para representar iniciais de nomes, palavras ou significados especiais. O design minimalista e sofisticado combina versatilidade e eleg\u00e2ncia, tornando a pe\u00e7a perfeita para uso di\u00e1rio ou para presentear algu\u00e9m querido com um acess\u00f3rio cheio de significado.<\/p>\n<p data-start=\"476\" data-end=\"596\">As pratas 925 possuem <strong data-start=\"498\" data-end=\"520\">garantia vital\u00edcia<\/strong>, reconhecidas por sua qualidade, resist\u00eancia e excelente custo-benef\u00edcio.<\/p>\n<hr data-start=\"598\" data-end=\"601\">\n<h3 data-start=\"603\" data-end=\"635\">Especifica\u00e7\u00f5es do produto:<\/h3>\n<ul data-start=\"636\" data-end=\"837\">\n<li data-start=\"636\" data-end=\"674\">\n<p data-start=\"638\" data-end=\"674\"><strong data-start=\"638\" data-end=\"649\">Modelo:<\/strong> Colar Letra C em Prata<\/p>\n<\/li>\n<li data-start=\"675\" data-end=\"724\">\n<p data-start=\"677\" data-end=\"724\"><strong data-start=\"677\" data-end=\"705\">Comprimento da Corrente:<\/strong> 45cm (ajust\u00e1vel)<\/p>\n<\/li>\n<li data-start=\"725\" data-end=\"750\">\n<p data-start=\"727\" data-end=\"750\"><strong data-start=\"727\" data-end=\"740\">Pingente:<\/strong> Letra C<\/p>\n<\/li>\n<li data-start=\"751\" data-end=\"787\">\n<p data-start=\"753\" data-end=\"787\"><strong data-start=\"753\" data-end=\"766\">Material:<\/strong> Prata 925 leg\u00edtima<\/p>\n<\/li>\n<li data-start=\"788\" data-end=\"811\">\n<p data-start=\"790\" data-end=\"811\"><strong data-start=\"790\" data-end=\"801\">G\u00eanero:<\/strong> Unissex<\/p>\n<\/li>\n<li data-start=\"812\" data-end=\"837\">\n<p data-start=\"814\" data-end=\"837\"><strong data-start=\"814\" data-end=\"823\">Peso:<\/strong> Aprox. 2,0g<\/p>\n<\/li>\n<\/ul>\n<hr data-start=\"839\" data-end=\"842\">\n<h3 data-start=\"844\" data-end=\"859\">Garantia:<\/h3>\n<p data-start=\"860\" data-end=\"1116\">Todos os colares em <strong data-start=\"880\" data-end=\"893\">Prata 925<\/strong> acompanham <strong data-start=\"905\" data-end=\"949\">Certificado de Garantia de Autenticidade<\/strong>, assegurando a <strong data-start=\"965\" data-end=\"983\">dura\u00e7\u00e3o eterna<\/strong> do material. Diferente das bijuterias, pe\u00e7as em Prata 925 preservam seu brilho e valor por toda a vida, assim como o <strong data-start=\"1101\" data-end=\"1113\">Ouro 18k<\/strong>.<\/p>","protected":false},"excerpt":{"rendered":"<p>Detalhes do Produto: Colar em Prata 925 leg\u00edtima, com corrente delicada e pingente em formato da letra C, ideal para representar iniciais de nomes, palavras&#8230;<\/p>","protected":false},"featured_media":4808,"comment_status":"open","ping_status":"closed","template":"","meta":[],"etheme_brands":[],"product_brand":[],"product_cat":[106,93],"product_tag":[133],"class_list":{"0":"post-4809","1":"product","2":"type-product","3":"status-publish","4":"has-post-thumbnail","6":"product_cat-categoriacolarescolar-feminino","7":"product_cat-categoriacolares","8":"product_tag-uze-pratas","10":"first","11":"outofstock","12":"shipping-taxable","13":"product-type-variable"},"_links":{"self":[{"href":"https:\/\/agenciausphot.com\/uze\/en\/wp-json\/wp\/v2\/product\/4809","targetHints":{"allow":["GET"]}}],"collection":[{"href":"https:\/\/agenciausphot.com\/uze\/en\/wp-json\/wp\/v2\/product"}],"about":[{"href":"https:\/\/agenciausphot.com\/uze\/en\/wp-json\/wp\/v2\/types\/product"}],"replies":[{"embeddable":true,"href":"https:\/\/agenciausphot.com\/uze\/en\/wp-json\/wp\/v2\/comments?post=4809"}],"version-history":[{"count":1,"href":"https:\/\/agenciausphot.com\/uze\/en\/wp-json\/wp\/v2\/product\/4809\/revisions"}],"predecessor-version":[{"id":5903,"href":"https:\/\/agenciausphot.com\/uze\/en\/wp-json\/wp\/v2\/product\/4809\/revisions\/5903"}],"wp:featuredmedia":[{"embeddable":true,"href":"https:\/\/agenciausphot.com\/uze\/en\/wp-json\/wp\/v2\/media\/4808"}],"wp:attachment":[{"href":"https:\/\/agenciausphot.com\/uze\/en\/wp-json\/wp\/v2\/media?parent=4809"}],"wp:term":[{"taxonomy":"brand","embeddable":true,"href":"https:\/\/agenciausphot.com\/uze\/en\/wp-json\/wp\/v2\/etheme_brands?post=4809"},{"taxonomy":"product_brand","embeddable":true,"href":"https:\/\/agenciausphot.com\/uze\/en\/wp-json\/wp\/v2\/product_brand?post=4809"},{"taxonomy":"product_cat","embeddable":true,"href":"https:\/\/agenciausphot.com\/uze\/en\/wp-json\/wp\/v2\/product_cat?post=4809"},{"taxonomy":"product_tag","embeddable":true,"href":"https:\/\/agenciausphot.com\/uze\/en\/wp-json\/wp\/v2\/product_tag?post=4809"}],"curies":[{"name":"wp","href":"https:\/\/api.w.org\/{rel}","templated":true}]}}