{"id":4807,"date":"2025-10-29T13:03:35","date_gmt":"2025-10-29T13:03:35","guid":{"rendered":"https:\/\/agenciausphot.com\/uze\/produto\/colar-letra-n\/"},"modified":"2026-01-12T15:14:57","modified_gmt":"2026-01-12T15:14:57","slug":"colar-letra-n","status":"publish","type":"product","link":"https:\/\/agenciausphot.com\/uze\/en\/product\/colar-letra-n\/","title":{"rendered":"Colar letra n"},"content":{"rendered":"<h3 data-start=\"91\" data-end=\"117\">Detalhes do Produto:<\/h3>\n<p data-start=\"118\" data-end=\"457\">Colar em <strong data-start=\"127\" data-end=\"149\">Prata 925 leg\u00edtima<\/strong>, com corrente delicada e pingente em formato da <strong data-start=\"198\" data-end=\"209\">letra N<\/strong>, ideal para representar iniciais de nomes, palavras ou sentimentos especiais. O design elegante e minimalista garante sofistica\u00e7\u00e3o e versatilidade, tornando a pe\u00e7a perfeita tanto para uso di\u00e1rio quanto para presentear com um toque personalizado.<\/p>\n<p data-start=\"459\" data-end=\"579\">As pratas 925 possuem <strong data-start=\"481\" data-end=\"503\">garantia vital\u00edcia<\/strong>, reconhecidas por sua qualidade, resist\u00eancia e excelente custo-benef\u00edcio.<\/p>\n<hr data-start=\"581\" data-end=\"584\">\n<h3 data-start=\"586\" data-end=\"618\">Especifica\u00e7\u00f5es do produto:<\/h3>\n<ul data-start=\"619\" data-end=\"820\">\n<li data-start=\"619\" data-end=\"657\">\n<p data-start=\"621\" data-end=\"657\"><strong data-start=\"621\" data-end=\"632\">Modelo:<\/strong> Colar Letra N em Prata<\/p>\n<\/li>\n<li data-start=\"658\" data-end=\"707\">\n<p data-start=\"660\" data-end=\"707\"><strong data-start=\"660\" data-end=\"688\">Comprimento da Corrente:<\/strong> 45cm (ajust\u00e1vel)<\/p>\n<\/li>\n<li data-start=\"708\" data-end=\"733\">\n<p data-start=\"710\" data-end=\"733\"><strong data-start=\"710\" data-end=\"723\">Pingente:<\/strong> Letra N<\/p>\n<\/li>\n<li data-start=\"734\" data-end=\"770\">\n<p data-start=\"736\" data-end=\"770\"><strong data-start=\"736\" data-end=\"749\">Material:<\/strong> Prata 925 leg\u00edtima<\/p>\n<\/li>\n<li data-start=\"771\" data-end=\"794\">\n<p data-start=\"773\" data-end=\"794\"><strong data-start=\"773\" data-end=\"784\">G\u00eanero:<\/strong> Unissex<\/p>\n<\/li>\n<li data-start=\"795\" data-end=\"820\">\n<p data-start=\"797\" data-end=\"820\"><strong data-start=\"797\" data-end=\"806\">Peso:<\/strong> Aprox. 2,0g<\/p>\n<\/li>\n<\/ul>\n<hr data-start=\"822\" data-end=\"825\">\n<h3 data-start=\"827\" data-end=\"842\">Garantia:<\/h3>\n<p data-start=\"843\" data-end=\"1095\">Todos os colares em <strong data-start=\"863\" data-end=\"876\">Prata 925<\/strong> acompanham <strong data-start=\"888\" data-end=\"932\">Certificado de Garantia de Autenticidade<\/strong>, assegurando a <strong data-start=\"948\" data-end=\"966\">dura\u00e7\u00e3o eterna<\/strong> do material. Diferente das bijuterias, pe\u00e7as em Prata 925 preservam brilho e valor por toda a vida, assim como o <strong data-start=\"1080\" data-end=\"1092\">Ouro 18k<\/strong>.<\/p>\n<hr data-start=\"1097\" data-end=\"1102\">\n<p data-start=\"1104\" data-end=\"1242\" data-is-last-node=\"\" data-is-only-node=\"\">","protected":false},"excerpt":{"rendered":"<p>Detalhes do Produto: Colar em Prata 925 leg\u00edtima, com corrente delicada e pingente em formato da letra N, ideal para representar iniciais de nomes, palavras&#8230;<\/p>","protected":false},"featured_media":4806,"comment_status":"open","ping_status":"closed","template":"","meta":[],"etheme_brands":[],"product_brand":[],"product_cat":[106,93],"product_tag":[133],"class_list":{"0":"post-4807","1":"product","2":"type-product","3":"status-publish","4":"has-post-thumbnail","6":"product_cat-categoriacolarescolar-feminino","7":"product_cat-categoriacolares","8":"product_tag-uze-pratas","10":"first","11":"outofstock","12":"shipping-taxable","13":"product-type-variable"},"_links":{"self":[{"href":"https:\/\/agenciausphot.com\/uze\/en\/wp-json\/wp\/v2\/product\/4807","targetHints":{"allow":["GET"]}}],"collection":[{"href":"https:\/\/agenciausphot.com\/uze\/en\/wp-json\/wp\/v2\/product"}],"about":[{"href":"https:\/\/agenciausphot.com\/uze\/en\/wp-json\/wp\/v2\/types\/product"}],"replies":[{"embeddable":true,"href":"https:\/\/agenciausphot.com\/uze\/en\/wp-json\/wp\/v2\/comments?post=4807"}],"version-history":[{"count":1,"href":"https:\/\/agenciausphot.com\/uze\/en\/wp-json\/wp\/v2\/product\/4807\/revisions"}],"predecessor-version":[{"id":5902,"href":"https:\/\/agenciausphot.com\/uze\/en\/wp-json\/wp\/v2\/product\/4807\/revisions\/5902"}],"wp:featuredmedia":[{"embeddable":true,"href":"https:\/\/agenciausphot.com\/uze\/en\/wp-json\/wp\/v2\/media\/4806"}],"wp:attachment":[{"href":"https:\/\/agenciausphot.com\/uze\/en\/wp-json\/wp\/v2\/media?parent=4807"}],"wp:term":[{"taxonomy":"brand","embeddable":true,"href":"https:\/\/agenciausphot.com\/uze\/en\/wp-json\/wp\/v2\/etheme_brands?post=4807"},{"taxonomy":"product_brand","embeddable":true,"href":"https:\/\/agenciausphot.com\/uze\/en\/wp-json\/wp\/v2\/product_brand?post=4807"},{"taxonomy":"product_cat","embeddable":true,"href":"https:\/\/agenciausphot.com\/uze\/en\/wp-json\/wp\/v2\/product_cat?post=4807"},{"taxonomy":"product_tag","embeddable":true,"href":"https:\/\/agenciausphot.com\/uze\/en\/wp-json\/wp\/v2\/product_tag?post=4807"}],"curies":[{"name":"wp","href":"https:\/\/api.w.org\/{rel}","templated":true}]}}