{"id":4799,"date":"2025-10-29T13:03:30","date_gmt":"2025-10-29T13:03:30","guid":{"rendered":"https:\/\/agenciausphot.com\/uze\/produto\/colar-flor-na-zirconia-cristal\/"},"modified":"2025-11-18T14:07:17","modified_gmt":"2025-11-18T14:07:17","slug":"colar-flor-na-zirconia-cristal","status":"publish","type":"product","link":"https:\/\/agenciausphot.com\/uze\/en\/product\/colar-flor-na-zirconia-cristal\/","title":{"rendered":"Colar flor na zirc\u00f4nia cristal"},"content":{"rendered":"<h3 data-start=\"108\" data-end=\"134\">Detalhes do Produto:<\/h3>\n<p data-start=\"135\" data-end=\"501\">Colar em <strong data-start=\"144\" data-end=\"166\">Prata 925 leg\u00edtima<\/strong>, com corrente delicada e pingente em formato de <strong data-start=\"215\" data-end=\"234\">flor estilizada<\/strong>, tendo como destaque uma <strong data-start=\"260\" data-end=\"288\">zirc\u00f4nia cristal central<\/strong> em corte redondo, que garante brilho intenso e delicado. O design une romantismo e sofistica\u00e7\u00e3o, tornando a joia perfeita para compor produ\u00e7\u00f5es femininas e elegantes, seja no dia a dia ou em ocasi\u00f5es especiais.<\/p>\n<p data-start=\"503\" data-end=\"623\">As pratas 925 possuem <strong data-start=\"525\" data-end=\"547\">garantia vital\u00edcia<\/strong>, reconhecidas por sua qualidade, resist\u00eancia e excelente custo-benef\u00edcio.<\/p>\n<hr data-start=\"625\" data-end=\"628\">\n<h3 data-start=\"630\" data-end=\"662\">Especifica\u00e7\u00f5es do produto:<\/h3>\n<ul data-start=\"663\" data-end=\"942\">\n<li data-start=\"663\" data-end=\"709\">\n<p data-start=\"665\" data-end=\"709\"><strong data-start=\"665\" data-end=\"676\">Modelo:<\/strong> Colar Flor na Zirc\u00f4nia Cristal<\/p>\n<\/li>\n<li data-start=\"710\" data-end=\"759\">\n<p data-start=\"712\" data-end=\"759\"><strong data-start=\"712\" data-end=\"740\">Comprimento da Corrente:<\/strong> 45cm (ajust\u00e1vel)<\/p>\n<\/li>\n<li data-start=\"760\" data-end=\"811\">\n<p data-start=\"762\" data-end=\"811\"><strong data-start=\"762\" data-end=\"775\">Pingente:<\/strong> Flor com zirc\u00f4nia cristal central<\/p>\n<\/li>\n<li data-start=\"812\" data-end=\"854\">\n<p data-start=\"814\" data-end=\"854\"><strong data-start=\"814\" data-end=\"829\">Dim. Pedra:<\/strong> 5mm (zirc\u00f4nia central)<\/p>\n<\/li>\n<li data-start=\"855\" data-end=\"891\">\n<p data-start=\"857\" data-end=\"891\"><strong data-start=\"857\" data-end=\"870\">Material:<\/strong> Prata 925 leg\u00edtima<\/p>\n<\/li>\n<li data-start=\"892\" data-end=\"916\">\n<p data-start=\"894\" data-end=\"916\"><strong data-start=\"894\" data-end=\"905\">G\u00eanero:<\/strong> Feminino<\/p>\n<\/li>\n<li data-start=\"917\" data-end=\"942\">\n<p data-start=\"919\" data-end=\"942\"><strong data-start=\"919\" data-end=\"928\">Peso:<\/strong> Aprox. 2,0g<\/p>\n<\/li>\n<\/ul>\n<hr data-start=\"944\" data-end=\"947\">\n<h3 data-start=\"949\" data-end=\"964\">Garantia:<\/h3>\n<p data-start=\"965\" data-end=\"1221\">Todos os colares em <strong data-start=\"985\" data-end=\"998\">Prata 925<\/strong> acompanham <strong data-start=\"1010\" data-end=\"1054\">Certificado de Garantia de Autenticidade<\/strong>, assegurando a <strong data-start=\"1070\" data-end=\"1088\">dura\u00e7\u00e3o eterna<\/strong> do material. Diferente das bijuterias, pe\u00e7as em Prata 925 preservam seu brilho e valor por toda a vida, assim como o <strong data-start=\"1206\" data-end=\"1218\">Ouro 18k<\/strong>.<\/p>","protected":false},"excerpt":{"rendered":"<p>Detalhes do Produto: Colar em Prata 925 leg\u00edtima, com corrente delicada e pingente em formato de flor estilizada, tendo como destaque uma zirc\u00f4nia cristal central&#8230;<\/p>","protected":false},"featured_media":4798,"comment_status":"open","ping_status":"closed","template":"","meta":[],"etheme_brands":[],"product_brand":[],"product_cat":[106,93],"product_tag":[133],"class_list":{"0":"post-4799","1":"product","2":"type-product","3":"status-publish","4":"has-post-thumbnail","6":"product_cat-categoriacolarescolar-feminino","7":"product_cat-categoriacolares","8":"product_tag-uze-pratas","10":"first","11":"outofstock","12":"shipping-taxable","13":"product-type-variable"},"_links":{"self":[{"href":"https:\/\/agenciausphot.com\/uze\/en\/wp-json\/wp\/v2\/product\/4799","targetHints":{"allow":["GET"]}}],"collection":[{"href":"https:\/\/agenciausphot.com\/uze\/en\/wp-json\/wp\/v2\/product"}],"about":[{"href":"https:\/\/agenciausphot.com\/uze\/en\/wp-json\/wp\/v2\/types\/product"}],"replies":[{"embeddable":true,"href":"https:\/\/agenciausphot.com\/uze\/en\/wp-json\/wp\/v2\/comments?post=4799"}],"version-history":[{"count":1,"href":"https:\/\/agenciausphot.com\/uze\/en\/wp-json\/wp\/v2\/product\/4799\/revisions"}],"predecessor-version":[{"id":5898,"href":"https:\/\/agenciausphot.com\/uze\/en\/wp-json\/wp\/v2\/product\/4799\/revisions\/5898"}],"wp:featuredmedia":[{"embeddable":true,"href":"https:\/\/agenciausphot.com\/uze\/en\/wp-json\/wp\/v2\/media\/4798"}],"wp:attachment":[{"href":"https:\/\/agenciausphot.com\/uze\/en\/wp-json\/wp\/v2\/media?parent=4799"}],"wp:term":[{"taxonomy":"brand","embeddable":true,"href":"https:\/\/agenciausphot.com\/uze\/en\/wp-json\/wp\/v2\/etheme_brands?post=4799"},{"taxonomy":"product_brand","embeddable":true,"href":"https:\/\/agenciausphot.com\/uze\/en\/wp-json\/wp\/v2\/product_brand?post=4799"},{"taxonomy":"product_cat","embeddable":true,"href":"https:\/\/agenciausphot.com\/uze\/en\/wp-json\/wp\/v2\/product_cat?post=4799"},{"taxonomy":"product_tag","embeddable":true,"href":"https:\/\/agenciausphot.com\/uze\/en\/wp-json\/wp\/v2\/product_tag?post=4799"}],"curies":[{"name":"wp","href":"https:\/\/api.w.org\/{rel}","templated":true}]}}