{"id":4793,"date":"2025-10-29T13:03:25","date_gmt":"2025-10-29T13:03:25","guid":{"rendered":"https:\/\/agenciausphot.com\/uze\/produto\/colar-ponto-de-luz-redondo-rosa\/"},"modified":"2025-11-14T19:23:45","modified_gmt":"2025-11-14T19:23:45","slug":"colar-ponto-de-luz-redondo-rosa","status":"publish","type":"product","link":"https:\/\/agenciausphot.com\/uze\/en\/product\/colar-ponto-de-luz-redondo-rosa\/","title":{"rendered":"Colar ponto de luz redondo rosa"},"content":{"rendered":"<h3 data-start=\"109\" data-end=\"135\">Detalhes do Produto:<\/h3>\n<p data-start=\"136\" data-end=\"512\">Colar em <strong data-start=\"145\" data-end=\"167\">Prata 925 leg\u00edtima<\/strong>, com corrente delicada e pingente em formato de <strong data-start=\"216\" data-end=\"240\">ponto de luz redondo<\/strong>, trazendo uma <strong data-start=\"255\" data-end=\"272\">zirc\u00f4nia rosa<\/strong> em corte cl\u00e1ssico que reflete brilho delicado e sofisticado. Uma joia minimalista e elegante, perfeita para iluminar o visual no dia a dia ou em ocasi\u00f5es especiais, al\u00e9m de ser uma excelente op\u00e7\u00e3o para presentear com delicadeza e estilo.<\/p>\n<p data-start=\"514\" data-end=\"634\">As pratas 925 possuem <strong data-start=\"536\" data-end=\"558\">garantia vital\u00edcia<\/strong>, reconhecidas por sua resist\u00eancia, qualidade e excelente custo-benef\u00edcio.<\/p>\n<hr data-start=\"636\" data-end=\"639\">\n<h3 data-start=\"641\" data-end=\"673\">Especifica\u00e7\u00f5es do produto:<\/h3>\n<ul data-start=\"674\" data-end=\"946\">\n<li data-start=\"674\" data-end=\"721\">\n<p data-start=\"676\" data-end=\"721\"><strong data-start=\"676\" data-end=\"687\">Modelo:<\/strong> Colar Ponto de Luz Redondo Rosa<\/p>\n<\/li>\n<li data-start=\"722\" data-end=\"771\">\n<p data-start=\"724\" data-end=\"771\"><strong data-start=\"724\" data-end=\"752\">Comprimento da Corrente:<\/strong> 45cm (ajust\u00e1vel)<\/p>\n<\/li>\n<li data-start=\"772\" data-end=\"810\">\n<p data-start=\"774\" data-end=\"810\"><strong data-start=\"774\" data-end=\"787\">Pingente:<\/strong> Ponto de luz redondo<\/p>\n<\/li>\n<li data-start=\"811\" data-end=\"858\">\n<p data-start=\"813\" data-end=\"858\"><strong data-start=\"813\" data-end=\"828\">Dim. Pedra:<\/strong> 6mm (zirc\u00f4nia rosa redonda)<\/p>\n<\/li>\n<li data-start=\"859\" data-end=\"895\">\n<p data-start=\"861\" data-end=\"895\"><strong data-start=\"861\" data-end=\"874\">Material:<\/strong> Prata 925 leg\u00edtima<\/p>\n<\/li>\n<li data-start=\"896\" data-end=\"920\">\n<p data-start=\"898\" data-end=\"920\"><strong data-start=\"898\" data-end=\"909\">G\u00eanero:<\/strong> Feminino<\/p>\n<\/li>\n<li data-start=\"921\" data-end=\"946\">\n<p data-start=\"923\" data-end=\"946\"><strong data-start=\"923\" data-end=\"932\">Peso:<\/strong> Aprox. 1,8g<\/p>\n<\/li>\n<\/ul>\n<hr data-start=\"948\" data-end=\"951\">\n<h3 data-start=\"953\" data-end=\"968\">Garantia:<\/h3>\n<p data-start=\"969\" data-end=\"1218\">Todos os colares em <strong data-start=\"989\" data-end=\"1002\">Prata 925<\/strong> acompanham <strong data-start=\"1014\" data-end=\"1058\">Certificado de Garantia de Autenticidade<\/strong>, assegurando a <strong data-start=\"1074\" data-end=\"1092\">dura\u00e7\u00e3o eterna<\/strong> do material. Diferente das bijuterias, pe\u00e7as em Prata 925 mant\u00eam brilho e valor por toda a vida, assim como o <strong data-start=\"1203\" data-end=\"1215\">Ouro 18k<\/strong>.<\/p>","protected":false},"excerpt":{"rendered":"<p>Detalhes do Produto: Colar em Prata 925 leg\u00edtima, com corrente delicada e pingente em formato de ponto de luz redondo, trazendo uma zirc\u00f4nia rosa em&#8230;<\/p>","protected":false},"featured_media":4792,"comment_status":"open","ping_status":"closed","template":"","meta":[],"etheme_brands":[],"product_brand":[],"product_cat":[106,93],"product_tag":[133],"class_list":{"0":"post-4793","1":"product","2":"type-product","3":"status-publish","4":"has-post-thumbnail","6":"product_cat-categoriacolarescolar-feminino","7":"product_cat-categoriacolares","8":"product_tag-uze-pratas","10":"first","11":"outofstock","12":"shipping-taxable","13":"product-type-variable"},"_links":{"self":[{"href":"https:\/\/agenciausphot.com\/uze\/en\/wp-json\/wp\/v2\/product\/4793","targetHints":{"allow":["GET"]}}],"collection":[{"href":"https:\/\/agenciausphot.com\/uze\/en\/wp-json\/wp\/v2\/product"}],"about":[{"href":"https:\/\/agenciausphot.com\/uze\/en\/wp-json\/wp\/v2\/types\/product"}],"replies":[{"embeddable":true,"href":"https:\/\/agenciausphot.com\/uze\/en\/wp-json\/wp\/v2\/comments?post=4793"}],"version-history":[{"count":1,"href":"https:\/\/agenciausphot.com\/uze\/en\/wp-json\/wp\/v2\/product\/4793\/revisions"}],"predecessor-version":[{"id":5895,"href":"https:\/\/agenciausphot.com\/uze\/en\/wp-json\/wp\/v2\/product\/4793\/revisions\/5895"}],"wp:featuredmedia":[{"embeddable":true,"href":"https:\/\/agenciausphot.com\/uze\/en\/wp-json\/wp\/v2\/media\/4792"}],"wp:attachment":[{"href":"https:\/\/agenciausphot.com\/uze\/en\/wp-json\/wp\/v2\/media?parent=4793"}],"wp:term":[{"taxonomy":"brand","embeddable":true,"href":"https:\/\/agenciausphot.com\/uze\/en\/wp-json\/wp\/v2\/etheme_brands?post=4793"},{"taxonomy":"product_brand","embeddable":true,"href":"https:\/\/agenciausphot.com\/uze\/en\/wp-json\/wp\/v2\/product_brand?post=4793"},{"taxonomy":"product_cat","embeddable":true,"href":"https:\/\/agenciausphot.com\/uze\/en\/wp-json\/wp\/v2\/product_cat?post=4793"},{"taxonomy":"product_tag","embeddable":true,"href":"https:\/\/agenciausphot.com\/uze\/en\/wp-json\/wp\/v2\/product_tag?post=4793"}],"curies":[{"name":"wp","href":"https:\/\/api.w.org\/{rel}","templated":true}]}}