{"id":4791,"date":"2025-10-29T13:03:24","date_gmt":"2025-10-29T13:03:24","guid":{"rendered":"https:\/\/agenciausphot.com\/uze\/produto\/colar-pena-prata\/"},"modified":"2025-12-05T04:41:38","modified_gmt":"2025-12-05T04:41:38","slug":"colar-pena-prata","status":"publish","type":"product","link":"https:\/\/agenciausphot.com\/uze\/en\/product\/colar-pena-prata\/","title":{"rendered":"Colar pena prata"},"content":{"rendered":"<h3 data-start=\"88\" data-end=\"114\">Detalhes do Produto:<\/h3>\n<p data-start=\"115\" data-end=\"466\">Colar em <strong data-start=\"124\" data-end=\"146\">Prata 925 leg\u00edtima<\/strong>, com corrente delicada e pingente em formato de <strong data-start=\"195\" data-end=\"203\">pena<\/strong>, s\u00edmbolo de liberdade, espiritualidade e leveza. O design detalhado e o acabamento polido garantem brilho sofisticado, tornando a pe\u00e7a vers\u00e1til e elegante. Uma joia atemporal, perfeita para uso di\u00e1rio ou para compor produ\u00e7\u00f5es modernas com significado especial.<\/p>\n<p data-start=\"468\" data-end=\"588\">As pratas 925 possuem <strong data-start=\"490\" data-end=\"512\">garantia vital\u00edcia<\/strong>, reconhecidas por sua qualidade, resist\u00eancia e excelente custo-benef\u00edcio.<\/p>\n<hr data-start=\"590\" data-end=\"593\">\n<h3 data-start=\"595\" data-end=\"627\">Especifica\u00e7\u00f5es do produto:<\/h3>\n<ul data-start=\"628\" data-end=\"839\">\n<li data-start=\"628\" data-end=\"663\">\n<p data-start=\"630\" data-end=\"663\"><strong data-start=\"630\" data-end=\"641\">Modelo:<\/strong> Colar Pena em Prata<\/p>\n<\/li>\n<li data-start=\"664\" data-end=\"713\">\n<p data-start=\"666\" data-end=\"713\"><strong data-start=\"666\" data-end=\"694\">Comprimento da Corrente:<\/strong> 45cm (ajust\u00e1vel)<\/p>\n<\/li>\n<li data-start=\"714\" data-end=\"752\">\n<p data-start=\"716\" data-end=\"752\"><strong data-start=\"716\" data-end=\"729\">Pingente:<\/strong> Pena em prata polida<\/p>\n<\/li>\n<li data-start=\"753\" data-end=\"789\">\n<p data-start=\"755\" data-end=\"789\"><strong data-start=\"755\" data-end=\"768\">Material:<\/strong> Prata 925 leg\u00edtima<\/p>\n<\/li>\n<li data-start=\"790\" data-end=\"813\">\n<p data-start=\"792\" data-end=\"813\"><strong data-start=\"792\" data-end=\"803\">G\u00eanero:<\/strong> Unissex<\/p>\n<\/li>\n<li data-start=\"814\" data-end=\"839\">\n<p data-start=\"816\" data-end=\"839\"><strong data-start=\"816\" data-end=\"825\">Peso:<\/strong> Aprox. 2,0g<\/p>\n<\/li>\n<\/ul>\n<hr data-start=\"841\" data-end=\"844\">\n<h3 data-start=\"846\" data-end=\"861\">Garantia:<\/h3>\n<p data-start=\"862\" data-end=\"1114\">Todos os colares em <strong data-start=\"882\" data-end=\"895\">Prata 925<\/strong> acompanham <strong data-start=\"907\" data-end=\"951\">Certificado de Garantia de Autenticidade<\/strong>, assegurando a <strong data-start=\"967\" data-end=\"985\">dura\u00e7\u00e3o eterna<\/strong> do material. Diferente das bijuterias, pe\u00e7as em Prata 925 preservam brilho e valor por toda a vida, assim como o <strong data-start=\"1099\" data-end=\"1111\">Ouro 18k<\/strong>.<\/p>\n<hr data-start=\"1116\" data-end=\"1121\">\n<p data-start=\"1123\" data-end=\"1254\" data-is-last-node=\"\" data-is-only-node=\"\">","protected":false},"excerpt":{"rendered":"<p>Detalhes do Produto: Colar em Prata 925 leg\u00edtima, com corrente delicada e pingente em formato de pena, s\u00edmbolo de liberdade, espiritualidade e leveza. O design&#8230;<\/p>","protected":false},"featured_media":4789,"comment_status":"open","ping_status":"closed","template":"","meta":[],"etheme_brands":[],"product_brand":[],"product_cat":[106,93],"product_tag":[133],"class_list":{"0":"post-4791","1":"product","2":"type-product","3":"status-publish","4":"has-post-thumbnail","6":"product_cat-categoriacolarescolar-feminino","7":"product_cat-categoriacolares","8":"product_tag-uze-pratas","10":"first","11":"outofstock","12":"shipping-taxable","13":"product-type-variable"},"_links":{"self":[{"href":"https:\/\/agenciausphot.com\/uze\/en\/wp-json\/wp\/v2\/product\/4791","targetHints":{"allow":["GET"]}}],"collection":[{"href":"https:\/\/agenciausphot.com\/uze\/en\/wp-json\/wp\/v2\/product"}],"about":[{"href":"https:\/\/agenciausphot.com\/uze\/en\/wp-json\/wp\/v2\/types\/product"}],"replies":[{"embeddable":true,"href":"https:\/\/agenciausphot.com\/uze\/en\/wp-json\/wp\/v2\/comments?post=4791"}],"version-history":[{"count":1,"href":"https:\/\/agenciausphot.com\/uze\/en\/wp-json\/wp\/v2\/product\/4791\/revisions"}],"predecessor-version":[{"id":5894,"href":"https:\/\/agenciausphot.com\/uze\/en\/wp-json\/wp\/v2\/product\/4791\/revisions\/5894"}],"wp:featuredmedia":[{"embeddable":true,"href":"https:\/\/agenciausphot.com\/uze\/en\/wp-json\/wp\/v2\/media\/4789"}],"wp:attachment":[{"href":"https:\/\/agenciausphot.com\/uze\/en\/wp-json\/wp\/v2\/media?parent=4791"}],"wp:term":[{"taxonomy":"brand","embeddable":true,"href":"https:\/\/agenciausphot.com\/uze\/en\/wp-json\/wp\/v2\/etheme_brands?post=4791"},{"taxonomy":"product_brand","embeddable":true,"href":"https:\/\/agenciausphot.com\/uze\/en\/wp-json\/wp\/v2\/product_brand?post=4791"},{"taxonomy":"product_cat","embeddable":true,"href":"https:\/\/agenciausphot.com\/uze\/en\/wp-json\/wp\/v2\/product_cat?post=4791"},{"taxonomy":"product_tag","embeddable":true,"href":"https:\/\/agenciausphot.com\/uze\/en\/wp-json\/wp\/v2\/product_tag?post=4791"}],"curies":[{"name":"wp","href":"https:\/\/api.w.org\/{rel}","templated":true}]}}