{"id":4786,"date":"2025-10-29T13:03:20","date_gmt":"2025-10-29T13:03:20","guid":{"rendered":"https:\/\/agenciausphot.com\/uze\/produto\/colar-de-fivela-letra-g\/"},"modified":"2025-12-23T05:33:52","modified_gmt":"2025-12-23T05:33:52","slug":"colar-de-fivela-letra-g","status":"publish","type":"product","link":"https:\/\/agenciausphot.com\/uze\/en\/product\/colar-de-fivela-letra-g\/","title":{"rendered":"Colar de fivela letra g"},"content":{"rendered":"<h3 data-start=\"98\" data-end=\"124\">Detalhes do Produto:<\/h3>\n<p data-start=\"125\" data-end=\"492\">Colar em <strong data-start=\"134\" data-end=\"156\">Prata 925 leg\u00edtima<\/strong>, com corrente delicada e pingente em formato de <strong data-start=\"205\" data-end=\"240\">fivela estilizada com a letra G<\/strong> no centro. O design moderno e minimalista une personalidade e sofistica\u00e7\u00e3o, sendo perfeito para quem busca uma joia personalizada que representa identidade e estilo. Uma pe\u00e7a vers\u00e1til, que pode ser usada no dia a dia ou em produ\u00e7\u00f5es mais elaboradas.<\/p>\n<p data-start=\"494\" data-end=\"617\">As pratas 925 possuem <strong data-start=\"516\" data-end=\"538\">garantia vital\u00edcia<\/strong>, reconhecidas por sua durabilidade, resist\u00eancia e excelente custo-benef\u00edcio.<\/p>\n<hr data-start=\"619\" data-end=\"622\">\n<h3 data-start=\"624\" data-end=\"656\">Especifica\u00e7\u00f5es do produto:<\/h3>\n<ul data-start=\"657\" data-end=\"878\">\n<li data-start=\"657\" data-end=\"702\">\n<p data-start=\"659\" data-end=\"702\"><strong data-start=\"659\" data-end=\"670\">Modelo:<\/strong> Colar Fivela Letra G em Prata<\/p>\n<\/li>\n<li data-start=\"703\" data-end=\"752\">\n<p data-start=\"705\" data-end=\"752\"><strong data-start=\"705\" data-end=\"733\">Comprimento da Corrente:<\/strong> 45cm (ajust\u00e1vel)<\/p>\n<\/li>\n<li data-start=\"753\" data-end=\"791\">\n<p data-start=\"755\" data-end=\"791\"><strong data-start=\"755\" data-end=\"768\">Pingente:<\/strong> Fivela com a letra G<\/p>\n<\/li>\n<li data-start=\"792\" data-end=\"828\">\n<p data-start=\"794\" data-end=\"828\"><strong data-start=\"794\" data-end=\"807\">Material:<\/strong> Prata 925 leg\u00edtima<\/p>\n<\/li>\n<li data-start=\"829\" data-end=\"852\">\n<p data-start=\"831\" data-end=\"852\"><strong data-start=\"831\" data-end=\"842\">G\u00eanero:<\/strong> Unissex<\/p>\n<\/li>\n<li data-start=\"853\" data-end=\"878\">\n<p data-start=\"855\" data-end=\"878\"><strong data-start=\"855\" data-end=\"864\">Peso:<\/strong> Aprox. 2,2g<\/p>\n<\/li>\n<\/ul>\n<hr data-start=\"880\" data-end=\"883\">\n<h3 data-start=\"885\" data-end=\"900\">Garantia:<\/h3>\n<p data-start=\"901\" data-end=\"1150\">Todos os colares em <strong data-start=\"921\" data-end=\"934\">Prata 925<\/strong> acompanham <strong data-start=\"946\" data-end=\"990\">Certificado de Garantia de Autenticidade<\/strong>, assegurando a <strong data-start=\"1006\" data-end=\"1024\">dura\u00e7\u00e3o eterna<\/strong> do material. Diferente das bijuterias, pe\u00e7as em Prata 925 mant\u00eam brilho e valor por toda a vida, assim como o <strong data-start=\"1135\" data-end=\"1147\">Ouro 18k<\/strong>.<\/p>\n<hr data-start=\"1152\" data-end=\"1157\">\n<p data-start=\"1159\" data-end=\"1296\" data-is-last-node=\"\" data-is-only-node=\"\">","protected":false},"excerpt":{"rendered":"<p>Detalhes do Produto: Colar em Prata 925 leg\u00edtima, com corrente delicada e pingente em formato de fivela estilizada com a letra G no centro. O&#8230;<\/p>","protected":false},"featured_media":4785,"comment_status":"open","ping_status":"closed","template":"","meta":[],"etheme_brands":[],"product_brand":[],"product_cat":[106,93],"product_tag":[133],"class_list":{"0":"post-4786","1":"product","2":"type-product","3":"status-publish","4":"has-post-thumbnail","6":"product_cat-categoriacolarescolar-feminino","7":"product_cat-categoriacolares","8":"product_tag-uze-pratas","10":"first","11":"instock","12":"shipping-taxable","13":"purchasable","14":"product-type-variable"},"_links":{"self":[{"href":"https:\/\/agenciausphot.com\/uze\/en\/wp-json\/wp\/v2\/product\/4786","targetHints":{"allow":["GET"]}}],"collection":[{"href":"https:\/\/agenciausphot.com\/uze\/en\/wp-json\/wp\/v2\/product"}],"about":[{"href":"https:\/\/agenciausphot.com\/uze\/en\/wp-json\/wp\/v2\/types\/product"}],"replies":[{"embeddable":true,"href":"https:\/\/agenciausphot.com\/uze\/en\/wp-json\/wp\/v2\/comments?post=4786"}],"version-history":[{"count":1,"href":"https:\/\/agenciausphot.com\/uze\/en\/wp-json\/wp\/v2\/product\/4786\/revisions"}],"predecessor-version":[{"id":5892,"href":"https:\/\/agenciausphot.com\/uze\/en\/wp-json\/wp\/v2\/product\/4786\/revisions\/5892"}],"wp:featuredmedia":[{"embeddable":true,"href":"https:\/\/agenciausphot.com\/uze\/en\/wp-json\/wp\/v2\/media\/4785"}],"wp:attachment":[{"href":"https:\/\/agenciausphot.com\/uze\/en\/wp-json\/wp\/v2\/media?parent=4786"}],"wp:term":[{"taxonomy":"brand","embeddable":true,"href":"https:\/\/agenciausphot.com\/uze\/en\/wp-json\/wp\/v2\/etheme_brands?post=4786"},{"taxonomy":"product_brand","embeddable":true,"href":"https:\/\/agenciausphot.com\/uze\/en\/wp-json\/wp\/v2\/product_brand?post=4786"},{"taxonomy":"product_cat","embeddable":true,"href":"https:\/\/agenciausphot.com\/uze\/en\/wp-json\/wp\/v2\/product_cat?post=4786"},{"taxonomy":"product_tag","embeddable":true,"href":"https:\/\/agenciausphot.com\/uze\/en\/wp-json\/wp\/v2\/product_tag?post=4786"}],"curies":[{"name":"wp","href":"https:\/\/api.w.org\/{rel}","templated":true}]}}