{"id":4784,"date":"2025-10-29T13:03:18","date_gmt":"2025-10-29T13:03:18","guid":{"rendered":"https:\/\/agenciausphot.com\/uze\/produto\/gargantilha-ponto-de-luz-gota-cravejada-turmalina-de-prata\/"},"modified":"2025-12-05T04:41:38","modified_gmt":"2025-12-05T04:41:38","slug":"gargantilha-ponto-de-luz-gota-cravejada-turmalina-de-prata","status":"publish","type":"product","link":"https:\/\/agenciausphot.com\/uze\/en\/product\/gargantilha-ponto-de-luz-gota-cravejada-turmalina-de-prata\/","title":{"rendered":"Gargantilha ponto de luz gota cravejada turmalina de prata"},"content":{"rendered":"<h3 data-start=\"127\" data-end=\"153\">Detalhes do Produto:<\/h3>\n<p data-start=\"154\" data-end=\"522\">Gargantilha em <strong data-start=\"169\" data-end=\"191\">Prata 925 leg\u00edtima<\/strong>, com corrente delicada e pingente em formato de <strong data-start=\"240\" data-end=\"265\">gota na cor turmalina<\/strong>, rodeada por micro <strong data-start=\"285\" data-end=\"317\">zirc\u00f4nias cristal cravejadas<\/strong> que real\u00e7am ainda mais o brilho da pedra central. Um design sofisticado e atemporal, que une delicadeza e eleg\u00e2ncia, perfeito para iluminar qualquer produ\u00e7\u00e3o, seja no dia a dia ou em ocasi\u00f5es especiais.<\/p>\n<p data-start=\"524\" data-end=\"647\">As pratas 925 possuem <strong data-start=\"546\" data-end=\"568\">garantia vital\u00edcia<\/strong>, reconhecidas por sua resist\u00eancia, durabilidade e excelente custo-benef\u00edcio.<\/p>\n<hr data-start=\"649\" data-end=\"652\">\n<h3 data-start=\"654\" data-end=\"686\">Especifica\u00e7\u00f5es do produto:<\/h3>\n<ul data-start=\"687\" data-end=\"1046\">\n<li data-start=\"687\" data-end=\"752\">\n<p data-start=\"689\" data-end=\"752\"><strong data-start=\"689\" data-end=\"700\">Modelo:<\/strong> Gargantilha Ponto de Luz Gota Cravejada Turmalina<\/p>\n<\/li>\n<li data-start=\"753\" data-end=\"802\">\n<p data-start=\"755\" data-end=\"802\"><strong data-start=\"755\" data-end=\"783\">Comprimento da Corrente:<\/strong> 45cm (ajust\u00e1vel)<\/p>\n<\/li>\n<li data-start=\"803\" data-end=\"876\">\n<p data-start=\"805\" data-end=\"876\"><strong data-start=\"805\" data-end=\"818\">Pingente:<\/strong> Gota turmalina com borda cravejada em zirc\u00f4nias cristal<\/p>\n<\/li>\n<li data-start=\"877\" data-end=\"958\">\n<p data-start=\"879\" data-end=\"958\"><strong data-start=\"879\" data-end=\"894\">Dim. Pedra:<\/strong> 6x8mm (zirc\u00f4nia turmalina central) + 1mm (zirc\u00f4nias laterais)<\/p>\n<\/li>\n<li data-start=\"959\" data-end=\"995\">\n<p data-start=\"961\" data-end=\"995\"><strong data-start=\"961\" data-end=\"974\">Material:<\/strong> Prata 925 leg\u00edtima<\/p>\n<\/li>\n<li data-start=\"996\" data-end=\"1020\">\n<p data-start=\"998\" data-end=\"1020\"><strong data-start=\"998\" data-end=\"1009\">G\u00eanero:<\/strong> Feminino<\/p>\n<\/li>\n<li data-start=\"1021\" data-end=\"1046\">\n<p data-start=\"1023\" data-end=\"1046\"><strong data-start=\"1023\" data-end=\"1032\">Peso:<\/strong> Aprox. 2,0g<\/p>\n<\/li>\n<\/ul>\n<hr data-start=\"1048\" data-end=\"1051\">\n<h3 data-start=\"1053\" data-end=\"1068\">Garantia:<\/h3>\n<p data-start=\"1069\" data-end=\"1326\">Todas as gargantilhas em <strong data-start=\"1094\" data-end=\"1107\">Prata 925<\/strong> acompanham <strong data-start=\"1119\" data-end=\"1163\">Certificado de Garantia de Autenticidade<\/strong>, assegurando a <strong data-start=\"1179\" data-end=\"1197\">dura\u00e7\u00e3o eterna<\/strong> do material. Diferente das bijuterias, pe\u00e7as em Prata 925 preservam brilho e valor por toda a vida, assim como o <strong data-start=\"1311\" data-end=\"1323\">Ouro 18k<\/strong>.<\/p>","protected":false},"excerpt":{"rendered":"<p>Detalhes do Produto: Gargantilha em Prata 925 leg\u00edtima, com corrente delicada e pingente em formato de gota na cor turmalina, rodeada por micro zirc\u00f4nias cristal&#8230;<\/p>","protected":false},"featured_media":4782,"comment_status":"open","ping_status":"closed","template":"","meta":[],"etheme_brands":[],"product_brand":[],"product_cat":[106,93],"product_tag":[133],"class_list":{"0":"post-4784","1":"product","2":"type-product","3":"status-publish","4":"has-post-thumbnail","6":"product_cat-categoriacolarescolar-feminino","7":"product_cat-categoriacolares","8":"product_tag-uze-pratas","10":"first","11":"outofstock","12":"shipping-taxable","13":"product-type-variable"},"_links":{"self":[{"href":"https:\/\/agenciausphot.com\/uze\/en\/wp-json\/wp\/v2\/product\/4784","targetHints":{"allow":["GET"]}}],"collection":[{"href":"https:\/\/agenciausphot.com\/uze\/en\/wp-json\/wp\/v2\/product"}],"about":[{"href":"https:\/\/agenciausphot.com\/uze\/en\/wp-json\/wp\/v2\/types\/product"}],"replies":[{"embeddable":true,"href":"https:\/\/agenciausphot.com\/uze\/en\/wp-json\/wp\/v2\/comments?post=4784"}],"version-history":[{"count":1,"href":"https:\/\/agenciausphot.com\/uze\/en\/wp-json\/wp\/v2\/product\/4784\/revisions"}],"predecessor-version":[{"id":5891,"href":"https:\/\/agenciausphot.com\/uze\/en\/wp-json\/wp\/v2\/product\/4784\/revisions\/5891"}],"wp:featuredmedia":[{"embeddable":true,"href":"https:\/\/agenciausphot.com\/uze\/en\/wp-json\/wp\/v2\/media\/4782"}],"wp:attachment":[{"href":"https:\/\/agenciausphot.com\/uze\/en\/wp-json\/wp\/v2\/media?parent=4784"}],"wp:term":[{"taxonomy":"brand","embeddable":true,"href":"https:\/\/agenciausphot.com\/uze\/en\/wp-json\/wp\/v2\/etheme_brands?post=4784"},{"taxonomy":"product_brand","embeddable":true,"href":"https:\/\/agenciausphot.com\/uze\/en\/wp-json\/wp\/v2\/product_brand?post=4784"},{"taxonomy":"product_cat","embeddable":true,"href":"https:\/\/agenciausphot.com\/uze\/en\/wp-json\/wp\/v2\/product_cat?post=4784"},{"taxonomy":"product_tag","embeddable":true,"href":"https:\/\/agenciausphot.com\/uze\/en\/wp-json\/wp\/v2\/product_tag?post=4784"}],"curies":[{"name":"wp","href":"https:\/\/api.w.org\/{rel}","templated":true}]}}