{"id":4774,"date":"2025-10-29T13:03:10","date_gmt":"2025-10-29T13:03:10","guid":{"rendered":"https:\/\/agenciausphot.com\/uze\/produto\/colar-coracao-com-asas-em-prata-e-zirconias\/"},"modified":"2025-11-18T14:07:16","modified_gmt":"2025-11-18T14:07:16","slug":"colar-coracao-com-asas-em-prata-e-zirconias","status":"publish","type":"product","link":"https:\/\/agenciausphot.com\/uze\/en\/product\/colar-coracao-com-asas-em-prata-e-zirconias\/","title":{"rendered":"Colar cora\u00e7\u00e3o com asas em prata e zirc\u00f4nias"},"content":{"rendered":"<h3 data-start=\"112\" data-end=\"138\">Detalhes do Produto:<\/h3>\n<p data-start=\"139\" data-end=\"552\">Colar em <strong data-start=\"148\" data-end=\"170\">Prata 925 leg\u00edtima<\/strong>, com corrente delicada e pingente em formato de <strong data-start=\"219\" data-end=\"256\">cora\u00e7\u00e3o central com asas laterais<\/strong>, simbolizando liberdade, prote\u00e7\u00e3o e amor. O cora\u00e7\u00e3o \u00e9 <strong data-start=\"311\" data-end=\"346\">cravejado com zirc\u00f4nias cristal<\/strong>, que proporcionam brilho intenso e sofisticado, destacando ainda mais o design especial da joia. Uma pe\u00e7a encantadora, perfeita para presentear algu\u00e9m especial ou compor produ\u00e7\u00f5es elegantes e rom\u00e2nticas.<\/p>\n<p data-start=\"554\" data-end=\"674\">As pratas 925 possuem <strong data-start=\"576\" data-end=\"598\">garantia vital\u00edcia<\/strong>, reconhecidas por sua qualidade, resist\u00eancia e excelente custo-benef\u00edcio.<\/p>\n<hr data-start=\"676\" data-end=\"679\">\n<h3 data-start=\"681\" data-end=\"713\">Especifica\u00e7\u00f5es do produto:<\/h3>\n<ul data-start=\"714\" data-end=\"1023\">\n<li data-start=\"714\" data-end=\"773\">\n<p data-start=\"716\" data-end=\"773\"><strong data-start=\"716\" data-end=\"727\">Modelo:<\/strong> Colar Cora\u00e7\u00e3o com Asas em Prata e Zirc\u00f4nias<\/p>\n<\/li>\n<li data-start=\"774\" data-end=\"823\">\n<p data-start=\"776\" data-end=\"823\"><strong data-start=\"776\" data-end=\"804\">Comprimento da Corrente:<\/strong> 45cm (ajust\u00e1vel)<\/p>\n<\/li>\n<li data-start=\"824\" data-end=\"877\">\n<p data-start=\"826\" data-end=\"877\"><strong data-start=\"826\" data-end=\"839\">Pingente:<\/strong> Cora\u00e7\u00e3o cravejado com asas laterais<\/p>\n<\/li>\n<li data-start=\"878\" data-end=\"935\">\n<p data-start=\"880\" data-end=\"935\"><strong data-start=\"880\" data-end=\"895\">Dim. Pedra:<\/strong> 1mm (zirc\u00f4nias cravejadas no cora\u00e7\u00e3o)<\/p>\n<\/li>\n<li data-start=\"936\" data-end=\"972\">\n<p data-start=\"938\" data-end=\"972\"><strong data-start=\"938\" data-end=\"951\">Material:<\/strong> Prata 925 leg\u00edtima<\/p>\n<\/li>\n<li data-start=\"973\" data-end=\"997\">\n<p data-start=\"975\" data-end=\"997\"><strong data-start=\"975\" data-end=\"986\">G\u00eanero:<\/strong> Feminino<\/p>\n<\/li>\n<li data-start=\"998\" data-end=\"1023\">\n<p data-start=\"1000\" data-end=\"1023\"><strong data-start=\"1000\" data-end=\"1009\">Peso:<\/strong> Aprox. 2,2g<\/p>\n<\/li>\n<\/ul>\n<hr data-start=\"1025\" data-end=\"1028\">\n<h3 data-start=\"1030\" data-end=\"1045\">Garantia:<\/h3>\n<p data-start=\"1046\" data-end=\"1298\">Todos os colares em <strong data-start=\"1066\" data-end=\"1079\">Prata 925<\/strong> acompanham <strong data-start=\"1091\" data-end=\"1135\">Certificado de Garantia de Autenticidade<\/strong>, assegurando a <strong data-start=\"1151\" data-end=\"1169\">dura\u00e7\u00e3o eterna<\/strong> do material. Diferente das bijuterias, pe\u00e7as em Prata 925 preservam brilho e valor por toda a vida, assim como o <strong data-start=\"1283\" data-end=\"1295\">Ouro 18k<\/strong>.<\/p>","protected":false},"excerpt":{"rendered":"<p>Detalhes do Produto: Colar em Prata 925 leg\u00edtima, com corrente delicada e pingente em formato de cora\u00e7\u00e3o central com asas laterais, simbolizando liberdade, prote\u00e7\u00e3o e&#8230;<\/p>","protected":false},"featured_media":4773,"comment_status":"open","ping_status":"closed","template":"","meta":[],"etheme_brands":[],"product_brand":[],"product_cat":[106,93],"product_tag":[133],"class_list":{"0":"post-4774","1":"product","2":"type-product","3":"status-publish","4":"has-post-thumbnail","6":"product_cat-categoriacolarescolar-feminino","7":"product_cat-categoriacolares","8":"product_tag-uze-pratas","10":"first","11":"instock","12":"shipping-taxable","13":"product-type-variable"},"_links":{"self":[{"href":"https:\/\/agenciausphot.com\/uze\/en\/wp-json\/wp\/v2\/product\/4774","targetHints":{"allow":["GET"]}}],"collection":[{"href":"https:\/\/agenciausphot.com\/uze\/en\/wp-json\/wp\/v2\/product"}],"about":[{"href":"https:\/\/agenciausphot.com\/uze\/en\/wp-json\/wp\/v2\/types\/product"}],"replies":[{"embeddable":true,"href":"https:\/\/agenciausphot.com\/uze\/en\/wp-json\/wp\/v2\/comments?post=4774"}],"version-history":[{"count":1,"href":"https:\/\/agenciausphot.com\/uze\/en\/wp-json\/wp\/v2\/product\/4774\/revisions"}],"predecessor-version":[{"id":5887,"href":"https:\/\/agenciausphot.com\/uze\/en\/wp-json\/wp\/v2\/product\/4774\/revisions\/5887"}],"wp:featuredmedia":[{"embeddable":true,"href":"https:\/\/agenciausphot.com\/uze\/en\/wp-json\/wp\/v2\/media\/4773"}],"wp:attachment":[{"href":"https:\/\/agenciausphot.com\/uze\/en\/wp-json\/wp\/v2\/media?parent=4774"}],"wp:term":[{"taxonomy":"brand","embeddable":true,"href":"https:\/\/agenciausphot.com\/uze\/en\/wp-json\/wp\/v2\/etheme_brands?post=4774"},{"taxonomy":"product_brand","embeddable":true,"href":"https:\/\/agenciausphot.com\/uze\/en\/wp-json\/wp\/v2\/product_brand?post=4774"},{"taxonomy":"product_cat","embeddable":true,"href":"https:\/\/agenciausphot.com\/uze\/en\/wp-json\/wp\/v2\/product_cat?post=4774"},{"taxonomy":"product_tag","embeddable":true,"href":"https:\/\/agenciausphot.com\/uze\/en\/wp-json\/wp\/v2\/product_tag?post=4774"}],"curies":[{"name":"wp","href":"https:\/\/api.w.org\/{rel}","templated":true}]}}