{"id":4764,"date":"2025-10-29T13:03:03","date_gmt":"2025-10-29T13:03:03","guid":{"rendered":"https:\/\/agenciausphot.com\/uze\/produto\/bracelete-classico-regulavel\/"},"modified":"2025-12-05T04:41:35","modified_gmt":"2025-12-05T04:41:35","slug":"bracelete-classico-regulavel","status":"publish","type":"product","link":"https:\/\/agenciausphot.com\/uze\/en\/product\/bracelete-classico-regulavel\/","title":{"rendered":"Bracelete cl\u00e1ssico regul\u00e1vel"},"content":{"rendered":"<h3 data-start=\"106\" data-end=\"132\">Detalhes do Produto:<\/h3>\n<p data-start=\"133\" data-end=\"528\">Bracelete em <strong data-start=\"146\" data-end=\"168\">Prata 925 leg\u00edtima<\/strong>, com design <strong data-start=\"181\" data-end=\"200\">cl\u00e1ssico e liso<\/strong>, perfeito para quem busca sofistica\u00e7\u00e3o em uma pe\u00e7a vers\u00e1til. O modelo conta com sistema <strong data-start=\"289\" data-end=\"302\">regul\u00e1vel<\/strong>, que permite ajuste ao tamanho ideal do pulso, garantindo conforto e praticidade no uso. Uma joia atemporal, elegante e minimalista, que pode ser usada sozinha como destaque ou em combina\u00e7\u00f5es modernas com outros acess\u00f3rios.<\/p>\n<p data-start=\"530\" data-end=\"650\">As pratas 925 possuem <strong data-start=\"552\" data-end=\"574\">garantia vital\u00edcia<\/strong>, reconhecidas por sua qualidade, resist\u00eancia e excelente custo-benef\u00edcio.<\/p>\n<hr data-start=\"652\" data-end=\"655\">\n<h3 data-start=\"657\" data-end=\"689\">Especifica\u00e7\u00f5es do produto:<\/h3>\n<ul data-start=\"690\" data-end=\"920\">\n<li data-start=\"690\" data-end=\"743\">\n<p data-start=\"692\" data-end=\"743\"><strong data-start=\"692\" data-end=\"703\">Modelo:<\/strong> Bracelete Cl\u00e1ssico Regul\u00e1vel em Prata<\/p>\n<\/li>\n<li data-start=\"744\" data-end=\"779\">\n<p data-start=\"746\" data-end=\"779\"><strong data-start=\"746\" data-end=\"758\">Formato:<\/strong> Ajust\u00e1vel ao pulso<\/p>\n<\/li>\n<li data-start=\"780\" data-end=\"816\">\n<p data-start=\"782\" data-end=\"816\"><strong data-start=\"782\" data-end=\"795\">Material:<\/strong> Prata 925 leg\u00edtima<\/p>\n<\/li>\n<li data-start=\"817\" data-end=\"848\">\n<p data-start=\"819\" data-end=\"848\"><strong data-start=\"819\" data-end=\"834\">Acabamento:<\/strong> Liso polido<\/p>\n<\/li>\n<li data-start=\"849\" data-end=\"872\">\n<p data-start=\"851\" data-end=\"872\"><strong data-start=\"851\" data-end=\"862\">G\u00eanero:<\/strong> Unissex<\/p>\n<\/li>\n<li data-start=\"873\" data-end=\"920\">\n<p data-start=\"875\" data-end=\"920\"><strong data-start=\"875\" data-end=\"884\">Peso:<\/strong> Aprox. conforme tamanho escolhido<\/p>\n<\/li>\n<\/ul>\n<hr data-start=\"922\" data-end=\"925\">\n<h3 data-start=\"927\" data-end=\"942\">Garantia:<\/h3>\n<p data-start=\"943\" data-end=\"1195\">Todos os braceletes em <strong data-start=\"966\" data-end=\"979\">Prata 925<\/strong> acompanham <strong data-start=\"991\" data-end=\"1035\">Certificado de Garantia de Autenticidade<\/strong>, assegurando a <strong data-start=\"1051\" data-end=\"1069\">dura\u00e7\u00e3o eterna<\/strong> do material. Diferente das bijuterias, pe\u00e7as em Prata 925 mant\u00eam brilho e valor por toda a vida, assim como o <strong data-start=\"1180\" data-end=\"1192\">Ouro 18k<\/strong>.<\/p>\n<hr data-start=\"1197\" data-end=\"1202\">\n<p data-start=\"1204\" data-end=\"1353\" data-is-last-node=\"\" data-is-only-node=\"\">","protected":false},"excerpt":{"rendered":"<p>Detalhes do Produto: Bracelete em Prata 925 leg\u00edtima, com design cl\u00e1ssico e liso, perfeito para quem busca sofistica\u00e7\u00e3o em uma pe\u00e7a vers\u00e1til. O modelo conta&#8230;<\/p>","protected":false},"featured_media":4763,"comment_status":"open","ping_status":"closed","template":"","meta":[],"etheme_brands":[],"product_brand":[],"product_cat":[101,91],"product_tag":[133],"class_list":{"0":"post-4764","1":"product","2":"type-product","3":"status-publish","4":"has-post-thumbnail","6":"product_cat-categoriabraceletesbracelete-feminino","7":"product_cat-categoriabraceletes","8":"product_tag-uze-pratas","10":"first","11":"outofstock","12":"shipping-taxable","13":"purchasable","14":"product-type-simple"},"_links":{"self":[{"href":"https:\/\/agenciausphot.com\/uze\/en\/wp-json\/wp\/v2\/product\/4764","targetHints":{"allow":["GET"]}}],"collection":[{"href":"https:\/\/agenciausphot.com\/uze\/en\/wp-json\/wp\/v2\/product"}],"about":[{"href":"https:\/\/agenciausphot.com\/uze\/en\/wp-json\/wp\/v2\/types\/product"}],"replies":[{"embeddable":true,"href":"https:\/\/agenciausphot.com\/uze\/en\/wp-json\/wp\/v2\/comments?post=4764"}],"version-history":[{"count":1,"href":"https:\/\/agenciausphot.com\/uze\/en\/wp-json\/wp\/v2\/product\/4764\/revisions"}],"predecessor-version":[{"id":5882,"href":"https:\/\/agenciausphot.com\/uze\/en\/wp-json\/wp\/v2\/product\/4764\/revisions\/5882"}],"wp:featuredmedia":[{"embeddable":true,"href":"https:\/\/agenciausphot.com\/uze\/en\/wp-json\/wp\/v2\/media\/4763"}],"wp:attachment":[{"href":"https:\/\/agenciausphot.com\/uze\/en\/wp-json\/wp\/v2\/media?parent=4764"}],"wp:term":[{"taxonomy":"brand","embeddable":true,"href":"https:\/\/agenciausphot.com\/uze\/en\/wp-json\/wp\/v2\/etheme_brands?post=4764"},{"taxonomy":"product_brand","embeddable":true,"href":"https:\/\/agenciausphot.com\/uze\/en\/wp-json\/wp\/v2\/product_brand?post=4764"},{"taxonomy":"product_cat","embeddable":true,"href":"https:\/\/agenciausphot.com\/uze\/en\/wp-json\/wp\/v2\/product_cat?post=4764"},{"taxonomy":"product_tag","embeddable":true,"href":"https:\/\/agenciausphot.com\/uze\/en\/wp-json\/wp\/v2\/product_tag?post=4764"}],"curies":[{"name":"wp","href":"https:\/\/api.w.org\/{rel}","templated":true}]}}