{"id":4760,"date":"2025-10-29T13:03:01","date_gmt":"2025-10-29T13:03:01","guid":{"rendered":"https:\/\/agenciausphot.com\/uze\/produto\/bracelete-com-fecho-5mm\/"},"modified":"2025-11-14T19:23:41","modified_gmt":"2025-11-14T19:23:41","slug":"bracelete-com-fecho-5mm","status":"publish","type":"product","link":"https:\/\/agenciausphot.com\/uze\/en\/product\/bracelete-com-fecho-5mm\/","title":{"rendered":"Bracelete com fecho 5mm"},"content":{"rendered":"<h3 data-start=\"101\" data-end=\"127\">Detalhes do Produto:<\/h3>\n<p data-start=\"128\" data-end=\"494\">Bracelete em <strong data-start=\"141\" data-end=\"163\">Prata 925 leg\u00edtima<\/strong>, com <strong data-start=\"169\" data-end=\"189\">5mm de espessura<\/strong> e acabamento polido, proporcionando brilho intenso e sofistica\u00e7\u00e3o. O modelo conta com <strong data-start=\"276\" data-end=\"298\">fecho de seguran\u00e7a<\/strong>, garantindo praticidade e firmeza no uso, sem abrir com facilidade. Uma joia vers\u00e1til, moderna e elegante, perfeita para ser usada sozinha como destaque ou em combina\u00e7\u00f5es com outros acess\u00f3rios.<\/p>\n<p data-start=\"496\" data-end=\"616\">As pratas 925 possuem <strong data-start=\"518\" data-end=\"540\">garantia vital\u00edcia<\/strong>, reconhecidas por sua qualidade, resist\u00eancia e excelente custo-benef\u00edcio.<\/p>\n<hr data-start=\"618\" data-end=\"621\">\n<h3 data-start=\"623\" data-end=\"655\">Especifica\u00e7\u00f5es do produto:<\/h3>\n<ul data-start=\"656\" data-end=\"836\">\n<li data-start=\"656\" data-end=\"704\">\n<p data-start=\"658\" data-end=\"704\"><strong data-start=\"658\" data-end=\"669\">Modelo:<\/strong> Bracelete com Fecho 5mm em Prata<\/p>\n<\/li>\n<li data-start=\"705\" data-end=\"727\">\n<p data-start=\"707\" data-end=\"727\"><strong data-start=\"707\" data-end=\"721\">Espessura:<\/strong> 5mm<\/p>\n<\/li>\n<li data-start=\"728\" data-end=\"764\">\n<p data-start=\"730\" data-end=\"764\"><strong data-start=\"730\" data-end=\"743\">Material:<\/strong> Prata 925 leg\u00edtima<\/p>\n<\/li>\n<li data-start=\"765\" data-end=\"788\">\n<p data-start=\"767\" data-end=\"788\"><strong data-start=\"767\" data-end=\"778\">G\u00eanero:<\/strong> Unissex<\/p>\n<\/li>\n<li data-start=\"789\" data-end=\"836\">\n<p data-start=\"791\" data-end=\"836\"><strong data-start=\"791\" data-end=\"800\">Peso:<\/strong> Aprox. conforme tamanho escolhido<\/p>\n<\/li>\n<\/ul>\n<hr data-start=\"838\" data-end=\"841\">\n<h3 data-start=\"843\" data-end=\"858\">Garantia:<\/h3>\n<p data-start=\"859\" data-end=\"1114\">Todos os braceletes em <strong data-start=\"882\" data-end=\"895\">Prata 925<\/strong> acompanham <strong data-start=\"907\" data-end=\"951\">Certificado de Garantia de Autenticidade<\/strong>, assegurando a <strong data-start=\"967\" data-end=\"985\">dura\u00e7\u00e3o eterna<\/strong> do material. Diferente das bijuterias, pe\u00e7as em Prata 925 preservam brilho e valor por toda a vida, assim como o <strong data-start=\"1099\" data-end=\"1111\">Ouro 18k<\/strong>.<\/p>","protected":false},"excerpt":{"rendered":"<p>Detalhes do Produto: Bracelete em Prata 925 leg\u00edtima, com 5mm de espessura e acabamento polido, proporcionando brilho intenso e sofistica\u00e7\u00e3o. O modelo conta com fecho&#8230;<\/p>","protected":false},"featured_media":4758,"comment_status":"open","ping_status":"closed","template":"","meta":[],"etheme_brands":[],"product_brand":[],"product_cat":[101,91],"product_tag":[133],"class_list":{"0":"post-4760","1":"product","2":"type-product","3":"status-publish","4":"has-post-thumbnail","6":"product_cat-categoriabraceletesbracelete-feminino","7":"product_cat-categoriabraceletes","8":"product_tag-uze-pratas","10":"first","11":"outofstock","12":"shipping-taxable","13":"product-type-variable"},"_links":{"self":[{"href":"https:\/\/agenciausphot.com\/uze\/en\/wp-json\/wp\/v2\/product\/4760","targetHints":{"allow":["GET"]}}],"collection":[{"href":"https:\/\/agenciausphot.com\/uze\/en\/wp-json\/wp\/v2\/product"}],"about":[{"href":"https:\/\/agenciausphot.com\/uze\/en\/wp-json\/wp\/v2\/types\/product"}],"replies":[{"embeddable":true,"href":"https:\/\/agenciausphot.com\/uze\/en\/wp-json\/wp\/v2\/comments?post=4760"}],"version-history":[{"count":1,"href":"https:\/\/agenciausphot.com\/uze\/en\/wp-json\/wp\/v2\/product\/4760\/revisions"}],"predecessor-version":[{"id":5880,"href":"https:\/\/agenciausphot.com\/uze\/en\/wp-json\/wp\/v2\/product\/4760\/revisions\/5880"}],"wp:featuredmedia":[{"embeddable":true,"href":"https:\/\/agenciausphot.com\/uze\/en\/wp-json\/wp\/v2\/media\/4758"}],"wp:attachment":[{"href":"https:\/\/agenciausphot.com\/uze\/en\/wp-json\/wp\/v2\/media?parent=4760"}],"wp:term":[{"taxonomy":"brand","embeddable":true,"href":"https:\/\/agenciausphot.com\/uze\/en\/wp-json\/wp\/v2\/etheme_brands?post=4760"},{"taxonomy":"product_brand","embeddable":true,"href":"https:\/\/agenciausphot.com\/uze\/en\/wp-json\/wp\/v2\/product_brand?post=4760"},{"taxonomy":"product_cat","embeddable":true,"href":"https:\/\/agenciausphot.com\/uze\/en\/wp-json\/wp\/v2\/product_cat?post=4760"},{"taxonomy":"product_tag","embeddable":true,"href":"https:\/\/agenciausphot.com\/uze\/en\/wp-json\/wp\/v2\/product_tag?post=4760"}],"curies":[{"name":"wp","href":"https:\/\/api.w.org\/{rel}","templated":true}]}}