{"id":4749,"date":"2025-10-29T13:02:52","date_gmt":"2025-10-29T13:02:52","guid":{"rendered":"https:\/\/agenciausphot.com\/uze\/produto\/duo-de-brincos-argola-lisa\/"},"modified":"2025-11-18T14:05:59","modified_gmt":"2025-11-18T14:05:59","slug":"duo-de-brincos-argola-lisa","status":"publish","type":"product","link":"https:\/\/agenciausphot.com\/uze\/en\/product\/duo-de-brincos-argola-lisa\/","title":{"rendered":"Duo de brincos argola lisa"},"content":{"rendered":"<p data-start=\"50\" data-end=\"280\"><strong data-start=\"50\" data-end=\"93\">Duo de Brincos Argola Lisa em Prata 925<\/strong><br data-start=\"93\" data-end=\"96\"><br \/>\nCl\u00e1ssico e vers\u00e1til, este duo de argolas lisas \u00e9 perfeito para compor looks modernos e atemporais em qualquer ocasi\u00e3o. Produzido em <strong data-start=\"228\" data-end=\"250\">Prata 925 leg\u00edtima<\/strong> com <strong data-start=\"255\" data-end=\"277\">garantia vital\u00edcia<\/strong>.<\/p>","protected":false},"excerpt":{"rendered":"<p>Duo de Brincos Argola Lisa em Prata 925 Cl\u00e1ssico e vers\u00e1til, este duo de argolas lisas \u00e9 perfeito para compor looks modernos e atemporais em&#8230;<\/p>","protected":false},"featured_media":4748,"comment_status":"open","ping_status":"closed","template":"","meta":[],"etheme_brands":[],"product_brand":[],"product_cat":[117,97],"product_tag":[133],"class_list":{"0":"post-4749","1":"product","2":"type-product","3":"status-publish","4":"has-post-thumbnail","6":"product_cat-categoriabrincosbrinco-feminino","7":"product_cat-categoriabrincos","8":"product_tag-uze-pratas","10":"first","11":"outofstock","12":"shipping-taxable","13":"purchasable","14":"product-type-simple"},"_links":{"self":[{"href":"https:\/\/agenciausphot.com\/uze\/en\/wp-json\/wp\/v2\/product\/4749","targetHints":{"allow":["GET"]}}],"collection":[{"href":"https:\/\/agenciausphot.com\/uze\/en\/wp-json\/wp\/v2\/product"}],"about":[{"href":"https:\/\/agenciausphot.com\/uze\/en\/wp-json\/wp\/v2\/types\/product"}],"replies":[{"embeddable":true,"href":"https:\/\/agenciausphot.com\/uze\/en\/wp-json\/wp\/v2\/comments?post=4749"}],"version-history":[{"count":1,"href":"https:\/\/agenciausphot.com\/uze\/en\/wp-json\/wp\/v2\/product\/4749\/revisions"}],"predecessor-version":[{"id":5875,"href":"https:\/\/agenciausphot.com\/uze\/en\/wp-json\/wp\/v2\/product\/4749\/revisions\/5875"}],"wp:featuredmedia":[{"embeddable":true,"href":"https:\/\/agenciausphot.com\/uze\/en\/wp-json\/wp\/v2\/media\/4748"}],"wp:attachment":[{"href":"https:\/\/agenciausphot.com\/uze\/en\/wp-json\/wp\/v2\/media?parent=4749"}],"wp:term":[{"taxonomy":"brand","embeddable":true,"href":"https:\/\/agenciausphot.com\/uze\/en\/wp-json\/wp\/v2\/etheme_brands?post=4749"},{"taxonomy":"product_brand","embeddable":true,"href":"https:\/\/agenciausphot.com\/uze\/en\/wp-json\/wp\/v2\/product_brand?post=4749"},{"taxonomy":"product_cat","embeddable":true,"href":"https:\/\/agenciausphot.com\/uze\/en\/wp-json\/wp\/v2\/product_cat?post=4749"},{"taxonomy":"product_tag","embeddable":true,"href":"https:\/\/agenciausphot.com\/uze\/en\/wp-json\/wp\/v2\/product_tag?post=4749"}],"curies":[{"name":"wp","href":"https:\/\/api.w.org\/{rel}","templated":true}]}}