{"id":4739,"date":"2025-10-29T13:02:45","date_gmt":"2025-10-29T13:02:45","guid":{"rendered":"https:\/\/agenciausphot.com\/uze\/produto\/brinco-ponto-de-luz-coracao\/"},"modified":"2025-11-04T20:34:51","modified_gmt":"2025-11-04T20:34:51","slug":"brinco-ponto-de-luz-coracao","status":"publish","type":"product","link":"https:\/\/agenciausphot.com\/uze\/en\/product\/brinco-ponto-de-luz-coracao\/","title":{"rendered":"Brinco ponto de luz cora\u00e7\u00e3o"},"content":{"rendered":"<p data-start=\"50\" data-end=\"272\"><strong data-start=\"50\" data-end=\"94\">Brinco Ponto de Luz Cora\u00e7\u00e3o em Prata 925<\/strong><br data-start=\"94\" data-end=\"97\"><br \/>\nDelicado e rom\u00e2ntico, este brinco une o brilho do ponto de luz ao charme do cora\u00e7\u00e3o em um design minimalista. Produzido em <strong data-start=\"220\" data-end=\"242\">Prata 925 leg\u00edtima<\/strong> com <strong data-start=\"247\" data-end=\"269\">garantia vital\u00edcia<\/strong>.<\/p>","protected":false},"excerpt":{"rendered":"<p>Brinco Ponto de Luz Cora\u00e7\u00e3o em Prata 925 Delicado e rom\u00e2ntico, este brinco une o brilho do ponto de luz ao charme do cora\u00e7\u00e3o em&#8230;<\/p>","protected":false},"featured_media":4738,"comment_status":"open","ping_status":"closed","template":"","meta":[],"etheme_brands":[],"product_brand":[],"product_cat":[117,97],"product_tag":[133],"class_list":{"0":"post-4739","1":"product","2":"type-product","3":"status-publish","4":"has-post-thumbnail","6":"product_cat-categoriabrincosbrinco-feminino","7":"product_cat-categoriabrincos","8":"product_tag-uze-pratas","10":"first","11":"instock","12":"shipping-taxable","13":"purchasable","14":"product-type-simple"},"_links":{"self":[{"href":"https:\/\/agenciausphot.com\/uze\/en\/wp-json\/wp\/v2\/product\/4739","targetHints":{"allow":["GET"]}}],"collection":[{"href":"https:\/\/agenciausphot.com\/uze\/en\/wp-json\/wp\/v2\/product"}],"about":[{"href":"https:\/\/agenciausphot.com\/uze\/en\/wp-json\/wp\/v2\/types\/product"}],"replies":[{"embeddable":true,"href":"https:\/\/agenciausphot.com\/uze\/en\/wp-json\/wp\/v2\/comments?post=4739"}],"version-history":[{"count":1,"href":"https:\/\/agenciausphot.com\/uze\/en\/wp-json\/wp\/v2\/product\/4739\/revisions"}],"predecessor-version":[{"id":5870,"href":"https:\/\/agenciausphot.com\/uze\/en\/wp-json\/wp\/v2\/product\/4739\/revisions\/5870"}],"wp:featuredmedia":[{"embeddable":true,"href":"https:\/\/agenciausphot.com\/uze\/en\/wp-json\/wp\/v2\/media\/4738"}],"wp:attachment":[{"href":"https:\/\/agenciausphot.com\/uze\/en\/wp-json\/wp\/v2\/media?parent=4739"}],"wp:term":[{"taxonomy":"brand","embeddable":true,"href":"https:\/\/agenciausphot.com\/uze\/en\/wp-json\/wp\/v2\/etheme_brands?post=4739"},{"taxonomy":"product_brand","embeddable":true,"href":"https:\/\/agenciausphot.com\/uze\/en\/wp-json\/wp\/v2\/product_brand?post=4739"},{"taxonomy":"product_cat","embeddable":true,"href":"https:\/\/agenciausphot.com\/uze\/en\/wp-json\/wp\/v2\/product_cat?post=4739"},{"taxonomy":"product_tag","embeddable":true,"href":"https:\/\/agenciausphot.com\/uze\/en\/wp-json\/wp\/v2\/product_tag?post=4739"}],"curies":[{"name":"wp","href":"https:\/\/api.w.org\/{rel}","templated":true}]}}