{"id":4733,"date":"2025-10-29T13:02:41","date_gmt":"2025-10-29T13:02:41","guid":{"rendered":"https:\/\/agenciausphot.com\/uze\/produto\/brinco-mandala-flor-com-zirconias\/"},"modified":"2025-11-04T20:34:50","modified_gmt":"2025-11-04T20:34:50","slug":"brinco-mandala-flor-com-zirconias","status":"publish","type":"product","link":"https:\/\/agenciausphot.com\/uze\/en\/product\/brinco-mandala-flor-com-zirconias\/","title":{"rendered":"Brinco mandala flor com zirc\u00f4nias"},"content":{"rendered":"<p data-start=\"50\" data-end=\"306\"><strong data-start=\"50\" data-end=\"100\">Brinco Mandala Flor com Zirc\u00f4nias em Prata 925<\/strong><br data-start=\"100\" data-end=\"103\"><br \/>\nEncantador e sofisticado, este brinco em formato de mandala com desenho de flor \u00e9 cravejado com zirc\u00f4nias que trazem brilho e delicadeza. Produzido em <strong data-start=\"254\" data-end=\"276\">Prata 925 leg\u00edtima<\/strong> com <strong data-start=\"281\" data-end=\"303\">garantia vital\u00edcia<\/strong>.<\/p>","protected":false},"excerpt":{"rendered":"<p>Brinco Mandala Flor com Zirc\u00f4nias em Prata 925 Encantador e sofisticado, este brinco em formato de mandala com desenho de flor \u00e9 cravejado com zirc\u00f4nias&#8230;<\/p>","protected":false},"featured_media":4732,"comment_status":"open","ping_status":"closed","template":"","meta":[],"etheme_brands":[],"product_brand":[],"product_cat":[117,97],"product_tag":[133],"class_list":{"0":"post-4733","1":"product","2":"type-product","3":"status-publish","4":"has-post-thumbnail","6":"product_cat-categoriabrincosbrinco-feminino","7":"product_cat-categoriabrincos","8":"product_tag-uze-pratas","10":"first","11":"instock","12":"shipping-taxable","13":"purchasable","14":"product-type-simple"},"_links":{"self":[{"href":"https:\/\/agenciausphot.com\/uze\/en\/wp-json\/wp\/v2\/product\/4733","targetHints":{"allow":["GET"]}}],"collection":[{"href":"https:\/\/agenciausphot.com\/uze\/en\/wp-json\/wp\/v2\/product"}],"about":[{"href":"https:\/\/agenciausphot.com\/uze\/en\/wp-json\/wp\/v2\/types\/product"}],"replies":[{"embeddable":true,"href":"https:\/\/agenciausphot.com\/uze\/en\/wp-json\/wp\/v2\/comments?post=4733"}],"version-history":[{"count":1,"href":"https:\/\/agenciausphot.com\/uze\/en\/wp-json\/wp\/v2\/product\/4733\/revisions"}],"predecessor-version":[{"id":5867,"href":"https:\/\/agenciausphot.com\/uze\/en\/wp-json\/wp\/v2\/product\/4733\/revisions\/5867"}],"wp:featuredmedia":[{"embeddable":true,"href":"https:\/\/agenciausphot.com\/uze\/en\/wp-json\/wp\/v2\/media\/4732"}],"wp:attachment":[{"href":"https:\/\/agenciausphot.com\/uze\/en\/wp-json\/wp\/v2\/media?parent=4733"}],"wp:term":[{"taxonomy":"brand","embeddable":true,"href":"https:\/\/agenciausphot.com\/uze\/en\/wp-json\/wp\/v2\/etheme_brands?post=4733"},{"taxonomy":"product_brand","embeddable":true,"href":"https:\/\/agenciausphot.com\/uze\/en\/wp-json\/wp\/v2\/product_brand?post=4733"},{"taxonomy":"product_cat","embeddable":true,"href":"https:\/\/agenciausphot.com\/uze\/en\/wp-json\/wp\/v2\/product_cat?post=4733"},{"taxonomy":"product_tag","embeddable":true,"href":"https:\/\/agenciausphot.com\/uze\/en\/wp-json\/wp\/v2\/product_tag?post=4733"}],"curies":[{"name":"wp","href":"https:\/\/api.w.org\/{rel}","templated":true}]}}