{"id":4725,"date":"2025-10-29T13:02:36","date_gmt":"2025-10-29T13:02:36","guid":{"rendered":"https:\/\/agenciausphot.com\/uze\/produto\/brinco-argola-oval-click\/"},"modified":"2025-11-18T14:05:57","modified_gmt":"2025-11-18T14:05:57","slug":"brinco-argola-oval-click","status":"publish","type":"product","link":"https:\/\/agenciausphot.com\/uze\/en\/product\/brinco-argola-oval-click\/","title":{"rendered":"Brinco argola oval click"},"content":{"rendered":"<p data-start=\"50\" data-end=\"275\"><strong data-start=\"50\" data-end=\"91\">Brinco Argola Oval Click em Prata 925<\/strong><br data-start=\"91\" data-end=\"94\"><br \/>\nElegante e pr\u00e1tico, este brinco argola oval com fecho click combina conforto e sofistica\u00e7\u00e3o em um design atemporal. Produzido em <strong data-start=\"223\" data-end=\"245\">Prata 925 leg\u00edtima<\/strong> com <strong data-start=\"250\" data-end=\"272\">garantia vital\u00edcia<\/strong>.<\/p>","protected":false},"excerpt":{"rendered":"<p>Brinco Argola Oval Click em Prata 925 Elegante e pr\u00e1tico, este brinco argola oval com fecho click combina conforto e sofistica\u00e7\u00e3o em um design atemporal&#8230;.<\/p>","protected":false},"featured_media":4724,"comment_status":"open","ping_status":"closed","template":"","meta":[],"etheme_brands":[],"product_brand":[],"product_cat":[117,97],"product_tag":[133],"class_list":{"0":"post-4725","1":"product","2":"type-product","3":"status-publish","4":"has-post-thumbnail","6":"product_cat-categoriabrincosbrinco-feminino","7":"product_cat-categoriabrincos","8":"product_tag-uze-pratas","10":"first","11":"outofstock","12":"shipping-taxable","13":"purchasable","14":"product-type-simple"},"_links":{"self":[{"href":"https:\/\/agenciausphot.com\/uze\/en\/wp-json\/wp\/v2\/product\/4725","targetHints":{"allow":["GET"]}}],"collection":[{"href":"https:\/\/agenciausphot.com\/uze\/en\/wp-json\/wp\/v2\/product"}],"about":[{"href":"https:\/\/agenciausphot.com\/uze\/en\/wp-json\/wp\/v2\/types\/product"}],"replies":[{"embeddable":true,"href":"https:\/\/agenciausphot.com\/uze\/en\/wp-json\/wp\/v2\/comments?post=4725"}],"version-history":[{"count":1,"href":"https:\/\/agenciausphot.com\/uze\/en\/wp-json\/wp\/v2\/product\/4725\/revisions"}],"predecessor-version":[{"id":5863,"href":"https:\/\/agenciausphot.com\/uze\/en\/wp-json\/wp\/v2\/product\/4725\/revisions\/5863"}],"wp:featuredmedia":[{"embeddable":true,"href":"https:\/\/agenciausphot.com\/uze\/en\/wp-json\/wp\/v2\/media\/4724"}],"wp:attachment":[{"href":"https:\/\/agenciausphot.com\/uze\/en\/wp-json\/wp\/v2\/media?parent=4725"}],"wp:term":[{"taxonomy":"brand","embeddable":true,"href":"https:\/\/agenciausphot.com\/uze\/en\/wp-json\/wp\/v2\/etheme_brands?post=4725"},{"taxonomy":"product_brand","embeddable":true,"href":"https:\/\/agenciausphot.com\/uze\/en\/wp-json\/wp\/v2\/product_brand?post=4725"},{"taxonomy":"product_cat","embeddable":true,"href":"https:\/\/agenciausphot.com\/uze\/en\/wp-json\/wp\/v2\/product_cat?post=4725"},{"taxonomy":"product_tag","embeddable":true,"href":"https:\/\/agenciausphot.com\/uze\/en\/wp-json\/wp\/v2\/product_tag?post=4725"}],"curies":[{"name":"wp","href":"https:\/\/api.w.org\/{rel}","templated":true}]}}