{"id":4723,"date":"2025-10-29T13:02:34","date_gmt":"2025-10-29T13:02:34","guid":{"rendered":"https:\/\/agenciausphot.com\/uze\/produto\/trio-de-brinco-coracao-transparente\/"},"modified":"2025-11-04T20:34:46","modified_gmt":"2025-11-04T20:34:46","slug":"trio-de-brinco-coracao-transparente","status":"publish","type":"product","link":"https:\/\/agenciausphot.com\/uze\/en\/product\/trio-de-brinco-coracao-transparente\/","title":{"rendered":"Trio de brinco cora\u00e7\u00e3o transparente"},"content":{"rendered":"<p><strong data-start=\"50\" data-end=\"103\">Trio de Brincos Cora\u00e7\u00e3o Transparente em Prata 925<\/strong><br data-start=\"103\" data-end=\"106\"><br \/>\nDelicado e vers\u00e1til, este trio de brincos em formato de cora\u00e7\u00e3o com zirc\u00f4nias transparentes oferece brilho sutil e romantismo em diferentes tamanhos. Produzido em <strong data-start=\"269\" data-end=\"291\">Prata 925 leg\u00edtima<\/strong> com <strong data-start=\"296\" data-end=\"318\">garantia vital\u00edcia<\/strong>.<\/p>","protected":false},"excerpt":{"rendered":"<p>Trio de Brincos Cora\u00e7\u00e3o Transparente em Prata 925 Delicado e vers\u00e1til, este trio de brincos em formato de cora\u00e7\u00e3o com zirc\u00f4nias transparentes oferece brilho sutil&#8230;<\/p>","protected":false},"featured_media":4722,"comment_status":"open","ping_status":"closed","template":"","meta":[],"etheme_brands":[],"product_brand":[],"product_cat":[117,97],"product_tag":[133],"class_list":{"0":"post-4723","1":"product","2":"type-product","3":"status-publish","4":"has-post-thumbnail","6":"product_cat-categoriabrincosbrinco-feminino","7":"product_cat-categoriabrincos","8":"product_tag-uze-pratas","10":"first","11":"instock","12":"shipping-taxable","13":"purchasable","14":"product-type-simple"},"_links":{"self":[{"href":"https:\/\/agenciausphot.com\/uze\/en\/wp-json\/wp\/v2\/product\/4723","targetHints":{"allow":["GET"]}}],"collection":[{"href":"https:\/\/agenciausphot.com\/uze\/en\/wp-json\/wp\/v2\/product"}],"about":[{"href":"https:\/\/agenciausphot.com\/uze\/en\/wp-json\/wp\/v2\/types\/product"}],"replies":[{"embeddable":true,"href":"https:\/\/agenciausphot.com\/uze\/en\/wp-json\/wp\/v2\/comments?post=4723"}],"version-history":[{"count":1,"href":"https:\/\/agenciausphot.com\/uze\/en\/wp-json\/wp\/v2\/product\/4723\/revisions"}],"predecessor-version":[{"id":5862,"href":"https:\/\/agenciausphot.com\/uze\/en\/wp-json\/wp\/v2\/product\/4723\/revisions\/5862"}],"wp:featuredmedia":[{"embeddable":true,"href":"https:\/\/agenciausphot.com\/uze\/en\/wp-json\/wp\/v2\/media\/4722"}],"wp:attachment":[{"href":"https:\/\/agenciausphot.com\/uze\/en\/wp-json\/wp\/v2\/media?parent=4723"}],"wp:term":[{"taxonomy":"brand","embeddable":true,"href":"https:\/\/agenciausphot.com\/uze\/en\/wp-json\/wp\/v2\/etheme_brands?post=4723"},{"taxonomy":"product_brand","embeddable":true,"href":"https:\/\/agenciausphot.com\/uze\/en\/wp-json\/wp\/v2\/product_brand?post=4723"},{"taxonomy":"product_cat","embeddable":true,"href":"https:\/\/agenciausphot.com\/uze\/en\/wp-json\/wp\/v2\/product_cat?post=4723"},{"taxonomy":"product_tag","embeddable":true,"href":"https:\/\/agenciausphot.com\/uze\/en\/wp-json\/wp\/v2\/product_tag?post=4723"}],"curies":[{"name":"wp","href":"https:\/\/api.w.org\/{rel}","templated":true}]}}