{"id":4694,"date":"2025-10-29T13:02:13","date_gmt":"2025-10-29T13:02:13","guid":{"rendered":"https:\/\/agenciausphot.com\/uze\/produto\/brinco-circulo-pand\/"},"modified":"2026-01-13T06:15:36","modified_gmt":"2026-01-13T06:15:36","slug":"brinco-circulo-pand","status":"publish","type":"product","link":"https:\/\/agenciausphot.com\/uze\/en\/product\/brinco-circulo-pand\/","title":{"rendered":"Brinco c\u00edrculo pand."},"content":{"rendered":"<p data-start=\"50\" data-end=\"271\"><strong data-start=\"50\" data-end=\"86\">Brinco C\u00edrculo Pand em Prata 925<\/strong><br data-start=\"86\" data-end=\"89\"><br \/>\nModerno e estiloso, este brinco em formato de c\u00edrculo pand \u00e9 perfeito para complementar qualquer look com eleg\u00e2ncia. Produzido em <strong data-start=\"219\" data-end=\"241\">Prata 925 leg\u00edtima<\/strong> com <strong data-start=\"246\" data-end=\"268\">garantia vital\u00edcia<\/strong>.<\/p>","protected":false},"excerpt":{"rendered":"<p>Brinco C\u00edrculo Pand em Prata 925 Moderno e estiloso, este brinco em formato de c\u00edrculo pand \u00e9 perfeito para complementar qualquer look com eleg\u00e2ncia. Produzido&#8230;<\/p>","protected":false},"featured_media":4693,"comment_status":"open","ping_status":"closed","template":"","meta":[],"etheme_brands":[],"product_brand":[],"product_cat":[117,97],"product_tag":[133],"class_list":{"0":"post-4694","1":"product","2":"type-product","3":"status-publish","4":"has-post-thumbnail","6":"product_cat-categoriabrincosbrinco-feminino","7":"product_cat-categoriabrincos","8":"product_tag-uze-pratas","10":"first","11":"instock","12":"shipping-taxable","13":"purchasable","14":"product-type-simple"},"_links":{"self":[{"href":"https:\/\/agenciausphot.com\/uze\/en\/wp-json\/wp\/v2\/product\/4694","targetHints":{"allow":["GET"]}}],"collection":[{"href":"https:\/\/agenciausphot.com\/uze\/en\/wp-json\/wp\/v2\/product"}],"about":[{"href":"https:\/\/agenciausphot.com\/uze\/en\/wp-json\/wp\/v2\/types\/product"}],"replies":[{"embeddable":true,"href":"https:\/\/agenciausphot.com\/uze\/en\/wp-json\/wp\/v2\/comments?post=4694"}],"version-history":[{"count":1,"href":"https:\/\/agenciausphot.com\/uze\/en\/wp-json\/wp\/v2\/product\/4694\/revisions"}],"predecessor-version":[{"id":5849,"href":"https:\/\/agenciausphot.com\/uze\/en\/wp-json\/wp\/v2\/product\/4694\/revisions\/5849"}],"wp:featuredmedia":[{"embeddable":true,"href":"https:\/\/agenciausphot.com\/uze\/en\/wp-json\/wp\/v2\/media\/4693"}],"wp:attachment":[{"href":"https:\/\/agenciausphot.com\/uze\/en\/wp-json\/wp\/v2\/media?parent=4694"}],"wp:term":[{"taxonomy":"brand","embeddable":true,"href":"https:\/\/agenciausphot.com\/uze\/en\/wp-json\/wp\/v2\/etheme_brands?post=4694"},{"taxonomy":"product_brand","embeddable":true,"href":"https:\/\/agenciausphot.com\/uze\/en\/wp-json\/wp\/v2\/product_brand?post=4694"},{"taxonomy":"product_cat","embeddable":true,"href":"https:\/\/agenciausphot.com\/uze\/en\/wp-json\/wp\/v2\/product_cat?post=4694"},{"taxonomy":"product_tag","embeddable":true,"href":"https:\/\/agenciausphot.com\/uze\/en\/wp-json\/wp\/v2\/product_tag?post=4694"}],"curies":[{"name":"wp","href":"https:\/\/api.w.org\/{rel}","templated":true}]}}