{"id":4690,"date":"2025-10-29T13:02:10","date_gmt":"2025-10-29T13:02:10","guid":{"rendered":"https:\/\/agenciausphot.com\/uze\/produto\/brinco-redondo-zirconia-rosa-avermelho\/"},"modified":"2025-11-04T20:34:36","modified_gmt":"2025-11-04T20:34:36","slug":"brinco-redondo-zirconia-rosa-avermelho","status":"publish","type":"product","link":"https:\/\/agenciausphot.com\/uze\/en\/product\/brinco-redondo-zirconia-rosa-avermelho\/","title":{"rendered":"Brinco redondo zirconia rosa avermelho"},"content":{"rendered":"<p data-start=\"50\" data-end=\"298\"><strong data-start=\"50\" data-end=\"107\">Brinco Redondo Zirc\u00f4nia Rosa Avermelhado em Prata 925<\/strong><br data-start=\"107\" data-end=\"110\"><br \/>\nDelicado e sofisticado, este brinco redondo \u00e9 adornado com zirc\u00f4nia rosa avermelhada que real\u00e7a o brilho e a feminilidade. Produzido em <strong data-start=\"246\" data-end=\"268\">Prata 925 leg\u00edtima<\/strong> com <strong data-start=\"273\" data-end=\"295\">garantia vital\u00edcia<\/strong>.<\/p>","protected":false},"excerpt":{"rendered":"<p>Brinco Redondo Zirc\u00f4nia Rosa Avermelhado em Prata 925 Delicado e sofisticado, este brinco redondo \u00e9 adornado com zirc\u00f4nia rosa avermelhada que real\u00e7a o brilho e&#8230;<\/p>","protected":false},"featured_media":4689,"comment_status":"open","ping_status":"closed","template":"","meta":[],"etheme_brands":[],"product_brand":[],"product_cat":[117,97],"product_tag":[133],"class_list":{"0":"post-4690","1":"product","2":"type-product","3":"status-publish","4":"has-post-thumbnail","6":"product_cat-categoriabrincosbrinco-feminino","7":"product_cat-categoriabrincos","8":"product_tag-uze-pratas","10":"first","11":"instock","12":"shipping-taxable","13":"purchasable","14":"product-type-simple"},"_links":{"self":[{"href":"https:\/\/agenciausphot.com\/uze\/en\/wp-json\/wp\/v2\/product\/4690","targetHints":{"allow":["GET"]}}],"collection":[{"href":"https:\/\/agenciausphot.com\/uze\/en\/wp-json\/wp\/v2\/product"}],"about":[{"href":"https:\/\/agenciausphot.com\/uze\/en\/wp-json\/wp\/v2\/types\/product"}],"replies":[{"embeddable":true,"href":"https:\/\/agenciausphot.com\/uze\/en\/wp-json\/wp\/v2\/comments?post=4690"}],"version-history":[{"count":1,"href":"https:\/\/agenciausphot.com\/uze\/en\/wp-json\/wp\/v2\/product\/4690\/revisions"}],"predecessor-version":[{"id":5847,"href":"https:\/\/agenciausphot.com\/uze\/en\/wp-json\/wp\/v2\/product\/4690\/revisions\/5847"}],"wp:featuredmedia":[{"embeddable":true,"href":"https:\/\/agenciausphot.com\/uze\/en\/wp-json\/wp\/v2\/media\/4689"}],"wp:attachment":[{"href":"https:\/\/agenciausphot.com\/uze\/en\/wp-json\/wp\/v2\/media?parent=4690"}],"wp:term":[{"taxonomy":"brand","embeddable":true,"href":"https:\/\/agenciausphot.com\/uze\/en\/wp-json\/wp\/v2\/etheme_brands?post=4690"},{"taxonomy":"product_brand","embeddable":true,"href":"https:\/\/agenciausphot.com\/uze\/en\/wp-json\/wp\/v2\/product_brand?post=4690"},{"taxonomy":"product_cat","embeddable":true,"href":"https:\/\/agenciausphot.com\/uze\/en\/wp-json\/wp\/v2\/product_cat?post=4690"},{"taxonomy":"product_tag","embeddable":true,"href":"https:\/\/agenciausphot.com\/uze\/en\/wp-json\/wp\/v2\/product_tag?post=4690"}],"curies":[{"name":"wp","href":"https:\/\/api.w.org\/{rel}","templated":true}]}}