{"id":4680,"date":"2025-10-29T13:02:03","date_gmt":"2025-10-29T13:02:03","guid":{"rendered":"https:\/\/agenciausphot.com\/uze\/produto\/brinco-circulo\/"},"modified":"2025-12-05T04:41:35","modified_gmt":"2025-12-05T04:41:35","slug":"brinco-circulo","status":"publish","type":"product","link":"https:\/\/agenciausphot.com\/uze\/en\/product\/brinco-circulo\/","title":{"rendered":"Brinco c\u00edrculo"},"content":{"rendered":"<p data-start=\"50\" data-end=\"263\"><strong data-start=\"50\" data-end=\"81\">Brinco C\u00edrculo em Prata 925<\/strong><br data-start=\"81\" data-end=\"84\"><br \/>\nCl\u00e1ssico e vers\u00e1til, este brinco em formato de c\u00edrculo \u00e9 a escolha ideal para compor looks modernos e atemporais. Produzido em <strong data-start=\"211\" data-end=\"233\">Prata 925 leg\u00edtima<\/strong> com <strong data-start=\"238\" data-end=\"260\">garantia vital\u00edcia<\/strong>.<\/p>","protected":false},"excerpt":{"rendered":"<p>Brinco C\u00edrculo em Prata 925 Cl\u00e1ssico e vers\u00e1til, este brinco em formato de c\u00edrculo \u00e9 a escolha ideal para compor looks modernos e atemporais. Produzido&#8230;<\/p>","protected":false},"featured_media":4678,"comment_status":"open","ping_status":"closed","template":"","meta":[],"etheme_brands":[],"product_brand":[],"product_cat":[117,97],"product_tag":[133],"class_list":{"0":"post-4680","1":"product","2":"type-product","3":"status-publish","4":"has-post-thumbnail","6":"product_cat-categoriabrincosbrinco-feminino","7":"product_cat-categoriabrincos","8":"product_tag-uze-pratas","10":"first","11":"instock","12":"shipping-taxable","13":"purchasable","14":"product-type-simple"},"_links":{"self":[{"href":"https:\/\/agenciausphot.com\/uze\/en\/wp-json\/wp\/v2\/product\/4680","targetHints":{"allow":["GET"]}}],"collection":[{"href":"https:\/\/agenciausphot.com\/uze\/en\/wp-json\/wp\/v2\/product"}],"about":[{"href":"https:\/\/agenciausphot.com\/uze\/en\/wp-json\/wp\/v2\/types\/product"}],"replies":[{"embeddable":true,"href":"https:\/\/agenciausphot.com\/uze\/en\/wp-json\/wp\/v2\/comments?post=4680"}],"version-history":[{"count":1,"href":"https:\/\/agenciausphot.com\/uze\/en\/wp-json\/wp\/v2\/product\/4680\/revisions"}],"predecessor-version":[{"id":5842,"href":"https:\/\/agenciausphot.com\/uze\/en\/wp-json\/wp\/v2\/product\/4680\/revisions\/5842"}],"wp:featuredmedia":[{"embeddable":true,"href":"https:\/\/agenciausphot.com\/uze\/en\/wp-json\/wp\/v2\/media\/4678"}],"wp:attachment":[{"href":"https:\/\/agenciausphot.com\/uze\/en\/wp-json\/wp\/v2\/media?parent=4680"}],"wp:term":[{"taxonomy":"brand","embeddable":true,"href":"https:\/\/agenciausphot.com\/uze\/en\/wp-json\/wp\/v2\/etheme_brands?post=4680"},{"taxonomy":"product_brand","embeddable":true,"href":"https:\/\/agenciausphot.com\/uze\/en\/wp-json\/wp\/v2\/product_brand?post=4680"},{"taxonomy":"product_cat","embeddable":true,"href":"https:\/\/agenciausphot.com\/uze\/en\/wp-json\/wp\/v2\/product_cat?post=4680"},{"taxonomy":"product_tag","embeddable":true,"href":"https:\/\/agenciausphot.com\/uze\/en\/wp-json\/wp\/v2\/product_tag?post=4680"}],"curies":[{"name":"wp","href":"https:\/\/api.w.org\/{rel}","templated":true}]}}