{"id":4673,"date":"2025-10-29T13:01:57","date_gmt":"2025-10-29T13:01:57","guid":{"rendered":"https:\/\/agenciausphot.com\/uze\/produto\/brinco-de-argola-pingente-coracao-cravejado\/"},"modified":"2025-12-05T04:41:35","modified_gmt":"2025-12-05T04:41:35","slug":"brinco-de-argola-pingente-coracao-cravejado","status":"publish","type":"product","link":"https:\/\/agenciausphot.com\/uze\/en\/product\/brinco-de-argola-pingente-coracao-cravejado\/","title":{"rendered":"Brinco de argola pingente cora\u00e7\u00e3o cravejado"},"content":{"rendered":"<p data-start=\"50\" data-end=\"308\"><strong data-start=\"50\" data-end=\"114\">Brinco de Argola com Pingente Cora\u00e7\u00e3o Cravejado em Prata 925<\/strong><br data-start=\"114\" data-end=\"117\"><br \/>\nDelicado e rom\u00e2ntico, este brinco de argola traz um pingente de cora\u00e7\u00e3o cravejado com zirc\u00f4nias que garantem brilho e charme. Produzido em <strong data-start=\"256\" data-end=\"278\">Prata 925 leg\u00edtima<\/strong> com <strong data-start=\"283\" data-end=\"305\">garantia vital\u00edcia<\/strong>.<\/p>","protected":false},"excerpt":{"rendered":"<p>Brinco de Argola com Pingente Cora\u00e7\u00e3o Cravejado em Prata 925 Delicado e rom\u00e2ntico, este brinco de argola traz um pingente de cora\u00e7\u00e3o cravejado com zirc\u00f4nias&#8230;<\/p>","protected":false},"featured_media":4672,"comment_status":"open","ping_status":"closed","template":"","meta":[],"etheme_brands":[],"product_brand":[],"product_cat":[116,97],"product_tag":[133],"class_list":{"0":"post-4673","1":"product","2":"type-product","3":"status-publish","4":"has-post-thumbnail","6":"product_cat-categoriabrincosbrinco-masculino","7":"product_cat-categoriabrincos","8":"product_tag-uze-pratas","10":"first","11":"outofstock","12":"shipping-taxable","13":"purchasable","14":"product-type-simple"},"_links":{"self":[{"href":"https:\/\/agenciausphot.com\/uze\/en\/wp-json\/wp\/v2\/product\/4673","targetHints":{"allow":["GET"]}}],"collection":[{"href":"https:\/\/agenciausphot.com\/uze\/en\/wp-json\/wp\/v2\/product"}],"about":[{"href":"https:\/\/agenciausphot.com\/uze\/en\/wp-json\/wp\/v2\/types\/product"}],"replies":[{"embeddable":true,"href":"https:\/\/agenciausphot.com\/uze\/en\/wp-json\/wp\/v2\/comments?post=4673"}],"version-history":[{"count":1,"href":"https:\/\/agenciausphot.com\/uze\/en\/wp-json\/wp\/v2\/product\/4673\/revisions"}],"predecessor-version":[{"id":5839,"href":"https:\/\/agenciausphot.com\/uze\/en\/wp-json\/wp\/v2\/product\/4673\/revisions\/5839"}],"wp:featuredmedia":[{"embeddable":true,"href":"https:\/\/agenciausphot.com\/uze\/en\/wp-json\/wp\/v2\/media\/4672"}],"wp:attachment":[{"href":"https:\/\/agenciausphot.com\/uze\/en\/wp-json\/wp\/v2\/media?parent=4673"}],"wp:term":[{"taxonomy":"brand","embeddable":true,"href":"https:\/\/agenciausphot.com\/uze\/en\/wp-json\/wp\/v2\/etheme_brands?post=4673"},{"taxonomy":"product_brand","embeddable":true,"href":"https:\/\/agenciausphot.com\/uze\/en\/wp-json\/wp\/v2\/product_brand?post=4673"},{"taxonomy":"product_cat","embeddable":true,"href":"https:\/\/agenciausphot.com\/uze\/en\/wp-json\/wp\/v2\/product_cat?post=4673"},{"taxonomy":"product_tag","embeddable":true,"href":"https:\/\/agenciausphot.com\/uze\/en\/wp-json\/wp\/v2\/product_tag?post=4673"}],"curies":[{"name":"wp","href":"https:\/\/api.w.org\/{rel}","templated":true}]}}