{"id":4664,"date":"2025-10-29T13:01:50","date_gmt":"2025-10-29T13:01:50","guid":{"rendered":"https:\/\/agenciausphot.com\/uze\/produto\/brinco-flor-de-zirconias\/"},"modified":"2025-11-18T14:05:52","modified_gmt":"2025-11-18T14:05:52","slug":"brinco-flor-de-zirconias","status":"publish","type":"product","link":"https:\/\/agenciausphot.com\/uze\/en\/product\/brinco-flor-de-zirconias\/","title":{"rendered":"Brinco flor de zirc\u00f4nias"},"content":{"rendered":"<p data-start=\"50\" data-end=\"271\"><strong data-start=\"50\" data-end=\"91\">Brinco Flor de Zirc\u00f4nias em Prata 925<\/strong><br data-start=\"91\" data-end=\"94\"><br \/>\nRom\u00e2ntico e delicado, este brinco em formato de flor \u00e9 cravejado com zirc\u00f4nias que garantem brilho e eleg\u00e2ncia. Produzido em <strong data-start=\"219\" data-end=\"241\">Prata 925 leg\u00edtima<\/strong> com <strong data-start=\"246\" data-end=\"268\">garantia vital\u00edcia<\/strong>.<\/p>","protected":false},"excerpt":{"rendered":"<p>Brinco Flor de Zirc\u00f4nias em Prata 925 Rom\u00e2ntico e delicado, este brinco em formato de flor \u00e9 cravejado com zirc\u00f4nias que garantem brilho e eleg\u00e2ncia&#8230;.<\/p>","protected":false},"featured_media":4663,"comment_status":"open","ping_status":"closed","template":"","meta":[],"etheme_brands":[],"product_brand":[],"product_cat":[117,97],"product_tag":[133],"class_list":{"0":"post-4664","1":"product","2":"type-product","3":"status-publish","4":"has-post-thumbnail","6":"product_cat-categoriabrincosbrinco-feminino","7":"product_cat-categoriabrincos","8":"product_tag-uze-pratas","10":"first","11":"outofstock","12":"shipping-taxable","13":"purchasable","14":"product-type-simple"},"_links":{"self":[{"href":"https:\/\/agenciausphot.com\/uze\/en\/wp-json\/wp\/v2\/product\/4664","targetHints":{"allow":["GET"]}}],"collection":[{"href":"https:\/\/agenciausphot.com\/uze\/en\/wp-json\/wp\/v2\/product"}],"about":[{"href":"https:\/\/agenciausphot.com\/uze\/en\/wp-json\/wp\/v2\/types\/product"}],"replies":[{"embeddable":true,"href":"https:\/\/agenciausphot.com\/uze\/en\/wp-json\/wp\/v2\/comments?post=4664"}],"version-history":[{"count":1,"href":"https:\/\/agenciausphot.com\/uze\/en\/wp-json\/wp\/v2\/product\/4664\/revisions"}],"predecessor-version":[{"id":5835,"href":"https:\/\/agenciausphot.com\/uze\/en\/wp-json\/wp\/v2\/product\/4664\/revisions\/5835"}],"wp:featuredmedia":[{"embeddable":true,"href":"https:\/\/agenciausphot.com\/uze\/en\/wp-json\/wp\/v2\/media\/4663"}],"wp:attachment":[{"href":"https:\/\/agenciausphot.com\/uze\/en\/wp-json\/wp\/v2\/media?parent=4664"}],"wp:term":[{"taxonomy":"brand","embeddable":true,"href":"https:\/\/agenciausphot.com\/uze\/en\/wp-json\/wp\/v2\/etheme_brands?post=4664"},{"taxonomy":"product_brand","embeddable":true,"href":"https:\/\/agenciausphot.com\/uze\/en\/wp-json\/wp\/v2\/product_brand?post=4664"},{"taxonomy":"product_cat","embeddable":true,"href":"https:\/\/agenciausphot.com\/uze\/en\/wp-json\/wp\/v2\/product_cat?post=4664"},{"taxonomy":"product_tag","embeddable":true,"href":"https:\/\/agenciausphot.com\/uze\/en\/wp-json\/wp\/v2\/product_tag?post=4664"}],"curies":[{"name":"wp","href":"https:\/\/api.w.org\/{rel}","templated":true}]}}