{"id":4648,"date":"2025-10-29T13:01:39","date_gmt":"2025-10-29T13:01:39","guid":{"rendered":"https:\/\/agenciausphot.com\/uze\/produto\/brinco-borboleta-azul-bebe\/"},"modified":"2025-11-04T20:34:22","modified_gmt":"2025-11-04T20:34:22","slug":"brinco-borboleta-azul-bebe","status":"publish","type":"product","link":"https:\/\/agenciausphot.com\/uze\/en\/product\/brinco-borboleta-azul-bebe\/","title":{"rendered":"Brinco borboleta azul bebe"},"content":{"rendered":"<p data-start=\"50\" data-end=\"285\"><strong data-start=\"50\" data-end=\"93\">Brinco Borboleta Azul Beb\u00ea em Prata 925<\/strong><br data-start=\"93\" data-end=\"96\"><br \/>\nDelicado e encantador, este brinco em formato de borboleta com asas em zirc\u00f4nias azul beb\u00ea transmite leveza e feminilidade. Produzido em <strong data-start=\"233\" data-end=\"255\">Prata 925 leg\u00edtima<\/strong> com <strong data-start=\"260\" data-end=\"282\">garantia vital\u00edcia<\/strong>.<\/p>","protected":false},"excerpt":{"rendered":"<p>Brinco Borboleta Azul Beb\u00ea em Prata 925 Delicado e encantador, este brinco em formato de borboleta com asas em zirc\u00f4nias azul beb\u00ea transmite leveza e&#8230;<\/p>","protected":false},"featured_media":4647,"comment_status":"open","ping_status":"closed","template":"","meta":[],"etheme_brands":[],"product_brand":[],"product_cat":[117,97],"product_tag":[133],"class_list":{"0":"post-4648","1":"product","2":"type-product","3":"status-publish","4":"has-post-thumbnail","6":"product_cat-categoriabrincosbrinco-feminino","7":"product_cat-categoriabrincos","8":"product_tag-uze-pratas","10":"first","11":"instock","12":"shipping-taxable","13":"purchasable","14":"product-type-simple"},"_links":{"self":[{"href":"https:\/\/agenciausphot.com\/uze\/en\/wp-json\/wp\/v2\/product\/4648","targetHints":{"allow":["GET"]}}],"collection":[{"href":"https:\/\/agenciausphot.com\/uze\/en\/wp-json\/wp\/v2\/product"}],"about":[{"href":"https:\/\/agenciausphot.com\/uze\/en\/wp-json\/wp\/v2\/types\/product"}],"replies":[{"embeddable":true,"href":"https:\/\/agenciausphot.com\/uze\/en\/wp-json\/wp\/v2\/comments?post=4648"}],"version-history":[{"count":1,"href":"https:\/\/agenciausphot.com\/uze\/en\/wp-json\/wp\/v2\/product\/4648\/revisions"}],"predecessor-version":[{"id":5827,"href":"https:\/\/agenciausphot.com\/uze\/en\/wp-json\/wp\/v2\/product\/4648\/revisions\/5827"}],"wp:featuredmedia":[{"embeddable":true,"href":"https:\/\/agenciausphot.com\/uze\/en\/wp-json\/wp\/v2\/media\/4647"}],"wp:attachment":[{"href":"https:\/\/agenciausphot.com\/uze\/en\/wp-json\/wp\/v2\/media?parent=4648"}],"wp:term":[{"taxonomy":"brand","embeddable":true,"href":"https:\/\/agenciausphot.com\/uze\/en\/wp-json\/wp\/v2\/etheme_brands?post=4648"},{"taxonomy":"product_brand","embeddable":true,"href":"https:\/\/agenciausphot.com\/uze\/en\/wp-json\/wp\/v2\/product_brand?post=4648"},{"taxonomy":"product_cat","embeddable":true,"href":"https:\/\/agenciausphot.com\/uze\/en\/wp-json\/wp\/v2\/product_cat?post=4648"},{"taxonomy":"product_tag","embeddable":true,"href":"https:\/\/agenciausphot.com\/uze\/en\/wp-json\/wp\/v2\/product_tag?post=4648"}],"curies":[{"name":"wp","href":"https:\/\/api.w.org\/{rel}","templated":true}]}}