{"id":4646,"date":"2025-10-29T13:01:38","date_gmt":"2025-10-29T13:01:38","guid":{"rendered":"https:\/\/agenciausphot.com\/uze\/produto\/brinco-borboleta-asas-azul-escuro\/"},"modified":"2025-11-04T20:34:21","modified_gmt":"2025-11-04T20:34:21","slug":"brinco-borboleta-asas-azul-escuro","status":"publish","type":"product","link":"https:\/\/agenciausphot.com\/uze\/en\/product\/brinco-borboleta-asas-azul-escuro\/","title":{"rendered":"Brinco borboleta asas azul escuro"},"content":{"rendered":"<p data-start=\"50\" data-end=\"293\"><strong data-start=\"50\" data-end=\"100\">Brinco Borboleta Asas Azul Escuro em Prata 925<\/strong><br data-start=\"100\" data-end=\"103\"><br \/>\nEncantador e delicado, este brinco traz a borboleta com asas em zirc\u00f4nias azul escuro, s\u00edmbolo de liberdade e transforma\u00e7\u00e3o. Produzido em <strong data-start=\"241\" data-end=\"263\">Prata 925 leg\u00edtima<\/strong> com <strong data-start=\"268\" data-end=\"290\">garantia vital\u00edcia<\/strong>.<\/p>","protected":false},"excerpt":{"rendered":"<p>Brinco Borboleta Asas Azul Escuro em Prata 925 Encantador e delicado, este brinco traz a borboleta com asas em zirc\u00f4nias azul escuro, s\u00edmbolo de liberdade&#8230;<\/p>","protected":false},"featured_media":4645,"comment_status":"open","ping_status":"closed","template":"","meta":[],"etheme_brands":[],"product_brand":[],"product_cat":[117,97],"product_tag":[133],"class_list":{"0":"post-4646","1":"product","2":"type-product","3":"status-publish","4":"has-post-thumbnail","6":"product_cat-categoriabrincosbrinco-feminino","7":"product_cat-categoriabrincos","8":"product_tag-uze-pratas","10":"first","11":"outofstock","12":"shipping-taxable","13":"purchasable","14":"product-type-simple"},"_links":{"self":[{"href":"https:\/\/agenciausphot.com\/uze\/en\/wp-json\/wp\/v2\/product\/4646","targetHints":{"allow":["GET"]}}],"collection":[{"href":"https:\/\/agenciausphot.com\/uze\/en\/wp-json\/wp\/v2\/product"}],"about":[{"href":"https:\/\/agenciausphot.com\/uze\/en\/wp-json\/wp\/v2\/types\/product"}],"replies":[{"embeddable":true,"href":"https:\/\/agenciausphot.com\/uze\/en\/wp-json\/wp\/v2\/comments?post=4646"}],"version-history":[{"count":1,"href":"https:\/\/agenciausphot.com\/uze\/en\/wp-json\/wp\/v2\/product\/4646\/revisions"}],"predecessor-version":[{"id":5826,"href":"https:\/\/agenciausphot.com\/uze\/en\/wp-json\/wp\/v2\/product\/4646\/revisions\/5826"}],"wp:featuredmedia":[{"embeddable":true,"href":"https:\/\/agenciausphot.com\/uze\/en\/wp-json\/wp\/v2\/media\/4645"}],"wp:attachment":[{"href":"https:\/\/agenciausphot.com\/uze\/en\/wp-json\/wp\/v2\/media?parent=4646"}],"wp:term":[{"taxonomy":"brand","embeddable":true,"href":"https:\/\/agenciausphot.com\/uze\/en\/wp-json\/wp\/v2\/etheme_brands?post=4646"},{"taxonomy":"product_brand","embeddable":true,"href":"https:\/\/agenciausphot.com\/uze\/en\/wp-json\/wp\/v2\/product_brand?post=4646"},{"taxonomy":"product_cat","embeddable":true,"href":"https:\/\/agenciausphot.com\/uze\/en\/wp-json\/wp\/v2\/product_cat?post=4646"},{"taxonomy":"product_tag","embeddable":true,"href":"https:\/\/agenciausphot.com\/uze\/en\/wp-json\/wp\/v2\/product_tag?post=4646"}],"curies":[{"name":"wp","href":"https:\/\/api.w.org\/{rel}","templated":true}]}}