{"id":4642,"date":"2025-10-29T13:01:35","date_gmt":"2025-10-29T13:01:35","guid":{"rendered":"https:\/\/agenciausphot.com\/uze\/produto\/brinco-3-coracoes\/"},"modified":"2025-12-05T04:41:35","modified_gmt":"2025-12-05T04:41:35","slug":"brinco-3-coracoes","status":"publish","type":"product","link":"https:\/\/agenciausphot.com\/uze\/en\/product\/brinco-3-coracoes\/","title":{"rendered":"Brinco 3 cora\u00e7\u00f5es"},"content":{"rendered":"<p data-start=\"50\" data-end=\"243\"><strong data-start=\"50\" data-end=\"84\">Brinco 3 Cora\u00e7\u00f5es em Prata 925<\/strong><br data-start=\"84\" data-end=\"87\"><br \/>\nRom\u00e2ntico e delicado, este brinco une tr\u00eas cora\u00e7\u00f5es em um design encantador e sofisticado. Produzido em <strong data-start=\"191\" data-end=\"213\">Prata 925 leg\u00edtima<\/strong> com <strong data-start=\"218\" data-end=\"240\">garantia vital\u00edcia<\/strong>.<\/p>","protected":false},"excerpt":{"rendered":"<p>Brinco 3 Cora\u00e7\u00f5es em Prata 925 Rom\u00e2ntico e delicado, este brinco une tr\u00eas cora\u00e7\u00f5es em um design encantador e sofisticado. Produzido em Prata 925 leg\u00edtima&#8230;<\/p>","protected":false},"featured_media":4641,"comment_status":"open","ping_status":"closed","template":"","meta":[],"etheme_brands":[],"product_brand":[],"product_cat":[117,97],"product_tag":[133],"class_list":{"0":"post-4642","1":"product","2":"type-product","3":"status-publish","4":"has-post-thumbnail","6":"product_cat-categoriabrincosbrinco-feminino","7":"product_cat-categoriabrincos","8":"product_tag-uze-pratas","10":"first","11":"instock","12":"shipping-taxable","13":"purchasable","14":"product-type-simple"},"_links":{"self":[{"href":"https:\/\/agenciausphot.com\/uze\/en\/wp-json\/wp\/v2\/product\/4642","targetHints":{"allow":["GET"]}}],"collection":[{"href":"https:\/\/agenciausphot.com\/uze\/en\/wp-json\/wp\/v2\/product"}],"about":[{"href":"https:\/\/agenciausphot.com\/uze\/en\/wp-json\/wp\/v2\/types\/product"}],"replies":[{"embeddable":true,"href":"https:\/\/agenciausphot.com\/uze\/en\/wp-json\/wp\/v2\/comments?post=4642"}],"version-history":[{"count":1,"href":"https:\/\/agenciausphot.com\/uze\/en\/wp-json\/wp\/v2\/product\/4642\/revisions"}],"predecessor-version":[{"id":5824,"href":"https:\/\/agenciausphot.com\/uze\/en\/wp-json\/wp\/v2\/product\/4642\/revisions\/5824"}],"wp:featuredmedia":[{"embeddable":true,"href":"https:\/\/agenciausphot.com\/uze\/en\/wp-json\/wp\/v2\/media\/4641"}],"wp:attachment":[{"href":"https:\/\/agenciausphot.com\/uze\/en\/wp-json\/wp\/v2\/media?parent=4642"}],"wp:term":[{"taxonomy":"brand","embeddable":true,"href":"https:\/\/agenciausphot.com\/uze\/en\/wp-json\/wp\/v2\/etheme_brands?post=4642"},{"taxonomy":"product_brand","embeddable":true,"href":"https:\/\/agenciausphot.com\/uze\/en\/wp-json\/wp\/v2\/product_brand?post=4642"},{"taxonomy":"product_cat","embeddable":true,"href":"https:\/\/agenciausphot.com\/uze\/en\/wp-json\/wp\/v2\/product_cat?post=4642"},{"taxonomy":"product_tag","embeddable":true,"href":"https:\/\/agenciausphot.com\/uze\/en\/wp-json\/wp\/v2\/product_tag?post=4642"}],"curies":[{"name":"wp","href":"https:\/\/api.w.org\/{rel}","templated":true}]}}