{"id":4640,"date":"2025-10-29T13:01:34","date_gmt":"2025-10-29T13:01:34","guid":{"rendered":"https:\/\/agenciausphot.com\/uze\/produto\/brinco-argola-lisa\/"},"modified":"2025-12-22T16:26:01","modified_gmt":"2025-12-22T16:26:01","slug":"brinco-argola-lisa","status":"publish","type":"product","link":"https:\/\/agenciausphot.com\/uze\/en\/product\/brinco-argola-lisa\/","title":{"rendered":"Brinco argola lisa"},"content":{"rendered":"<p data-start=\"50\" data-end=\"249\"><strong data-start=\"50\" data-end=\"85\">Brinco Argola Lisa em Prata 925<\/strong><br data-start=\"85\" data-end=\"88\"><br \/>\nCl\u00e1ssico e vers\u00e1til, o brinco argola lisa \u00e9 uma pe\u00e7a essencial que combina com qualquer estilo. Produzido em <strong data-start=\"197\" data-end=\"219\">Prata 925 leg\u00edtima<\/strong> com <strong data-start=\"224\" data-end=\"246\">garantia vital\u00edcia<\/strong>.<\/p>","protected":false},"excerpt":{"rendered":"<p>Brinco Argola Lisa em Prata 925 Cl\u00e1ssico e vers\u00e1til, o brinco argola lisa \u00e9 uma pe\u00e7a essencial que combina com qualquer estilo. Produzido em Prata&#8230;<\/p>","protected":false},"featured_media":4639,"comment_status":"open","ping_status":"closed","template":"","meta":[],"etheme_brands":[],"product_brand":[],"product_cat":[117,97],"product_tag":[133],"class_list":{"0":"post-4640","1":"product","2":"type-product","3":"status-publish","4":"has-post-thumbnail","6":"product_cat-categoriabrincosbrinco-feminino","7":"product_cat-categoriabrincos","8":"product_tag-uze-pratas","10":"first","11":"instock","12":"shipping-taxable","13":"purchasable","14":"product-type-simple"},"_links":{"self":[{"href":"https:\/\/agenciausphot.com\/uze\/en\/wp-json\/wp\/v2\/product\/4640","targetHints":{"allow":["GET"]}}],"collection":[{"href":"https:\/\/agenciausphot.com\/uze\/en\/wp-json\/wp\/v2\/product"}],"about":[{"href":"https:\/\/agenciausphot.com\/uze\/en\/wp-json\/wp\/v2\/types\/product"}],"replies":[{"embeddable":true,"href":"https:\/\/agenciausphot.com\/uze\/en\/wp-json\/wp\/v2\/comments?post=4640"}],"version-history":[{"count":1,"href":"https:\/\/agenciausphot.com\/uze\/en\/wp-json\/wp\/v2\/product\/4640\/revisions"}],"predecessor-version":[{"id":5823,"href":"https:\/\/agenciausphot.com\/uze\/en\/wp-json\/wp\/v2\/product\/4640\/revisions\/5823"}],"wp:featuredmedia":[{"embeddable":true,"href":"https:\/\/agenciausphot.com\/uze\/en\/wp-json\/wp\/v2\/media\/4639"}],"wp:attachment":[{"href":"https:\/\/agenciausphot.com\/uze\/en\/wp-json\/wp\/v2\/media?parent=4640"}],"wp:term":[{"taxonomy":"brand","embeddable":true,"href":"https:\/\/agenciausphot.com\/uze\/en\/wp-json\/wp\/v2\/etheme_brands?post=4640"},{"taxonomy":"product_brand","embeddable":true,"href":"https:\/\/agenciausphot.com\/uze\/en\/wp-json\/wp\/v2\/product_brand?post=4640"},{"taxonomy":"product_cat","embeddable":true,"href":"https:\/\/agenciausphot.com\/uze\/en\/wp-json\/wp\/v2\/product_cat?post=4640"},{"taxonomy":"product_tag","embeddable":true,"href":"https:\/\/agenciausphot.com\/uze\/en\/wp-json\/wp\/v2\/product_tag?post=4640"}],"curies":[{"name":"wp","href":"https:\/\/api.w.org\/{rel}","templated":true}]}}