{"id":4614,"date":"2025-10-29T13:01:15","date_gmt":"2025-10-29T13:01:15","guid":{"rendered":"https:\/\/agenciausphot.com\/uze\/produto\/brinco-mini-ponto-de-luz-azul\/"},"modified":"2025-11-04T20:34:11","modified_gmt":"2025-11-04T20:34:11","slug":"brinco-mini-ponto-de-luz-azul","status":"publish","type":"product","link":"https:\/\/agenciausphot.com\/uze\/en\/product\/brinco-mini-ponto-de-luz-azul\/","title":{"rendered":"Brinco mini ponto de luz azul"},"content":{"rendered":"<p data-start=\"47\" data-end=\"254\"><strong data-start=\"47\" data-end=\"93\">Brinco Mini Ponto de Luz Azul em Prata 925<br \/><\/strong><br data-start=\"93\" data-end=\"96\"><br \/>\nDelicado e vers\u00e1til, este brinco traz a eleg\u00e2ncia da zirc\u00f4nia azul em um design minimalista. Produzido em <strong data-start=\"202\" data-end=\"224\">Prata 925 leg\u00edtima<\/strong> com <strong data-start=\"229\" data-end=\"251\">garantia vital\u00edcia<\/strong>.<\/p>","protected":false},"excerpt":{"rendered":"<p>Brinco Mini Ponto de Luz Azul em Prata 925 Delicado e vers\u00e1til, este brinco traz a eleg\u00e2ncia da zirc\u00f4nia azul em um design minimalista. Produzido&#8230;<\/p>","protected":false},"featured_media":4613,"comment_status":"open","ping_status":"closed","template":"","meta":[],"etheme_brands":[],"product_brand":[],"product_cat":[117,97],"product_tag":[133],"class_list":{"0":"post-4614","1":"product","2":"type-product","3":"status-publish","4":"has-post-thumbnail","6":"product_cat-categoriabrincosbrinco-feminino","7":"product_cat-categoriabrincos","8":"product_tag-uze-pratas","10":"first","11":"instock","12":"shipping-taxable","13":"purchasable","14":"product-type-simple"},"_links":{"self":[{"href":"https:\/\/agenciausphot.com\/uze\/en\/wp-json\/wp\/v2\/product\/4614","targetHints":{"allow":["GET"]}}],"collection":[{"href":"https:\/\/agenciausphot.com\/uze\/en\/wp-json\/wp\/v2\/product"}],"about":[{"href":"https:\/\/agenciausphot.com\/uze\/en\/wp-json\/wp\/v2\/types\/product"}],"replies":[{"embeddable":true,"href":"https:\/\/agenciausphot.com\/uze\/en\/wp-json\/wp\/v2\/comments?post=4614"}],"version-history":[{"count":1,"href":"https:\/\/agenciausphot.com\/uze\/en\/wp-json\/wp\/v2\/product\/4614\/revisions"}],"predecessor-version":[{"id":5810,"href":"https:\/\/agenciausphot.com\/uze\/en\/wp-json\/wp\/v2\/product\/4614\/revisions\/5810"}],"wp:featuredmedia":[{"embeddable":true,"href":"https:\/\/agenciausphot.com\/uze\/en\/wp-json\/wp\/v2\/media\/4613"}],"wp:attachment":[{"href":"https:\/\/agenciausphot.com\/uze\/en\/wp-json\/wp\/v2\/media?parent=4614"}],"wp:term":[{"taxonomy":"brand","embeddable":true,"href":"https:\/\/agenciausphot.com\/uze\/en\/wp-json\/wp\/v2\/etheme_brands?post=4614"},{"taxonomy":"product_brand","embeddable":true,"href":"https:\/\/agenciausphot.com\/uze\/en\/wp-json\/wp\/v2\/product_brand?post=4614"},{"taxonomy":"product_cat","embeddable":true,"href":"https:\/\/agenciausphot.com\/uze\/en\/wp-json\/wp\/v2\/product_cat?post=4614"},{"taxonomy":"product_tag","embeddable":true,"href":"https:\/\/agenciausphot.com\/uze\/en\/wp-json\/wp\/v2\/product_tag?post=4614"}],"curies":[{"name":"wp","href":"https:\/\/api.w.org\/{rel}","templated":true}]}}