{"id":4606,"date":"2025-10-29T13:01:09","date_gmt":"2025-10-29T13:01:09","guid":{"rendered":"https:\/\/agenciausphot.com\/uze\/produto\/brinco-argola-click-cravejada-azul\/"},"modified":"2025-11-04T20:34:08","modified_gmt":"2025-11-04T20:34:08","slug":"brinco-argola-click-cravejada-azul","status":"publish","type":"product","link":"https:\/\/agenciausphot.com\/uze\/en\/product\/brinco-argola-click-cravejada-azul\/","title":{"rendered":"Brinco argola click cravejada azul"},"content":{"rendered":"<p><strong data-start=\"47\" data-end=\"98\">Brinco Argola Click Cravejada Azul em Prata 925<br \/><\/strong><br data-start=\"98\" data-end=\"101\"><br \/>\nModerno e pr\u00e1tico, o brinco argola click traz conforto no uso di\u00e1rio e muito estilo. Cravejado com zirc\u00f4nias azuis, \u00e9 produzido em <strong data-start=\"232\" data-end=\"254\">Prata 925 leg\u00edtima<\/strong> com <strong data-start=\"259\" data-end=\"281\">garantia vital\u00edcia<\/strong>.<\/p>","protected":false},"excerpt":{"rendered":"<p>Brinco Argola Click Cravejada Azul em Prata 925 Moderno e pr\u00e1tico, o brinco argola click traz conforto no uso di\u00e1rio e muito estilo. Cravejado com&#8230;<\/p>","protected":false},"featured_media":4605,"comment_status":"open","ping_status":"closed","template":"","meta":[],"etheme_brands":[],"product_brand":[],"product_cat":[117,97],"product_tag":[133],"class_list":{"0":"post-4606","1":"product","2":"type-product","3":"status-publish","4":"has-post-thumbnail","6":"product_cat-categoriabrincosbrinco-feminino","7":"product_cat-categoriabrincos","8":"product_tag-uze-pratas","10":"first","11":"outofstock","12":"shipping-taxable","13":"purchasable","14":"product-type-simple"},"_links":{"self":[{"href":"https:\/\/agenciausphot.com\/uze\/en\/wp-json\/wp\/v2\/product\/4606","targetHints":{"allow":["GET"]}}],"collection":[{"href":"https:\/\/agenciausphot.com\/uze\/en\/wp-json\/wp\/v2\/product"}],"about":[{"href":"https:\/\/agenciausphot.com\/uze\/en\/wp-json\/wp\/v2\/types\/product"}],"replies":[{"embeddable":true,"href":"https:\/\/agenciausphot.com\/uze\/en\/wp-json\/wp\/v2\/comments?post=4606"}],"version-history":[{"count":1,"href":"https:\/\/agenciausphot.com\/uze\/en\/wp-json\/wp\/v2\/product\/4606\/revisions"}],"predecessor-version":[{"id":5806,"href":"https:\/\/agenciausphot.com\/uze\/en\/wp-json\/wp\/v2\/product\/4606\/revisions\/5806"}],"wp:featuredmedia":[{"embeddable":true,"href":"https:\/\/agenciausphot.com\/uze\/en\/wp-json\/wp\/v2\/media\/4605"}],"wp:attachment":[{"href":"https:\/\/agenciausphot.com\/uze\/en\/wp-json\/wp\/v2\/media?parent=4606"}],"wp:term":[{"taxonomy":"brand","embeddable":true,"href":"https:\/\/agenciausphot.com\/uze\/en\/wp-json\/wp\/v2\/etheme_brands?post=4606"},{"taxonomy":"product_brand","embeddable":true,"href":"https:\/\/agenciausphot.com\/uze\/en\/wp-json\/wp\/v2\/product_brand?post=4606"},{"taxonomy":"product_cat","embeddable":true,"href":"https:\/\/agenciausphot.com\/uze\/en\/wp-json\/wp\/v2\/product_cat?post=4606"},{"taxonomy":"product_tag","embeddable":true,"href":"https:\/\/agenciausphot.com\/uze\/en\/wp-json\/wp\/v2\/product_tag?post=4606"}],"curies":[{"name":"wp","href":"https:\/\/api.w.org\/{rel}","templated":true}]}}