{"id":4602,"date":"2025-10-29T13:01:06","date_gmt":"2025-10-29T13:01:06","guid":{"rendered":"https:\/\/agenciausphot.com\/uze\/produto\/brinco-coracao-arvore-da-vida\/"},"modified":"2025-11-04T20:34:06","modified_gmt":"2025-11-04T20:34:06","slug":"brinco-coracao-arvore-da-vida","status":"publish","type":"product","link":"https:\/\/agenciausphot.com\/uze\/en\/product\/brinco-coracao-arvore-da-vida\/","title":{"rendered":"Brinco cora\u00e7\u00e3o \u00e1rvore da vida"},"content":{"rendered":"<p data-start=\"50\" data-end=\"285\"><strong data-start=\"50\" data-end=\"96\">Brinco Cora\u00e7\u00e3o \u00c1rvore da Vida em Prata 925<\/strong><br data-start=\"96\" data-end=\"99\"><br \/>\nUm design cheio de significado, este brinco une o formato de cora\u00e7\u00e3o com a \u00c1rvore da Vida, s\u00edmbolo de for\u00e7a e renova\u00e7\u00e3o. Produzido em <strong data-start=\"233\" data-end=\"255\">Prata 925 leg\u00edtima<\/strong> com <strong data-start=\"260\" data-end=\"282\">garantia vital\u00edcia<\/strong>.<\/p>","protected":false},"excerpt":{"rendered":"<p>Brinco Cora\u00e7\u00e3o \u00c1rvore da Vida em Prata 925 Um design cheio de significado, este brinco une o formato de cora\u00e7\u00e3o com a \u00c1rvore da Vida,&#8230;<\/p>","protected":false},"featured_media":4600,"comment_status":"open","ping_status":"closed","template":"","meta":[],"etheme_brands":[],"product_brand":[],"product_cat":[117,97],"product_tag":[133],"class_list":{"0":"post-4602","1":"product","2":"type-product","3":"status-publish","4":"has-post-thumbnail","6":"product_cat-categoriabrincosbrinco-feminino","7":"product_cat-categoriabrincos","8":"product_tag-uze-pratas","10":"first","11":"instock","12":"shipping-taxable","13":"purchasable","14":"product-type-simple"},"_links":{"self":[{"href":"https:\/\/agenciausphot.com\/uze\/en\/wp-json\/wp\/v2\/product\/4602","targetHints":{"allow":["GET"]}}],"collection":[{"href":"https:\/\/agenciausphot.com\/uze\/en\/wp-json\/wp\/v2\/product"}],"about":[{"href":"https:\/\/agenciausphot.com\/uze\/en\/wp-json\/wp\/v2\/types\/product"}],"replies":[{"embeddable":true,"href":"https:\/\/agenciausphot.com\/uze\/en\/wp-json\/wp\/v2\/comments?post=4602"}],"version-history":[{"count":1,"href":"https:\/\/agenciausphot.com\/uze\/en\/wp-json\/wp\/v2\/product\/4602\/revisions"}],"predecessor-version":[{"id":5804,"href":"https:\/\/agenciausphot.com\/uze\/en\/wp-json\/wp\/v2\/product\/4602\/revisions\/5804"}],"wp:featuredmedia":[{"embeddable":true,"href":"https:\/\/agenciausphot.com\/uze\/en\/wp-json\/wp\/v2\/media\/4600"}],"wp:attachment":[{"href":"https:\/\/agenciausphot.com\/uze\/en\/wp-json\/wp\/v2\/media?parent=4602"}],"wp:term":[{"taxonomy":"brand","embeddable":true,"href":"https:\/\/agenciausphot.com\/uze\/en\/wp-json\/wp\/v2\/etheme_brands?post=4602"},{"taxonomy":"product_brand","embeddable":true,"href":"https:\/\/agenciausphot.com\/uze\/en\/wp-json\/wp\/v2\/product_brand?post=4602"},{"taxonomy":"product_cat","embeddable":true,"href":"https:\/\/agenciausphot.com\/uze\/en\/wp-json\/wp\/v2\/product_cat?post=4602"},{"taxonomy":"product_tag","embeddable":true,"href":"https:\/\/agenciausphot.com\/uze\/en\/wp-json\/wp\/v2\/product_tag?post=4602"}],"curies":[{"name":"wp","href":"https:\/\/api.w.org\/{rel}","templated":true}]}}