{"id":4572,"date":"2025-10-29T13:00:42","date_gmt":"2025-10-29T13:00:42","guid":{"rendered":"https:\/\/agenciausphot.com\/uze\/produto\/anel-dois-circulos-cravejado\/"},"modified":"2025-12-23T05:33:52","modified_gmt":"2025-12-23T05:33:52","slug":"anel-dois-circulos-cravejado","status":"publish","type":"product","link":"https:\/\/agenciausphot.com\/uze\/en\/product\/anel-dois-circulos-cravejado\/","title":{"rendered":"Anel dois circulos cravejado"},"content":{"rendered":"<h3 data-start=\"106\" data-end=\"132\">Detalhes do Produto:<\/h3>\n<p data-start=\"133\" data-end=\"498\">Anel em <strong data-start=\"141\" data-end=\"163\">Prata 925 leg\u00edtima<\/strong>, com design elegante composto por <strong data-start=\"198\" data-end=\"228\">dois c\u00edrculos entrela\u00e7ados<\/strong>, sendo um deles liso e polido e o outro totalmente <strong data-start=\"280\" data-end=\"315\">cravejado com zirc\u00f4nias cristal<\/strong>, criando um contraste sofisticado e cheio de brilho. Uma joia moderna e simb\u00f3lica, que pode representar uni\u00e3o, equil\u00edbrio ou eternidade, perfeita para complementar qualquer estilo.<\/p>\n<p data-start=\"500\" data-end=\"625\">As pratas 925 possuem <strong data-start=\"522\" data-end=\"544\">garantia vital\u00edcia<\/strong>, reconhecidas por sua alta qualidade, resist\u00eancia e excelente custo-benef\u00edcio.<\/p>\n<hr data-start=\"627\" data-end=\"630\">\n<h3 data-start=\"632\" data-end=\"664\">Especifica\u00e7\u00f5es do produto:<\/h3>\n<ul data-start=\"665\" data-end=\"897\">\n<li data-start=\"665\" data-end=\"718\">\n<p data-start=\"667\" data-end=\"718\"><strong data-start=\"667\" data-end=\"678\">Modelo:<\/strong> Anel Dois C\u00edrculos Cravejado em Prata<\/p>\n<\/li>\n<li data-start=\"719\" data-end=\"743\">\n<p data-start=\"721\" data-end=\"743\"><strong data-start=\"721\" data-end=\"735\">Espessura:<\/strong> 1,5mm<\/p>\n<\/li>\n<li data-start=\"744\" data-end=\"809\">\n<p data-start=\"746\" data-end=\"809\"><strong data-start=\"746\" data-end=\"761\">Dim. Pedra:<\/strong> 1mm (zirc\u00f4nias cravejadas em um dos c\u00edrculos)<\/p>\n<\/li>\n<li data-start=\"810\" data-end=\"846\">\n<p data-start=\"812\" data-end=\"846\"><strong data-start=\"812\" data-end=\"825\">Material:<\/strong> Prata 925 leg\u00edtima<\/p>\n<\/li>\n<li data-start=\"847\" data-end=\"871\">\n<p data-start=\"849\" data-end=\"871\"><strong data-start=\"849\" data-end=\"860\">G\u00eanero:<\/strong> Feminino<\/p>\n<\/li>\n<li data-start=\"872\" data-end=\"897\">\n<p data-start=\"874\" data-end=\"897\"><strong data-start=\"874\" data-end=\"883\">Peso:<\/strong> Aprox. 1,9g<\/p>\n<\/li>\n<\/ul>\n<hr data-start=\"899\" data-end=\"902\">\n<h3 data-start=\"904\" data-end=\"919\">Garantia:<\/h3>\n<p data-start=\"920\" data-end=\"1174\">Todas as joias em <strong data-start=\"938\" data-end=\"951\">Prata 925<\/strong> acompanham <strong data-start=\"963\" data-end=\"1007\">Certificado de Garantia de Autenticidade<\/strong>, assegurando a <strong data-start=\"1023\" data-end=\"1041\">dura\u00e7\u00e3o eterna<\/strong> do material. Diferente das bijuterias, pe\u00e7as em Prata 925 preservam sua beleza e valor por toda a vida, assim como o <strong data-start=\"1159\" data-end=\"1171\">Ouro 18k<\/strong>.<\/p>\n<hr data-start=\"1176\" data-end=\"1181\">\n<p data-start=\"1183\" data-end=\"1285\" data-is-last-node=\"\" data-is-only-node=\"\">","protected":false},"excerpt":{"rendered":"<p>Detalhes do Produto: Anel em Prata 925 leg\u00edtima, com design elegante composto por dois c\u00edrculos entrela\u00e7ados, sendo um deles liso e polido e o outro&#8230;<\/p>","protected":false},"featured_media":4571,"comment_status":"open","ping_status":"closed","template":"","meta":[],"etheme_brands":[],"product_brand":[],"product_cat":[103,92],"product_tag":[133],"class_list":{"0":"post-4572","1":"product","2":"type-product","3":"status-publish","4":"has-post-thumbnail","6":"product_cat-categoriaanisanel-feminino","7":"product_cat-categoriaanis","8":"product_tag-uze-pratas","10":"first","11":"instock","12":"shipping-taxable","13":"purchasable","14":"product-type-variable"},"_links":{"self":[{"href":"https:\/\/agenciausphot.com\/uze\/en\/wp-json\/wp\/v2\/product\/4572","targetHints":{"allow":["GET"]}}],"collection":[{"href":"https:\/\/agenciausphot.com\/uze\/en\/wp-json\/wp\/v2\/product"}],"about":[{"href":"https:\/\/agenciausphot.com\/uze\/en\/wp-json\/wp\/v2\/types\/product"}],"replies":[{"embeddable":true,"href":"https:\/\/agenciausphot.com\/uze\/en\/wp-json\/wp\/v2\/comments?post=4572"}],"version-history":[{"count":1,"href":"https:\/\/agenciausphot.com\/uze\/en\/wp-json\/wp\/v2\/product\/4572\/revisions"}],"predecessor-version":[{"id":5791,"href":"https:\/\/agenciausphot.com\/uze\/en\/wp-json\/wp\/v2\/product\/4572\/revisions\/5791"}],"wp:featuredmedia":[{"embeddable":true,"href":"https:\/\/agenciausphot.com\/uze\/en\/wp-json\/wp\/v2\/media\/4571"}],"wp:attachment":[{"href":"https:\/\/agenciausphot.com\/uze\/en\/wp-json\/wp\/v2\/media?parent=4572"}],"wp:term":[{"taxonomy":"brand","embeddable":true,"href":"https:\/\/agenciausphot.com\/uze\/en\/wp-json\/wp\/v2\/etheme_brands?post=4572"},{"taxonomy":"product_brand","embeddable":true,"href":"https:\/\/agenciausphot.com\/uze\/en\/wp-json\/wp\/v2\/product_brand?post=4572"},{"taxonomy":"product_cat","embeddable":true,"href":"https:\/\/agenciausphot.com\/uze\/en\/wp-json\/wp\/v2\/product_cat?post=4572"},{"taxonomy":"product_tag","embeddable":true,"href":"https:\/\/agenciausphot.com\/uze\/en\/wp-json\/wp\/v2\/product_tag?post=4572"}],"curies":[{"name":"wp","href":"https:\/\/api.w.org\/{rel}","templated":true}]}}