{"id":4570,"date":"2025-10-29T13:00:41","date_gmt":"2025-10-29T13:00:41","guid":{"rendered":"https:\/\/agenciausphot.com\/uze\/produto\/anel-prata-coracao-pedrinhas\/"},"modified":"2025-12-22T16:27:03","modified_gmt":"2025-12-22T16:27:03","slug":"anel-prata-coracao-pedrinhas","status":"publish","type":"product","link":"https:\/\/agenciausphot.com\/uze\/en\/product\/anel-prata-coracao-pedrinhas\/","title":{"rendered":"Anel prata cora\u00e7\u00e3o pedrinhas"},"content":{"rendered":"<h3 data-start=\"104\" data-end=\"130\">Detalhes do Produto:<\/h3>\n<p data-start=\"131\" data-end=\"466\">Anel em <strong data-start=\"139\" data-end=\"161\">Prata 925 leg\u00edtima<\/strong>, com aro delicado e design central em formato de <strong data-start=\"211\" data-end=\"222\">cora\u00e7\u00e3o<\/strong>, totalmente <strong data-start=\"235\" data-end=\"279\">cravejado com pequenas zirc\u00f4nias cristal<\/strong> que proporcionam brilho sutil e elegante. Uma joia rom\u00e2ntica e sofisticada, perfeita para simbolizar amor e delicadeza em todas as ocasi\u00f5es, seja no dia a dia ou em momentos especiais.<\/p>\n<p data-start=\"468\" data-end=\"593\">As pratas 925 possuem <strong data-start=\"490\" data-end=\"512\">garantia vital\u00edcia<\/strong>, reconhecidas por sua alta qualidade, resist\u00eancia e excelente custo-benef\u00edcio.<\/p>\n<hr data-start=\"595\" data-end=\"598\">\n<h3 data-start=\"600\" data-end=\"632\">Especifica\u00e7\u00f5es do produto:<\/h3>\n<ul data-start=\"633\" data-end=\"855\">\n<li data-start=\"633\" data-end=\"684\">\n<p data-start=\"635\" data-end=\"684\"><strong data-start=\"635\" data-end=\"646\">Modelo:<\/strong> Anel Cora\u00e7\u00e3o com Pedrinhas em Prata<\/p>\n<\/li>\n<li data-start=\"685\" data-end=\"709\">\n<p data-start=\"687\" data-end=\"709\"><strong data-start=\"687\" data-end=\"701\">Espessura:<\/strong> 1,4mm<\/p>\n<\/li>\n<li data-start=\"710\" data-end=\"767\">\n<p data-start=\"712\" data-end=\"767\"><strong data-start=\"712\" data-end=\"727\">Dim. Pedra:<\/strong> 1mm (zirc\u00f4nias cravejadas no cora\u00e7\u00e3o)<\/p>\n<\/li>\n<li data-start=\"768\" data-end=\"804\">\n<p data-start=\"770\" data-end=\"804\"><strong data-start=\"770\" data-end=\"783\">Material:<\/strong> Prata 925 leg\u00edtima<\/p>\n<\/li>\n<li data-start=\"805\" data-end=\"829\">\n<p data-start=\"807\" data-end=\"829\"><strong data-start=\"807\" data-end=\"818\">G\u00eanero:<\/strong> Feminino<\/p>\n<\/li>\n<li data-start=\"830\" data-end=\"855\">\n<p data-start=\"832\" data-end=\"855\"><strong data-start=\"832\" data-end=\"841\">Peso:<\/strong> Aprox. 1,6g<\/p>\n<\/li>\n<\/ul>\n<hr data-start=\"857\" data-end=\"860\">\n<h3 data-start=\"862\" data-end=\"877\">Garantia:<\/h3>\n<p data-start=\"878\" data-end=\"1129\">Todas as joias em <strong data-start=\"896\" data-end=\"909\">Prata 925<\/strong> acompanham <strong data-start=\"921\" data-end=\"965\">Certificado de Garantia de Autenticidade<\/strong>, assegurando a <strong data-start=\"981\" data-end=\"999\">dura\u00e7\u00e3o eterna<\/strong> do material. Diferente das bijuterias, pe\u00e7as em Prata 925 mant\u00eam seu brilho e valor por toda a vida, assim como o <strong data-start=\"1114\" data-end=\"1126\">Ouro 18k<\/strong>.<\/p>","protected":false},"excerpt":{"rendered":"<p>Detalhes do Produto: Anel em Prata 925 leg\u00edtima, com aro delicado e design central em formato de cora\u00e7\u00e3o, totalmente cravejado com pequenas zirc\u00f4nias cristal que&#8230;<\/p>","protected":false},"featured_media":4569,"comment_status":"open","ping_status":"closed","template":"","meta":[],"etheme_brands":[],"product_brand":[],"product_cat":[103,92],"product_tag":[133],"class_list":{"0":"post-4570","1":"product","2":"type-product","3":"status-publish","4":"has-post-thumbnail","6":"product_cat-categoriaanisanel-feminino","7":"product_cat-categoriaanis","8":"product_tag-uze-pratas","10":"first","11":"instock","12":"shipping-taxable","13":"purchasable","14":"product-type-variable"},"_links":{"self":[{"href":"https:\/\/agenciausphot.com\/uze\/en\/wp-json\/wp\/v2\/product\/4570","targetHints":{"allow":["GET"]}}],"collection":[{"href":"https:\/\/agenciausphot.com\/uze\/en\/wp-json\/wp\/v2\/product"}],"about":[{"href":"https:\/\/agenciausphot.com\/uze\/en\/wp-json\/wp\/v2\/types\/product"}],"replies":[{"embeddable":true,"href":"https:\/\/agenciausphot.com\/uze\/en\/wp-json\/wp\/v2\/comments?post=4570"}],"version-history":[{"count":1,"href":"https:\/\/agenciausphot.com\/uze\/en\/wp-json\/wp\/v2\/product\/4570\/revisions"}],"predecessor-version":[{"id":5790,"href":"https:\/\/agenciausphot.com\/uze\/en\/wp-json\/wp\/v2\/product\/4570\/revisions\/5790"}],"wp:featuredmedia":[{"embeddable":true,"href":"https:\/\/agenciausphot.com\/uze\/en\/wp-json\/wp\/v2\/media\/4569"}],"wp:attachment":[{"href":"https:\/\/agenciausphot.com\/uze\/en\/wp-json\/wp\/v2\/media?parent=4570"}],"wp:term":[{"taxonomy":"brand","embeddable":true,"href":"https:\/\/agenciausphot.com\/uze\/en\/wp-json\/wp\/v2\/etheme_brands?post=4570"},{"taxonomy":"product_brand","embeddable":true,"href":"https:\/\/agenciausphot.com\/uze\/en\/wp-json\/wp\/v2\/product_brand?post=4570"},{"taxonomy":"product_cat","embeddable":true,"href":"https:\/\/agenciausphot.com\/uze\/en\/wp-json\/wp\/v2\/product_cat?post=4570"},{"taxonomy":"product_tag","embeddable":true,"href":"https:\/\/agenciausphot.com\/uze\/en\/wp-json\/wp\/v2\/product_tag?post=4570"}],"curies":[{"name":"wp","href":"https:\/\/api.w.org\/{rel}","templated":true}]}}