{"id":4557,"date":"2025-10-29T13:00:31","date_gmt":"2025-10-29T13:00:31","guid":{"rendered":"https:\/\/agenciausphot.com\/uze\/produto\/anel-coracao-vazado\/"},"modified":"2025-12-22T16:27:02","modified_gmt":"2025-12-22T16:27:02","slug":"anel-coracao-vazado","status":"publish","type":"product","link":"https:\/\/agenciausphot.com\/uze\/en\/product\/anel-coracao-vazado\/","title":{"rendered":"Anel cora\u00e7\u00e3o vazado"},"content":{"rendered":"<h3 data-start=\"97\" data-end=\"123\">Detalhes do Produto:<\/h3>\n<p data-start=\"124\" data-end=\"443\">Anel em <strong data-start=\"132\" data-end=\"154\">Prata 925 leg\u00edtima<\/strong>, com design delicado em formato de <strong data-start=\"190\" data-end=\"208\">cora\u00e7\u00e3o vazado<\/strong> no centro do aro. A pe\u00e7a possui acabamento polido que garante brilho suave e elegante, simbolizando amor e leveza em um estilo minimalista. Uma joia rom\u00e2ntica e vers\u00e1til, perfeita para o dia a dia ou para presentear algu\u00e9m especial.<\/p>\n<p data-start=\"445\" data-end=\"570\">As pratas 925 possuem <strong data-start=\"467\" data-end=\"489\">garantia vital\u00edcia<\/strong>, reconhecidas por sua alta qualidade, resist\u00eancia e excelente custo-benef\u00edcio.<\/p>\n<hr data-start=\"572\" data-end=\"575\">\n<h3 data-start=\"577\" data-end=\"609\">Especifica\u00e7\u00f5es do produto:<\/h3>\n<ul data-start=\"610\" data-end=\"767\">\n<li data-start=\"610\" data-end=\"654\">\n<p data-start=\"612\" data-end=\"654\"><strong data-start=\"612\" data-end=\"623\">Modelo:<\/strong> Anel Cora\u00e7\u00e3o Vazado em Prata<\/p>\n<\/li>\n<li data-start=\"655\" data-end=\"679\">\n<p data-start=\"657\" data-end=\"679\"><strong data-start=\"657\" data-end=\"671\">Espessura:<\/strong> 1,3mm<\/p>\n<\/li>\n<li data-start=\"680\" data-end=\"716\">\n<p data-start=\"682\" data-end=\"716\"><strong data-start=\"682\" data-end=\"695\">Material:<\/strong> Prata 925 leg\u00edtima<\/p>\n<\/li>\n<li data-start=\"717\" data-end=\"741\">\n<p data-start=\"719\" data-end=\"741\"><strong data-start=\"719\" data-end=\"730\">G\u00eanero:<\/strong> Feminino<\/p>\n<\/li>\n<li data-start=\"742\" data-end=\"767\">\n<p data-start=\"744\" data-end=\"767\"><strong data-start=\"744\" data-end=\"753\">Peso:<\/strong> Aprox. 1,6g<\/p>\n<\/li>\n<\/ul>\n<hr data-start=\"769\" data-end=\"772\">\n<h3 data-start=\"774\" data-end=\"789\">Garantia:<\/h3>\n<p data-start=\"790\" data-end=\"1038\">As joias em <strong data-start=\"802\" data-end=\"815\">Prata 925<\/strong> acompanham <strong data-start=\"827\" data-end=\"871\">Certificado de Garantia de Autenticidade<\/strong>, assegurando a <strong data-start=\"887\" data-end=\"905\">dura\u00e7\u00e3o eterna<\/strong> do material. Diferente das bijuterias, pe\u00e7as em Prata 925 preservam seu brilho e valor por toda a vida, assim como o <strong data-start=\"1023\" data-end=\"1035\">Ouro 18k<\/strong>.<\/p>","protected":false},"excerpt":{"rendered":"<p>Detalhes do Produto: Anel em Prata 925 leg\u00edtima, com design delicado em formato de cora\u00e7\u00e3o vazado no centro do aro. A pe\u00e7a possui acabamento polido&#8230;<\/p>","protected":false},"featured_media":4556,"comment_status":"open","ping_status":"closed","template":"","meta":[],"etheme_brands":[],"product_brand":[],"product_cat":[103,92],"product_tag":[133],"class_list":{"0":"post-4557","1":"product","2":"type-product","3":"status-publish","4":"has-post-thumbnail","6":"product_cat-categoriaanisanel-feminino","7":"product_cat-categoriaanis","8":"product_tag-uze-pratas","10":"first","11":"instock","12":"shipping-taxable","13":"purchasable","14":"product-type-variable"},"_links":{"self":[{"href":"https:\/\/agenciausphot.com\/uze\/en\/wp-json\/wp\/v2\/product\/4557","targetHints":{"allow":["GET"]}}],"collection":[{"href":"https:\/\/agenciausphot.com\/uze\/en\/wp-json\/wp\/v2\/product"}],"about":[{"href":"https:\/\/agenciausphot.com\/uze\/en\/wp-json\/wp\/v2\/types\/product"}],"replies":[{"embeddable":true,"href":"https:\/\/agenciausphot.com\/uze\/en\/wp-json\/wp\/v2\/comments?post=4557"}],"version-history":[{"count":1,"href":"https:\/\/agenciausphot.com\/uze\/en\/wp-json\/wp\/v2\/product\/4557\/revisions"}],"predecessor-version":[{"id":5784,"href":"https:\/\/agenciausphot.com\/uze\/en\/wp-json\/wp\/v2\/product\/4557\/revisions\/5784"}],"wp:featuredmedia":[{"embeddable":true,"href":"https:\/\/agenciausphot.com\/uze\/en\/wp-json\/wp\/v2\/media\/4556"}],"wp:attachment":[{"href":"https:\/\/agenciausphot.com\/uze\/en\/wp-json\/wp\/v2\/media?parent=4557"}],"wp:term":[{"taxonomy":"brand","embeddable":true,"href":"https:\/\/agenciausphot.com\/uze\/en\/wp-json\/wp\/v2\/etheme_brands?post=4557"},{"taxonomy":"product_brand","embeddable":true,"href":"https:\/\/agenciausphot.com\/uze\/en\/wp-json\/wp\/v2\/product_brand?post=4557"},{"taxonomy":"product_cat","embeddable":true,"href":"https:\/\/agenciausphot.com\/uze\/en\/wp-json\/wp\/v2\/product_cat?post=4557"},{"taxonomy":"product_tag","embeddable":true,"href":"https:\/\/agenciausphot.com\/uze\/en\/wp-json\/wp\/v2\/product_tag?post=4557"}],"curies":[{"name":"wp","href":"https:\/\/api.w.org\/{rel}","templated":true}]}}