{"id":4553,"date":"2025-10-29T13:00:28","date_gmt":"2025-10-29T13:00:28","guid":{"rendered":"https:\/\/agenciausphot.com\/uze\/produto\/anel-cravejado-ponto-de-luz\/"},"modified":"2025-12-22T16:27:01","modified_gmt":"2025-12-22T16:27:01","slug":"anel-cravejado-ponto-de-luz","status":"publish","type":"product","link":"https:\/\/agenciausphot.com\/uze\/en\/product\/anel-cravejado-ponto-de-luz\/","title":{"rendered":"Anel cravejado ponto de luz"},"content":{"rendered":"<h3 data-start=\"105\" data-end=\"131\">Detalhes do Produto:<\/h3>\n<p data-start=\"132\" data-end=\"525\">Anel Cravejado em <strong data-start=\"150\" data-end=\"172\">Prata 925 leg\u00edtima<\/strong>, com aro delicado e acabamento refinado. No centro, destaca-se um <strong data-start=\"239\" data-end=\"275\">ponto de luz em zirc\u00f4nia cristal<\/strong>, que proporciona brilho intenso e sofisticado. Nas laterais, o aro \u00e9 delicadamente <strong data-start=\"359\" data-end=\"395\">cravejado com pequenas zirc\u00f4nias<\/strong>, garantindo ainda mais luminosidade e eleg\u00e2ncia. Uma joia cl\u00e1ssica e vers\u00e1til, perfeita para o dia a dia ou ocasi\u00f5es especiais.<\/p>\n<p data-start=\"527\" data-end=\"647\">As pratas 925 possuem <strong data-start=\"549\" data-end=\"571\">garantia vital\u00edcia<\/strong>, reconhecidas por sua qualidade, resist\u00eancia e excelente custo-benef\u00edcio.<\/p>\n<hr data-start=\"649\" data-end=\"652\">\n<h3 data-start=\"654\" data-end=\"686\">Especifica\u00e7\u00f5es do produto:<\/h3>\n<ul data-start=\"687\" data-end=\"918\">\n<li data-start=\"687\" data-end=\"730\">\n<p data-start=\"689\" data-end=\"730\"><strong data-start=\"689\" data-end=\"700\">Modelo:<\/strong> Anel Cravejado Ponto de Luz<\/p>\n<\/li>\n<li data-start=\"731\" data-end=\"755\">\n<p data-start=\"733\" data-end=\"755\"><strong data-start=\"733\" data-end=\"747\">Espessura:<\/strong> 1,4mm<\/p>\n<\/li>\n<li data-start=\"756\" data-end=\"830\">\n<p data-start=\"758\" data-end=\"830\"><strong data-start=\"758\" data-end=\"773\">Dim. Pedra:<\/strong> 5mm (ponto de luz central) + 1mm (laterais cravejadas)<\/p>\n<\/li>\n<li data-start=\"831\" data-end=\"867\">\n<p data-start=\"833\" data-end=\"867\"><strong data-start=\"833\" data-end=\"846\">Material:<\/strong> Prata 925 leg\u00edtima<\/p>\n<\/li>\n<li data-start=\"868\" data-end=\"892\">\n<p data-start=\"870\" data-end=\"892\"><strong data-start=\"870\" data-end=\"881\">G\u00eanero:<\/strong> Feminino<\/p>\n<\/li>\n<li data-start=\"893\" data-end=\"918\">\n<p data-start=\"895\" data-end=\"918\"><strong data-start=\"895\" data-end=\"904\">Peso:<\/strong> Aprox. 1,8g<\/p>\n<\/li>\n<\/ul>\n<hr data-start=\"920\" data-end=\"923\">\n<h3 data-start=\"925\" data-end=\"940\">Garantia:<\/h3>\n<p data-start=\"941\" data-end=\"1189\">As joias em <strong data-start=\"953\" data-end=\"966\">Prata 925<\/strong> acompanham <strong data-start=\"978\" data-end=\"1022\">Certificado de Garantia de Autenticidade<\/strong>, assegurando a <strong data-start=\"1038\" data-end=\"1056\">dura\u00e7\u00e3o eterna<\/strong> do material. Diferente das bijuterias, pe\u00e7as em Prata 925 preservam seu brilho e valor por toda a vida, assim como o <strong data-start=\"1174\" data-end=\"1186\">Ouro 18k<\/strong>.<\/p>","protected":false},"excerpt":{"rendered":"<p>Detalhes do Produto: Anel Cravejado em Prata 925 leg\u00edtima, com aro delicado e acabamento refinado. No centro, destaca-se um ponto de luz em zirc\u00f4nia cristal,&#8230;<\/p>","protected":false},"featured_media":4552,"comment_status":"open","ping_status":"closed","template":"","meta":[],"etheme_brands":[],"product_brand":[],"product_cat":[103,92],"product_tag":[133],"class_list":{"0":"post-4553","1":"product","2":"type-product","3":"status-publish","4":"has-post-thumbnail","6":"product_cat-categoriaanisanel-feminino","7":"product_cat-categoriaanis","8":"product_tag-uze-pratas","10":"first","11":"instock","12":"shipping-taxable","13":"purchasable","14":"product-type-variable"},"_links":{"self":[{"href":"https:\/\/agenciausphot.com\/uze\/en\/wp-json\/wp\/v2\/product\/4553","targetHints":{"allow":["GET"]}}],"collection":[{"href":"https:\/\/agenciausphot.com\/uze\/en\/wp-json\/wp\/v2\/product"}],"about":[{"href":"https:\/\/agenciausphot.com\/uze\/en\/wp-json\/wp\/v2\/types\/product"}],"replies":[{"embeddable":true,"href":"https:\/\/agenciausphot.com\/uze\/en\/wp-json\/wp\/v2\/comments?post=4553"}],"version-history":[{"count":1,"href":"https:\/\/agenciausphot.com\/uze\/en\/wp-json\/wp\/v2\/product\/4553\/revisions"}],"predecessor-version":[{"id":5782,"href":"https:\/\/agenciausphot.com\/uze\/en\/wp-json\/wp\/v2\/product\/4553\/revisions\/5782"}],"wp:featuredmedia":[{"embeddable":true,"href":"https:\/\/agenciausphot.com\/uze\/en\/wp-json\/wp\/v2\/media\/4552"}],"wp:attachment":[{"href":"https:\/\/agenciausphot.com\/uze\/en\/wp-json\/wp\/v2\/media?parent=4553"}],"wp:term":[{"taxonomy":"brand","embeddable":true,"href":"https:\/\/agenciausphot.com\/uze\/en\/wp-json\/wp\/v2\/etheme_brands?post=4553"},{"taxonomy":"product_brand","embeddable":true,"href":"https:\/\/agenciausphot.com\/uze\/en\/wp-json\/wp\/v2\/product_brand?post=4553"},{"taxonomy":"product_cat","embeddable":true,"href":"https:\/\/agenciausphot.com\/uze\/en\/wp-json\/wp\/v2\/product_cat?post=4553"},{"taxonomy":"product_tag","embeddable":true,"href":"https:\/\/agenciausphot.com\/uze\/en\/wp-json\/wp\/v2\/product_tag?post=4553"}],"curies":[{"name":"wp","href":"https:\/\/api.w.org\/{rel}","templated":true}]}}