{"id":4551,"date":"2025-10-29T13:00:27","date_gmt":"2025-10-29T13:00:27","guid":{"rendered":"https:\/\/agenciausphot.com\/uze\/produto\/anel-solitario-vermelho-princesa\/"},"modified":"2025-12-15T13:22:21","modified_gmt":"2025-12-15T13:22:21","slug":"anel-solitario-vermelho-princesa","status":"publish","type":"product","link":"https:\/\/agenciausphot.com\/uze\/en\/product\/anel-solitario-vermelho-princesa\/","title":{"rendered":"Anel solit\u00e1rio vermelho princesa"},"content":{"rendered":"<h3 data-start=\"97\" data-end=\"123\">Detalhes do Produto:<\/h3>\n<p data-start=\"124\" data-end=\"516\">Anel Solit\u00e1rio em <strong data-start=\"142\" data-end=\"164\">Prata 925 leg\u00edtima<\/strong>, com aro liso e delicado que valoriza a pedra central em corte <strong data-start=\"228\" data-end=\"240\">princesa<\/strong> (quadrado), na cor <strong data-start=\"260\" data-end=\"277\">vermelha rubi<\/strong>, proporcionando brilho intenso e sofisticado. A crava\u00e7\u00e3o firme garante seguran\u00e7a e destaque para a pedra, criando uma joia elegante, rom\u00e2ntica e atemporal. Perfeito para marcar momentos especiais ou compor looks cheios de personalidade.<\/p>\n<p data-start=\"518\" data-end=\"638\">As pratas 925 possuem <strong data-start=\"540\" data-end=\"562\">garantia vital\u00edcia<\/strong>, reconhecidas por sua resist\u00eancia, qualidade e excelente custo-benef\u00edcio.<\/p>\n<hr data-start=\"640\" data-end=\"643\">\n<h3 data-start=\"645\" data-end=\"677\">Especifica\u00e7\u00f5es do produto:<\/h3>\n<ul data-start=\"678\" data-end=\"889\">\n<li data-start=\"678\" data-end=\"726\">\n<p data-start=\"680\" data-end=\"726\"><strong data-start=\"680\" data-end=\"691\">Modelo:<\/strong> Anel Solit\u00e1rio Vermelho Princesa<\/p>\n<\/li>\n<li data-start=\"727\" data-end=\"751\">\n<p data-start=\"729\" data-end=\"751\"><strong data-start=\"729\" data-end=\"743\">Espessura:<\/strong> 1,4mm<\/p>\n<\/li>\n<li data-start=\"752\" data-end=\"801\">\n<p data-start=\"754\" data-end=\"801\"><strong data-start=\"754\" data-end=\"769\">Dim. Pedra:<\/strong> 5mm (zirc\u00f4nia corte princesa)<\/p>\n<\/li>\n<li data-start=\"802\" data-end=\"838\">\n<p data-start=\"804\" data-end=\"838\"><strong data-start=\"804\" data-end=\"817\">Material:<\/strong> Prata 925 leg\u00edtima<\/p>\n<\/li>\n<li data-start=\"839\" data-end=\"863\">\n<p data-start=\"841\" data-end=\"863\"><strong data-start=\"841\" data-end=\"852\">G\u00eanero:<\/strong> Feminino<\/p>\n<\/li>\n<li data-start=\"864\" data-end=\"889\">\n<p data-start=\"866\" data-end=\"889\"><strong data-start=\"866\" data-end=\"875\">Peso:<\/strong> Aprox. 1,7g<\/p>\n<\/li>\n<\/ul>\n<hr data-start=\"891\" data-end=\"894\">\n<h3 data-start=\"896\" data-end=\"911\">Garantia:<\/h3>\n<p data-start=\"912\" data-end=\"1164\">Todas as joias em <strong data-start=\"930\" data-end=\"943\">Prata 925<\/strong> acompanham <strong data-start=\"955\" data-end=\"999\">Certificado de Garantia de Autenticidade<\/strong>, assegurando a <strong data-start=\"1015\" data-end=\"1033\">dura\u00e7\u00e3o eterna<\/strong> do material. Diferente das bijuterias, pe\u00e7as em Prata 925 mant\u00eam seu brilho e beleza por toda a vida, assim como o <strong data-start=\"1149\" data-end=\"1161\">Ouro 18k<\/strong>.<\/p>","protected":false},"excerpt":{"rendered":"<p>Detalhes do Produto: Anel Solit\u00e1rio em Prata 925 leg\u00edtima, com aro liso e delicado que valoriza a pedra central em corte princesa (quadrado), na cor&#8230;<\/p>","protected":false},"featured_media":4550,"comment_status":"open","ping_status":"closed","template":"","meta":[],"etheme_brands":[],"product_brand":[],"product_cat":[103,92],"product_tag":[133],"class_list":{"0":"post-4551","1":"product","2":"type-product","3":"status-publish","4":"has-post-thumbnail","6":"product_cat-categoriaanisanel-feminino","7":"product_cat-categoriaanis","8":"product_tag-uze-pratas","10":"first","11":"outofstock","12":"shipping-taxable","13":"purchasable","14":"product-type-variable"},"_links":{"self":[{"href":"https:\/\/agenciausphot.com\/uze\/en\/wp-json\/wp\/v2\/product\/4551","targetHints":{"allow":["GET"]}}],"collection":[{"href":"https:\/\/agenciausphot.com\/uze\/en\/wp-json\/wp\/v2\/product"}],"about":[{"href":"https:\/\/agenciausphot.com\/uze\/en\/wp-json\/wp\/v2\/types\/product"}],"replies":[{"embeddable":true,"href":"https:\/\/agenciausphot.com\/uze\/en\/wp-json\/wp\/v2\/comments?post=4551"}],"version-history":[{"count":1,"href":"https:\/\/agenciausphot.com\/uze\/en\/wp-json\/wp\/v2\/product\/4551\/revisions"}],"predecessor-version":[{"id":5781,"href":"https:\/\/agenciausphot.com\/uze\/en\/wp-json\/wp\/v2\/product\/4551\/revisions\/5781"}],"wp:featuredmedia":[{"embeddable":true,"href":"https:\/\/agenciausphot.com\/uze\/en\/wp-json\/wp\/v2\/media\/4550"}],"wp:attachment":[{"href":"https:\/\/agenciausphot.com\/uze\/en\/wp-json\/wp\/v2\/media?parent=4551"}],"wp:term":[{"taxonomy":"brand","embeddable":true,"href":"https:\/\/agenciausphot.com\/uze\/en\/wp-json\/wp\/v2\/etheme_brands?post=4551"},{"taxonomy":"product_brand","embeddable":true,"href":"https:\/\/agenciausphot.com\/uze\/en\/wp-json\/wp\/v2\/product_brand?post=4551"},{"taxonomy":"product_cat","embeddable":true,"href":"https:\/\/agenciausphot.com\/uze\/en\/wp-json\/wp\/v2\/product_cat?post=4551"},{"taxonomy":"product_tag","embeddable":true,"href":"https:\/\/agenciausphot.com\/uze\/en\/wp-json\/wp\/v2\/product_tag?post=4551"}],"curies":[{"name":"wp","href":"https:\/\/api.w.org\/{rel}","templated":true}]}}