{"id":4549,"date":"2025-10-29T13:00:25","date_gmt":"2025-10-29T13:00:25","guid":{"rendered":"https:\/\/agenciausphot.com\/uze\/produto\/anel-prego-prata\/"},"modified":"2025-12-22T16:27:01","modified_gmt":"2025-12-22T16:27:01","slug":"anel-prego-prata","status":"publish","type":"product","link":"https:\/\/agenciausphot.com\/uze\/en\/product\/anel-prego-prata\/","title":{"rendered":"Anel prego prata"},"content":{"rendered":"<h3 data-start=\"88\" data-end=\"114\">Detalhes do Produto:<\/h3>\n<p data-start=\"115\" data-end=\"504\">Anel Prego em <strong data-start=\"129\" data-end=\"151\">Prata 925 leg\u00edtima<\/strong>, com design contempor\u00e2neo e sofisticado que reproduz a forma de um prego delicadamente curvado ao redor do dedo. O acabamento polido garante brilho e modernidade, tornando a pe\u00e7a um s\u00edmbolo de for\u00e7a, estilo e atitude. Um anel vers\u00e1til que pode ser usado sozinho como destaque ou em composi\u00e7\u00f5es com outras joias, criando um visual elegante e marcante.<\/p>\n<p data-start=\"506\" data-end=\"631\">As pratas 925 possuem <strong data-start=\"528\" data-end=\"550\">garantia vital\u00edcia<\/strong>, reconhecidas por sua resist\u00eancia, alta qualidade e excelente custo-benef\u00edcio.<\/p>\n<hr data-start=\"633\" data-end=\"636\">\n<h3 data-start=\"638\" data-end=\"670\">Especifica\u00e7\u00f5es do produto:<\/h3>\n<ul data-start=\"671\" data-end=\"818\">\n<li data-start=\"671\" data-end=\"706\">\n<p data-start=\"673\" data-end=\"706\"><strong data-start=\"673\" data-end=\"684\">Modelo:<\/strong> Anel Prego em Prata<\/p>\n<\/li>\n<li data-start=\"707\" data-end=\"731\">\n<p data-start=\"709\" data-end=\"731\"><strong data-start=\"709\" data-end=\"723\">Espessura:<\/strong> 2,0mm<\/p>\n<\/li>\n<li data-start=\"732\" data-end=\"768\">\n<p data-start=\"734\" data-end=\"768\"><strong data-start=\"734\" data-end=\"747\">Material:<\/strong> Prata 925 leg\u00edtima<\/p>\n<\/li>\n<li data-start=\"769\" data-end=\"792\">\n<p data-start=\"771\" data-end=\"792\"><strong data-start=\"771\" data-end=\"782\">G\u00eanero:<\/strong> Unissex<\/p>\n<\/li>\n<li data-start=\"793\" data-end=\"818\">\n<p data-start=\"795\" data-end=\"818\"><strong data-start=\"795\" data-end=\"804\">Peso:<\/strong> Aprox. 2,2g<\/p>\n<\/li>\n<\/ul>\n<hr data-start=\"820\" data-end=\"823\">\n<h3 data-start=\"825\" data-end=\"840\">Garantia:<\/h3>\n<p data-start=\"841\" data-end=\"1099\">As joias em <strong data-start=\"853\" data-end=\"866\">Prata 925<\/strong> acompanham <strong data-start=\"878\" data-end=\"922\">Certificado de Garantia de Autenticidade<\/strong>, assegurando a <strong data-start=\"938\" data-end=\"956\">dura\u00e7\u00e3o eterna<\/strong> do material. Diferente das bijuterias, pe\u00e7as em Prata 925 mant\u00eam sua beleza, valor e resist\u00eancia por toda a vida, assim como o <strong data-start=\"1084\" data-end=\"1096\">Ouro 18k<\/strong>.<\/p>\n<hr data-start=\"1101\" data-end=\"1106\">\n<p data-start=\"1108\" data-end=\"1207\" data-is-last-node=\"\" data-is-only-node=\"\">","protected":false},"excerpt":{"rendered":"<p>Detalhes do Produto: Anel Prego em Prata 925 leg\u00edtima, com design contempor\u00e2neo e sofisticado que reproduz a forma de um prego delicadamente curvado ao redor&#8230;<\/p>","protected":false},"featured_media":4547,"comment_status":"open","ping_status":"closed","template":"","meta":[],"etheme_brands":[],"product_brand":[],"product_cat":[103,92],"product_tag":[133],"class_list":{"0":"post-4549","1":"product","2":"type-product","3":"status-publish","4":"has-post-thumbnail","6":"product_cat-categoriaanisanel-feminino","7":"product_cat-categoriaanis","8":"product_tag-uze-pratas","10":"first","11":"instock","12":"shipping-taxable","13":"purchasable","14":"product-type-variable"},"_links":{"self":[{"href":"https:\/\/agenciausphot.com\/uze\/en\/wp-json\/wp\/v2\/product\/4549","targetHints":{"allow":["GET"]}}],"collection":[{"href":"https:\/\/agenciausphot.com\/uze\/en\/wp-json\/wp\/v2\/product"}],"about":[{"href":"https:\/\/agenciausphot.com\/uze\/en\/wp-json\/wp\/v2\/types\/product"}],"replies":[{"embeddable":true,"href":"https:\/\/agenciausphot.com\/uze\/en\/wp-json\/wp\/v2\/comments?post=4549"}],"version-history":[{"count":1,"href":"https:\/\/agenciausphot.com\/uze\/en\/wp-json\/wp\/v2\/product\/4549\/revisions"}],"predecessor-version":[{"id":5780,"href":"https:\/\/agenciausphot.com\/uze\/en\/wp-json\/wp\/v2\/product\/4549\/revisions\/5780"}],"wp:featuredmedia":[{"embeddable":true,"href":"https:\/\/agenciausphot.com\/uze\/en\/wp-json\/wp\/v2\/media\/4547"}],"wp:attachment":[{"href":"https:\/\/agenciausphot.com\/uze\/en\/wp-json\/wp\/v2\/media?parent=4549"}],"wp:term":[{"taxonomy":"brand","embeddable":true,"href":"https:\/\/agenciausphot.com\/uze\/en\/wp-json\/wp\/v2\/etheme_brands?post=4549"},{"taxonomy":"product_brand","embeddable":true,"href":"https:\/\/agenciausphot.com\/uze\/en\/wp-json\/wp\/v2\/product_brand?post=4549"},{"taxonomy":"product_cat","embeddable":true,"href":"https:\/\/agenciausphot.com\/uze\/en\/wp-json\/wp\/v2\/product_cat?post=4549"},{"taxonomy":"product_tag","embeddable":true,"href":"https:\/\/agenciausphot.com\/uze\/en\/wp-json\/wp\/v2\/product_tag?post=4549"}],"curies":[{"name":"wp","href":"https:\/\/api.w.org\/{rel}","templated":true}]}}