{"id":4546,"date":"2025-10-29T13:00:22","date_gmt":"2025-10-29T13:00:22","guid":{"rendered":"https:\/\/agenciausphot.com\/uze\/produto\/anel-regulavel-cruz-lisa-e-cravejada-de-prata\/"},"modified":"2025-12-22T16:27:01","modified_gmt":"2025-12-22T16:27:01","slug":"anel-regulavel-cruz-lisa-e-cravejada-de-prata","status":"publish","type":"product","link":"https:\/\/agenciausphot.com\/uze\/en\/product\/anel-regulavel-cruz-lisa-e-cravejada-de-prata\/","title":{"rendered":"Anel regul\u00e1vel cruz lisa e cravejada de prata"},"content":{"rendered":"<h3 data-start=\"108\" data-end=\"134\">Detalhes do Produto:<\/h3>\n<p data-start=\"135\" data-end=\"556\">Anel Regul\u00e1vel em <strong data-start=\"153\" data-end=\"175\">Prata 925 leg\u00edtima<\/strong>, com design moderno em formato de <strong data-start=\"210\" data-end=\"218\">cruz<\/strong>, trazendo um lado liso e polido e o outro totalmente <strong data-start=\"272\" data-end=\"307\">cravejado com zirc\u00f4nias cristal<\/strong>, criando um contraste elegante e sofisticado. O aro ajust\u00e1vel garante praticidade, permitindo que a pe\u00e7a se adapte a diferentes tamanhos de dedo com conforto e estilo. Uma joia de f\u00e9 e devo\u00e7\u00e3o, perfeita para quem busca simbolismo aliado \u00e0 beleza.<\/p>\n<p data-start=\"558\" data-end=\"690\">As pratas 925 possuem <strong data-start=\"580\" data-end=\"602\">garantia vital\u00edcia<\/strong>, sendo reconhecidas por sua durabilidade, alta qualidade e excelente custo-benef\u00edcio.<\/p>\n<hr data-start=\"692\" data-end=\"695\">\n<h3 data-start=\"697\" data-end=\"729\">Especifica\u00e7\u00f5es do produto:<\/h3>\n<ul data-start=\"730\" data-end=\"977\">\n<li data-start=\"730\" data-end=\"791\">\n<p data-start=\"732\" data-end=\"791\"><strong data-start=\"732\" data-end=\"743\">Modelo:<\/strong> Anel Regul\u00e1vel Cruz Lisa e Cravejada em Prata<\/p>\n<\/li>\n<li data-start=\"792\" data-end=\"816\">\n<p data-start=\"794\" data-end=\"816\"><strong data-start=\"794\" data-end=\"808\">Espessura:<\/strong> 1,5mm<\/p>\n<\/li>\n<li data-start=\"817\" data-end=\"863\">\n<p data-start=\"819\" data-end=\"863\"><strong data-start=\"819\" data-end=\"834\">Dim. Pedra:<\/strong> 1mm (zirc\u00f4nias cravejadas)<\/p>\n<\/li>\n<li data-start=\"864\" data-end=\"900\">\n<p data-start=\"866\" data-end=\"900\"><strong data-start=\"866\" data-end=\"879\">Material:<\/strong> Prata 925 leg\u00edtima<\/p>\n<\/li>\n<li data-start=\"901\" data-end=\"925\">\n<p data-start=\"903\" data-end=\"925\"><strong data-start=\"903\" data-end=\"914\">G\u00eanero:<\/strong> Feminino<\/p>\n<\/li>\n<li data-start=\"926\" data-end=\"951\">\n<p data-start=\"928\" data-end=\"951\"><strong data-start=\"928\" data-end=\"937\">Peso:<\/strong> Aprox. 1,9g<\/p>\n<\/li>\n<li data-start=\"952\" data-end=\"977\">\n<p data-start=\"954\" data-end=\"977\"><strong data-start=\"954\" data-end=\"965\">Ajuste:<\/strong> Regul\u00e1vel<\/p>\n<\/li>\n<\/ul>\n<hr data-start=\"979\" data-end=\"982\">\n<h3 data-start=\"984\" data-end=\"999\">Garantia:<\/h3>\n<p data-start=\"1000\" data-end=\"1248\">As joias em <strong data-start=\"1012\" data-end=\"1025\">Prata 925<\/strong> acompanham <strong data-start=\"1037\" data-end=\"1081\">Certificado de Garantia de Autenticidade<\/strong>, assegurando a <strong data-start=\"1097\" data-end=\"1115\">dura\u00e7\u00e3o eterna<\/strong> do material. Diferente das bijuterias, pe\u00e7as em Prata 925 preservam sua beleza e valor por toda a vida, assim como o <strong data-start=\"1233\" data-end=\"1245\">Ouro 18k<\/strong>.<\/p>","protected":false},"excerpt":{"rendered":"<p>Detalhes do Produto: Anel Regul\u00e1vel em Prata 925 leg\u00edtima, com design moderno em formato de cruz, trazendo um lado liso e polido e o outro&#8230;<\/p>","protected":false},"featured_media":4544,"comment_status":"open","ping_status":"closed","template":"","meta":[],"etheme_brands":[],"product_brand":[],"product_cat":[103,92],"product_tag":[133],"class_list":{"0":"post-4546","1":"product","2":"type-product","3":"status-publish","4":"has-post-thumbnail","6":"product_cat-categoriaanisanel-feminino","7":"product_cat-categoriaanis","8":"product_tag-uze-pratas","10":"first","11":"instock","12":"shipping-taxable","13":"purchasable","14":"product-type-variable"},"_links":{"self":[{"href":"https:\/\/agenciausphot.com\/uze\/en\/wp-json\/wp\/v2\/product\/4546","targetHints":{"allow":["GET"]}}],"collection":[{"href":"https:\/\/agenciausphot.com\/uze\/en\/wp-json\/wp\/v2\/product"}],"about":[{"href":"https:\/\/agenciausphot.com\/uze\/en\/wp-json\/wp\/v2\/types\/product"}],"replies":[{"embeddable":true,"href":"https:\/\/agenciausphot.com\/uze\/en\/wp-json\/wp\/v2\/comments?post=4546"}],"version-history":[{"count":1,"href":"https:\/\/agenciausphot.com\/uze\/en\/wp-json\/wp\/v2\/product\/4546\/revisions"}],"predecessor-version":[{"id":5779,"href":"https:\/\/agenciausphot.com\/uze\/en\/wp-json\/wp\/v2\/product\/4546\/revisions\/5779"}],"wp:featuredmedia":[{"embeddable":true,"href":"https:\/\/agenciausphot.com\/uze\/en\/wp-json\/wp\/v2\/media\/4544"}],"wp:attachment":[{"href":"https:\/\/agenciausphot.com\/uze\/en\/wp-json\/wp\/v2\/media?parent=4546"}],"wp:term":[{"taxonomy":"brand","embeddable":true,"href":"https:\/\/agenciausphot.com\/uze\/en\/wp-json\/wp\/v2\/etheme_brands?post=4546"},{"taxonomy":"product_brand","embeddable":true,"href":"https:\/\/agenciausphot.com\/uze\/en\/wp-json\/wp\/v2\/product_brand?post=4546"},{"taxonomy":"product_cat","embeddable":true,"href":"https:\/\/agenciausphot.com\/uze\/en\/wp-json\/wp\/v2\/product_cat?post=4546"},{"taxonomy":"product_tag","embeddable":true,"href":"https:\/\/agenciausphot.com\/uze\/en\/wp-json\/wp\/v2\/product_tag?post=4546"}],"curies":[{"name":"wp","href":"https:\/\/api.w.org\/{rel}","templated":true}]}}