{"id":4531,"date":"2025-10-29T13:00:10","date_gmt":"2025-10-29T13:00:10","guid":{"rendered":"https:\/\/agenciausphot.com\/uze\/produto\/anel-cravejado\/"},"modified":"2026-01-12T15:14:56","modified_gmt":"2026-01-12T15:14:56","slug":"anel-cravejado","status":"publish","type":"product","link":"https:\/\/agenciausphot.com\/uze\/en\/product\/anel-cravejado\/","title":{"rendered":"Anel cravejado"},"content":{"rendered":"<p data-start=\"104\" data-end=\"334\"><strong data-start=\"104\" data-end=\"129\">Descri\u00e7\u00e3o do Produto:<\/strong><br data-start=\"129\" data-end=\"132\"><br \/>\nAnel em <strong data-start=\"140\" data-end=\"162\">Prata 925 leg\u00edtima<\/strong>, com <strong data-start=\"168\" data-end=\"196\">garantia eterna da prata<\/strong>, desenvolvido em um design elegante e moderno. A pe\u00e7a \u00e9 totalmente <strong data-start=\"264\" data-end=\"291\">cravejada com zirc\u00f4nias<\/strong>, trazendo brilho intenso e sofistica\u00e7\u00e3o.<\/p>\n<p data-start=\"336\" data-end=\"476\">Uma joia vers\u00e1til que combina com diferentes estilos e ocasi\u00f5es, perfeita para compor desde looks casuais at\u00e9 produ\u00e7\u00f5es mais sofisticadas.<\/p>\n<p data-start=\"478\" data-end=\"609\">\u2714\ufe0f Prata 925 leg\u00edtima<br data-start=\"499\" data-end=\"502\"><br \/>\n\u2714\ufe0f Garantia eterna da prata<br data-start=\"529\" data-end=\"532\"><br \/>\n\u2714\ufe0f Cravejado com pedras de zirc\u00f4nia<br data-start=\"567\" data-end=\"570\"><br \/>\n\u2714\ufe0f Eleg\u00e2ncia e brilho em cada detalhe<\/p>","protected":false},"excerpt":{"rendered":"<p>Descri\u00e7\u00e3o do Produto: Anel em Prata 925 leg\u00edtima, com garantia eterna da prata, desenvolvido em um design elegante e moderno. A pe\u00e7a \u00e9 totalmente cravejada&#8230;<\/p>","protected":false},"featured_media":4530,"comment_status":"open","ping_status":"closed","template":"","meta":[],"etheme_brands":[],"product_brand":[],"product_cat":[103,92],"product_tag":[133],"class_list":{"0":"post-4531","1":"product","2":"type-product","3":"status-publish","4":"has-post-thumbnail","6":"product_cat-categoriaanisanel-feminino","7":"product_cat-categoriaanis","8":"product_tag-uze-pratas","10":"first","11":"instock","12":"shipping-taxable","13":"purchasable","14":"product-type-variable"},"_links":{"self":[{"href":"https:\/\/agenciausphot.com\/uze\/en\/wp-json\/wp\/v2\/product\/4531","targetHints":{"allow":["GET"]}}],"collection":[{"href":"https:\/\/agenciausphot.com\/uze\/en\/wp-json\/wp\/v2\/product"}],"about":[{"href":"https:\/\/agenciausphot.com\/uze\/en\/wp-json\/wp\/v2\/types\/product"}],"replies":[{"embeddable":true,"href":"https:\/\/agenciausphot.com\/uze\/en\/wp-json\/wp\/v2\/comments?post=4531"}],"version-history":[{"count":1,"href":"https:\/\/agenciausphot.com\/uze\/en\/wp-json\/wp\/v2\/product\/4531\/revisions"}],"predecessor-version":[{"id":5773,"href":"https:\/\/agenciausphot.com\/uze\/en\/wp-json\/wp\/v2\/product\/4531\/revisions\/5773"}],"wp:featuredmedia":[{"embeddable":true,"href":"https:\/\/agenciausphot.com\/uze\/en\/wp-json\/wp\/v2\/media\/4530"}],"wp:attachment":[{"href":"https:\/\/agenciausphot.com\/uze\/en\/wp-json\/wp\/v2\/media?parent=4531"}],"wp:term":[{"taxonomy":"brand","embeddable":true,"href":"https:\/\/agenciausphot.com\/uze\/en\/wp-json\/wp\/v2\/etheme_brands?post=4531"},{"taxonomy":"product_brand","embeddable":true,"href":"https:\/\/agenciausphot.com\/uze\/en\/wp-json\/wp\/v2\/product_brand?post=4531"},{"taxonomy":"product_cat","embeddable":true,"href":"https:\/\/agenciausphot.com\/uze\/en\/wp-json\/wp\/v2\/product_cat?post=4531"},{"taxonomy":"product_tag","embeddable":true,"href":"https:\/\/agenciausphot.com\/uze\/en\/wp-json\/wp\/v2\/product_tag?post=4531"}],"curies":[{"name":"wp","href":"https:\/\/api.w.org\/{rel}","templated":true}]}}