{"id":4519,"date":"2025-10-29T13:00:01","date_gmt":"2025-10-29T13:00:01","guid":{"rendered":"https:\/\/agenciausphot.com\/uze\/produto\/anel-dois-coracoes\/"},"modified":"2025-12-15T13:22:11","modified_gmt":"2025-12-15T13:22:11","slug":"anel-dois-coracoes","status":"publish","type":"product","link":"https:\/\/agenciausphot.com\/uze\/en\/product\/anel-dois-coracoes\/","title":{"rendered":"Anel dois cora\u00e7\u00f5es"},"content":{"rendered":"<p data-start=\"88\" data-end=\"140\"><strong data-start=\"91\" data-end=\"135\">Anel Dois Cora\u00e7\u00f5es em Prata 925 Leg\u00edtima<\/strong>&nbsp;<\/p>\n<p data-start=\"142\" data-end=\"423\">Um anel delicado e cheio de significado, produzido em <strong data-start=\"196\" data-end=\"218\">prata 925 leg\u00edtima<\/strong> com <strong data-start=\"223\" data-end=\"251\">garantia eterna da prata<\/strong>. O design com <strong data-start=\"266\" data-end=\"290\">dois cora\u00e7\u00f5es unidos<\/strong> simboliza amor, uni\u00e3o e conex\u00e3o verdadeira, tornando a pe\u00e7a perfeita para presentear algu\u00e9m especial ou eternizar momentos \u00fanicos.<\/p>\n<p data-start=\"425\" data-end=\"536\">\u2714\ufe0f Prata 925 leg\u00edtima<br data-start=\"446\" data-end=\"449\"><br \/>\n\u2714\ufe0f Garantia eterna da prata<br data-start=\"476\" data-end=\"479\"><br \/>\n\u2714\ufe0f Dois cora\u00e7\u00f5es unidos<br data-start=\"502\" data-end=\"505\"><br \/>\n\u2714\ufe0f Joia rom\u00e2ntica e atemporal<\/p>","protected":false},"excerpt":{"rendered":"<p>Anel Dois Cora\u00e7\u00f5es em Prata 925 Leg\u00edtima&nbsp; Um anel delicado e cheio de significado, produzido em prata 925 leg\u00edtima com garantia eterna da prata. O&#8230;<\/p>","protected":false},"featured_media":4518,"comment_status":"open","ping_status":"closed","template":"","meta":[],"etheme_brands":[],"product_brand":[],"product_cat":[103,92],"product_tag":[133],"class_list":{"0":"post-4519","1":"product","2":"type-product","3":"status-publish","4":"has-post-thumbnail","6":"product_cat-categoriaanisanel-feminino","7":"product_cat-categoriaanis","8":"product_tag-uze-pratas","10":"first","11":"instock","12":"shipping-taxable","13":"purchasable","14":"product-type-variable"},"_links":{"self":[{"href":"https:\/\/agenciausphot.com\/uze\/en\/wp-json\/wp\/v2\/product\/4519","targetHints":{"allow":["GET"]}}],"collection":[{"href":"https:\/\/agenciausphot.com\/uze\/en\/wp-json\/wp\/v2\/product"}],"about":[{"href":"https:\/\/agenciausphot.com\/uze\/en\/wp-json\/wp\/v2\/types\/product"}],"replies":[{"embeddable":true,"href":"https:\/\/agenciausphot.com\/uze\/en\/wp-json\/wp\/v2\/comments?post=4519"}],"version-history":[{"count":1,"href":"https:\/\/agenciausphot.com\/uze\/en\/wp-json\/wp\/v2\/product\/4519\/revisions"}],"predecessor-version":[{"id":5768,"href":"https:\/\/agenciausphot.com\/uze\/en\/wp-json\/wp\/v2\/product\/4519\/revisions\/5768"}],"wp:featuredmedia":[{"embeddable":true,"href":"https:\/\/agenciausphot.com\/uze\/en\/wp-json\/wp\/v2\/media\/4518"}],"wp:attachment":[{"href":"https:\/\/agenciausphot.com\/uze\/en\/wp-json\/wp\/v2\/media?parent=4519"}],"wp:term":[{"taxonomy":"brand","embeddable":true,"href":"https:\/\/agenciausphot.com\/uze\/en\/wp-json\/wp\/v2\/etheme_brands?post=4519"},{"taxonomy":"product_brand","embeddable":true,"href":"https:\/\/agenciausphot.com\/uze\/en\/wp-json\/wp\/v2\/product_brand?post=4519"},{"taxonomy":"product_cat","embeddable":true,"href":"https:\/\/agenciausphot.com\/uze\/en\/wp-json\/wp\/v2\/product_cat?post=4519"},{"taxonomy":"product_tag","embeddable":true,"href":"https:\/\/agenciausphot.com\/uze\/en\/wp-json\/wp\/v2\/product_tag?post=4519"}],"curies":[{"name":"wp","href":"https:\/\/api.w.org\/{rel}","templated":true}]}}