{"id":4515,"date":"2025-10-29T12:59:58","date_gmt":"2025-10-29T12:59:58","guid":{"rendered":"https:\/\/agenciausphot.com\/uze\/produto\/anel-regulavel-estrela-e-lua-prata\/"},"modified":"2025-12-15T13:22:09","modified_gmt":"2025-12-15T13:22:09","slug":"anel-regulavel-estrela-e-lua-prata","status":"publish","type":"product","link":"https:\/\/agenciausphot.com\/uze\/en\/product\/anel-regulavel-estrela-e-lua-prata\/","title":{"rendered":"Anel regul\u00e1vel estrela e lua prata"},"content":{"rendered":"<p data-start=\"98\" data-end=\"162\"><strong data-start=\"102\" data-end=\"156\">Anel Regul\u00e1vel Estrela e Lua em Prata 925 Leg\u00edtima<\/strong>&nbsp;<\/p>\n<p data-start=\"164\" data-end=\"362\">Um anel cheio de encanto, confeccionado em <strong data-start=\"207\" data-end=\"229\">prata 925 leg\u00edtima<\/strong> com <strong data-start=\"234\" data-end=\"262\">garantia eterna da prata<\/strong>. Seu design traz a delicadeza da lua e o brilho da estrela, s\u00edmbolos de mist\u00e9rio, prote\u00e7\u00e3o e luz.<\/p>\n<p data-start=\"364\" data-end=\"531\">O modelo \u00e9 <strong data-start=\"375\" data-end=\"388\">regul\u00e1vel<\/strong>, garantindo conforto e ajuste perfeito em diferentes tamanhos de dedo, al\u00e9m de ser uma pe\u00e7a vers\u00e1til para o dia a dia ou ocasi\u00f5es especiais.<\/p>\n<p data-start=\"533\" data-end=\"635\">\u2714\ufe0f Prata 925 leg\u00edtima<br data-start=\"554\" data-end=\"557\"><br \/>\n\u2714\ufe0f Garantia eterna da prata<br data-start=\"584\" data-end=\"587\"><br \/>\n\u2714\ufe0f Design estrela e lua<br data-start=\"610\" data-end=\"613\"><br \/>\n\u2714\ufe0f Ajust\u00e1vel ao dedo<\/p>","protected":false},"excerpt":{"rendered":"<p>Anel Regul\u00e1vel Estrela e Lua em Prata 925 Leg\u00edtima&nbsp; Um anel cheio de encanto, confeccionado em prata 925 leg\u00edtima com garantia eterna da prata. Seu&#8230;<\/p>","protected":false},"featured_media":4514,"comment_status":"open","ping_status":"closed","template":"","meta":[],"etheme_brands":[],"product_brand":[],"product_cat":[103,92],"product_tag":[133],"class_list":{"0":"post-4515","1":"product","2":"type-product","3":"status-publish","4":"has-post-thumbnail","6":"product_cat-categoriaanisanel-feminino","7":"product_cat-categoriaanis","8":"product_tag-uze-pratas","10":"first","11":"outofstock","12":"shipping-taxable","13":"purchasable","14":"product-type-variable"},"_links":{"self":[{"href":"https:\/\/agenciausphot.com\/uze\/en\/wp-json\/wp\/v2\/product\/4515","targetHints":{"allow":["GET"]}}],"collection":[{"href":"https:\/\/agenciausphot.com\/uze\/en\/wp-json\/wp\/v2\/product"}],"about":[{"href":"https:\/\/agenciausphot.com\/uze\/en\/wp-json\/wp\/v2\/types\/product"}],"replies":[{"embeddable":true,"href":"https:\/\/agenciausphot.com\/uze\/en\/wp-json\/wp\/v2\/comments?post=4515"}],"version-history":[{"count":1,"href":"https:\/\/agenciausphot.com\/uze\/en\/wp-json\/wp\/v2\/product\/4515\/revisions"}],"predecessor-version":[{"id":5766,"href":"https:\/\/agenciausphot.com\/uze\/en\/wp-json\/wp\/v2\/product\/4515\/revisions\/5766"}],"wp:featuredmedia":[{"embeddable":true,"href":"https:\/\/agenciausphot.com\/uze\/en\/wp-json\/wp\/v2\/media\/4514"}],"wp:attachment":[{"href":"https:\/\/agenciausphot.com\/uze\/en\/wp-json\/wp\/v2\/media?parent=4515"}],"wp:term":[{"taxonomy":"brand","embeddable":true,"href":"https:\/\/agenciausphot.com\/uze\/en\/wp-json\/wp\/v2\/etheme_brands?post=4515"},{"taxonomy":"product_brand","embeddable":true,"href":"https:\/\/agenciausphot.com\/uze\/en\/wp-json\/wp\/v2\/product_brand?post=4515"},{"taxonomy":"product_cat","embeddable":true,"href":"https:\/\/agenciausphot.com\/uze\/en\/wp-json\/wp\/v2\/product_cat?post=4515"},{"taxonomy":"product_tag","embeddable":true,"href":"https:\/\/agenciausphot.com\/uze\/en\/wp-json\/wp\/v2\/product_tag?post=4515"}],"curies":[{"name":"wp","href":"https:\/\/api.w.org\/{rel}","templated":true}]}}