{"id":4513,"date":"2025-10-29T12:59:56","date_gmt":"2025-10-29T12:59:56","guid":{"rendered":"https:\/\/agenciausphot.com\/uze\/produto\/anel-borboleta-cravejada\/"},"modified":"2025-12-22T16:26:51","modified_gmt":"2025-12-22T16:26:51","slug":"anel-borboleta-cravejada","status":"publish","type":"product","link":"https:\/\/agenciausphot.com\/uze\/en\/product\/anel-borboleta-cravejada\/","title":{"rendered":"Anel borboleta cravejada"},"content":{"rendered":"<p data-start=\"94\" data-end=\"152\"><strong data-start=\"97\" data-end=\"147\">Anel Borboleta Cravejada em Prata 925 Leg\u00edtima<\/strong>&nbsp;<\/p>\n<p data-start=\"154\" data-end=\"403\">Um anel delicado e sofisticado, produzido em <strong data-start=\"199\" data-end=\"221\">prata 925 leg\u00edtima<\/strong> com <strong data-start=\"226\" data-end=\"254\">garantia eterna da prata<\/strong>. Seu design em formato de borboleta simboliza leveza, transforma\u00e7\u00e3o e liberdade, enquanto as pedras cravejadas garantem brilho e eleg\u00e2ncia \u00fanicos.<\/p>\n<p data-start=\"405\" data-end=\"490\">Perfeito para dar um toque especial em qualquer look ou presentear algu\u00e9m especial.<\/p>\n<p data-start=\"492\" data-end=\"589\">\u2714\ufe0f Prata 925 leg\u00edtima<br data-start=\"513\" data-end=\"516\"><br \/>\n\u2714\ufe0f Garantia eterna da prata<br data-start=\"543\" data-end=\"546\"><br \/>\n\u2714\ufe0f Design borboleta com pedras cravejadas<\/p>","protected":false},"excerpt":{"rendered":"<p>Anel Borboleta Cravejada em Prata 925 Leg\u00edtima&nbsp; Um anel delicado e sofisticado, produzido em prata 925 leg\u00edtima com garantia eterna da prata. Seu design em&#8230;<\/p>","protected":false},"featured_media":4512,"comment_status":"open","ping_status":"closed","template":"","meta":[],"etheme_brands":[],"product_brand":[],"product_cat":[103,92],"product_tag":[133],"class_list":{"0":"post-4513","1":"product","2":"type-product","3":"status-publish","4":"has-post-thumbnail","6":"product_cat-categoriaanisanel-feminino","7":"product_cat-categoriaanis","8":"product_tag-uze-pratas","10":"first","11":"instock","12":"shipping-taxable","13":"purchasable","14":"product-type-variable"},"_links":{"self":[{"href":"https:\/\/agenciausphot.com\/uze\/en\/wp-json\/wp\/v2\/product\/4513","targetHints":{"allow":["GET"]}}],"collection":[{"href":"https:\/\/agenciausphot.com\/uze\/en\/wp-json\/wp\/v2\/product"}],"about":[{"href":"https:\/\/agenciausphot.com\/uze\/en\/wp-json\/wp\/v2\/types\/product"}],"replies":[{"embeddable":true,"href":"https:\/\/agenciausphot.com\/uze\/en\/wp-json\/wp\/v2\/comments?post=4513"}],"version-history":[{"count":1,"href":"https:\/\/agenciausphot.com\/uze\/en\/wp-json\/wp\/v2\/product\/4513\/revisions"}],"predecessor-version":[{"id":5765,"href":"https:\/\/agenciausphot.com\/uze\/en\/wp-json\/wp\/v2\/product\/4513\/revisions\/5765"}],"wp:featuredmedia":[{"embeddable":true,"href":"https:\/\/agenciausphot.com\/uze\/en\/wp-json\/wp\/v2\/media\/4512"}],"wp:attachment":[{"href":"https:\/\/agenciausphot.com\/uze\/en\/wp-json\/wp\/v2\/media?parent=4513"}],"wp:term":[{"taxonomy":"brand","embeddable":true,"href":"https:\/\/agenciausphot.com\/uze\/en\/wp-json\/wp\/v2\/etheme_brands?post=4513"},{"taxonomy":"product_brand","embeddable":true,"href":"https:\/\/agenciausphot.com\/uze\/en\/wp-json\/wp\/v2\/product_brand?post=4513"},{"taxonomy":"product_cat","embeddable":true,"href":"https:\/\/agenciausphot.com\/uze\/en\/wp-json\/wp\/v2\/product_cat?post=4513"},{"taxonomy":"product_tag","embeddable":true,"href":"https:\/\/agenciausphot.com\/uze\/en\/wp-json\/wp\/v2\/product_tag?post=4513"}],"curies":[{"name":"wp","href":"https:\/\/api.w.org\/{rel}","templated":true}]}}