{"id":4509,"date":"2025-10-29T12:59:54","date_gmt":"2025-10-29T12:59:54","guid":{"rendered":"https:\/\/agenciausphot.com\/uze\/produto\/anel-solitario-coracao-rosa\/"},"modified":"2025-12-22T16:26:49","modified_gmt":"2025-12-22T16:26:49","slug":"anel-solitario-coracao-rosa","status":"publish","type":"product","link":"https:\/\/agenciausphot.com\/uze\/en\/product\/anel-solitario-coracao-rosa\/","title":{"rendered":"Anel solit\u00e1rio cora\u00e7\u00e3o rosa"},"content":{"rendered":"<p data-start=\"97\" data-end=\"158\"><strong data-start=\"100\" data-end=\"153\">Anel Solit\u00e1rio Cora\u00e7\u00e3o Rosa em Prata 925 Leg\u00edtima<\/strong>&nbsp;<\/p>\n<p data-start=\"160\" data-end=\"360\">Um anel rom\u00e2ntico e delicado, produzido em <strong data-start=\"203\" data-end=\"225\">prata 925 leg\u00edtima<\/strong> com <strong data-start=\"230\" data-end=\"258\">garantia eterna da prata<\/strong>. O detalhe do cora\u00e7\u00e3o em tom rosa traz um charme especial e simboliza amor, ternura e feminilidade.<\/p>\n<p data-start=\"362\" data-end=\"470\">Perfeito para presentear algu\u00e9m especial ou completar seu mix de an\u00e9is com um toque de cor e sofistica\u00e7\u00e3o.<\/p>\n<p data-start=\"472\" data-end=\"563\">\u2714\ufe0f Prata 925 leg\u00edtima<br data-start=\"493\" data-end=\"496\"><br \/>\n\u2714\ufe0f Garantia eterna da prata<br data-start=\"523\" data-end=\"526\"><br \/>\n\u2714\ufe0f Pedra em formato de cora\u00e7\u00e3o rosa<\/p>","protected":false},"excerpt":{"rendered":"<p>Anel Solit\u00e1rio Cora\u00e7\u00e3o Rosa em Prata 925 Leg\u00edtima&nbsp; Um anel rom\u00e2ntico e delicado, produzido em prata 925 leg\u00edtima com garantia eterna da prata. O detalhe&#8230;<\/p>","protected":false},"featured_media":4508,"comment_status":"open","ping_status":"closed","template":"","meta":[],"etheme_brands":[],"product_brand":[],"product_cat":[103,92],"product_tag":[133],"class_list":{"0":"post-4509","1":"product","2":"type-product","3":"status-publish","4":"has-post-thumbnail","6":"product_cat-categoriaanisanel-feminino","7":"product_cat-categoriaanis","8":"product_tag-uze-pratas","10":"first","11":"instock","12":"shipping-taxable","13":"purchasable","14":"product-type-variable"},"_links":{"self":[{"href":"https:\/\/agenciausphot.com\/uze\/en\/wp-json\/wp\/v2\/product\/4509","targetHints":{"allow":["GET"]}}],"collection":[{"href":"https:\/\/agenciausphot.com\/uze\/en\/wp-json\/wp\/v2\/product"}],"about":[{"href":"https:\/\/agenciausphot.com\/uze\/en\/wp-json\/wp\/v2\/types\/product"}],"replies":[{"embeddable":true,"href":"https:\/\/agenciausphot.com\/uze\/en\/wp-json\/wp\/v2\/comments?post=4509"}],"version-history":[{"count":1,"href":"https:\/\/agenciausphot.com\/uze\/en\/wp-json\/wp\/v2\/product\/4509\/revisions"}],"predecessor-version":[{"id":5763,"href":"https:\/\/agenciausphot.com\/uze\/en\/wp-json\/wp\/v2\/product\/4509\/revisions\/5763"}],"wp:featuredmedia":[{"embeddable":true,"href":"https:\/\/agenciausphot.com\/uze\/en\/wp-json\/wp\/v2\/media\/4508"}],"wp:attachment":[{"href":"https:\/\/agenciausphot.com\/uze\/en\/wp-json\/wp\/v2\/media?parent=4509"}],"wp:term":[{"taxonomy":"brand","embeddable":true,"href":"https:\/\/agenciausphot.com\/uze\/en\/wp-json\/wp\/v2\/etheme_brands?post=4509"},{"taxonomy":"product_brand","embeddable":true,"href":"https:\/\/agenciausphot.com\/uze\/en\/wp-json\/wp\/v2\/product_brand?post=4509"},{"taxonomy":"product_cat","embeddable":true,"href":"https:\/\/agenciausphot.com\/uze\/en\/wp-json\/wp\/v2\/product_cat?post=4509"},{"taxonomy":"product_tag","embeddable":true,"href":"https:\/\/agenciausphot.com\/uze\/en\/wp-json\/wp\/v2\/product_tag?post=4509"}],"curies":[{"name":"wp","href":"https:\/\/api.w.org\/{rel}","templated":true}]}}