{"id":4507,"date":"2025-10-29T12:59:52","date_gmt":"2025-10-29T12:59:52","guid":{"rendered":"https:\/\/agenciausphot.com\/uze\/produto\/anel-prata-solitario-coracao\/"},"modified":"2025-12-04T18:43:16","modified_gmt":"2025-12-04T18:43:16","slug":"anel-prata-solitario-coracao","status":"publish","type":"product","link":"https:\/\/agenciausphot.com\/uze\/en\/product\/anel-prata-solitario-coracao\/","title":{"rendered":"Anel prata solit\u00e1rio cora\u00e7\u0101o"},"content":{"rendered":"<p data-start=\"69\" data-end=\"123\"><strong data-start=\"71\" data-end=\"119\">Anel Solit\u00e1rio Cora\u00e7\u00e3o em Prata 925 Leg\u00edtima<\/strong>&nbsp;<\/p>\n<p data-start=\"125\" data-end=\"314\">Anel delicado em <strong data-start=\"142\" data-end=\"164\">prata 925 leg\u00edtima<\/strong>, com <strong data-start=\"170\" data-end=\"198\">garantia eterna da prata<\/strong>. O design em formato de cora\u00e7\u00e3o traz romantismo e sofistica\u00e7\u00e3o, sendo ideal para presentear ou usar no dia a dia.<\/p>\n<p data-start=\"316\" data-end=\"399\">\u2714\ufe0f Prata 925 leg\u00edtima<br data-start=\"337\" data-end=\"340\"><br \/>\n\u2714\ufe0f Garantia eterna da prata<br data-start=\"367\" data-end=\"370\"><br \/>\n\u2714\ufe0f Design solit\u00e1rio cora\u00e7\u00e3o<\/p>","protected":false},"excerpt":{"rendered":"<p>Anel Solit\u00e1rio Cora\u00e7\u00e3o em Prata 925 Leg\u00edtima&nbsp; Anel delicado em prata 925 leg\u00edtima, com garantia eterna da prata. O design em formato de cora\u00e7\u00e3o traz&#8230;<\/p>","protected":false},"featured_media":4506,"comment_status":"open","ping_status":"closed","template":"","meta":[],"etheme_brands":[],"product_brand":[],"product_cat":[103,92],"product_tag":[133],"class_list":{"0":"post-4507","1":"product","2":"type-product","3":"status-publish","4":"has-post-thumbnail","6":"product_cat-categoriaanisanel-feminino","7":"product_cat-categoriaanis","8":"product_tag-uze-pratas","10":"first","11":"outofstock","12":"shipping-taxable","13":"product-type-variable"},"_links":{"self":[{"href":"https:\/\/agenciausphot.com\/uze\/en\/wp-json\/wp\/v2\/product\/4507","targetHints":{"allow":["GET"]}}],"collection":[{"href":"https:\/\/agenciausphot.com\/uze\/en\/wp-json\/wp\/v2\/product"}],"about":[{"href":"https:\/\/agenciausphot.com\/uze\/en\/wp-json\/wp\/v2\/types\/product"}],"replies":[{"embeddable":true,"href":"https:\/\/agenciausphot.com\/uze\/en\/wp-json\/wp\/v2\/comments?post=4507"}],"version-history":[{"count":1,"href":"https:\/\/agenciausphot.com\/uze\/en\/wp-json\/wp\/v2\/product\/4507\/revisions"}],"predecessor-version":[{"id":5762,"href":"https:\/\/agenciausphot.com\/uze\/en\/wp-json\/wp\/v2\/product\/4507\/revisions\/5762"}],"wp:featuredmedia":[{"embeddable":true,"href":"https:\/\/agenciausphot.com\/uze\/en\/wp-json\/wp\/v2\/media\/4506"}],"wp:attachment":[{"href":"https:\/\/agenciausphot.com\/uze\/en\/wp-json\/wp\/v2\/media?parent=4507"}],"wp:term":[{"taxonomy":"brand","embeddable":true,"href":"https:\/\/agenciausphot.com\/uze\/en\/wp-json\/wp\/v2\/etheme_brands?post=4507"},{"taxonomy":"product_brand","embeddable":true,"href":"https:\/\/agenciausphot.com\/uze\/en\/wp-json\/wp\/v2\/product_brand?post=4507"},{"taxonomy":"product_cat","embeddable":true,"href":"https:\/\/agenciausphot.com\/uze\/en\/wp-json\/wp\/v2\/product_cat?post=4507"},{"taxonomy":"product_tag","embeddable":true,"href":"https:\/\/agenciausphot.com\/uze\/en\/wp-json\/wp\/v2\/product_tag?post=4507"}],"curies":[{"name":"wp","href":"https:\/\/api.w.org\/{rel}","templated":true}]}}