{"id":4505,"date":"2025-10-29T12:59:51","date_gmt":"2025-10-29T12:59:51","guid":{"rendered":"https:\/\/agenciausphot.com\/uze\/produto\/anel-de-prata-pontos-de-luz\/"},"modified":"2025-12-22T16:26:48","modified_gmt":"2025-12-22T16:26:48","slug":"anel-de-prata-pontos-de-luz","status":"publish","type":"product","link":"https:\/\/agenciausphot.com\/uze\/en\/product\/anel-de-prata-pontos-de-luz\/","title":{"rendered":"Anel de prata pontos de luz"},"content":{"rendered":"<p data-start=\"72\" data-end=\"113\"><strong data-start=\"74\" data-end=\"109\">Anel Pontos de Luz em Prata 925<\/strong>&nbsp;<\/p>\n<p data-start=\"115\" data-end=\"414\">Delicadeza e brilho em perfeita harmonia! Esse anel \u00e9 confeccionado em&nbsp;<strong data-start=\"186\" data-end=\"208\">prata 925 leg\u00edtima<\/strong>&nbsp;e traz o charme dos&nbsp;<strong data-start=\"229\" data-end=\"259\">pontos de luz em zirc\u00f4nias<\/strong>, que iluminam a pe\u00e7a com um toque sofisticado e elegante. Ideal para compor combina\u00e7\u00f5es ou ser usado sozinho, destacando sua beleza em qualquer ocasi\u00e3o.<\/p>\n<p data-start=\"416\" data-end=\"569\">\u2714\ufe0f&nbsp;<strong data-start=\"419\" data-end=\"432\">Material:<\/strong>&nbsp;Prata 925 leg\u00edtima<br data-start=\"451\" data-end=\"454\">\u2714\ufe0f&nbsp;<strong data-start=\"457\" data-end=\"497\">Detalhes em pontos de luz cravejados<\/strong><br data-start=\"497\" data-end=\"500\">\u2714\ufe0f&nbsp;<strong data-start=\"503\" data-end=\"533\">Design delicado e vers\u00e1til<\/strong><br data-start=\"533\" data-end=\"536\">\u2714\ufe0f&nbsp;<strong data-start=\"539\" data-end=\"567\">Garantia eterna da prata<\/strong><\/p>","protected":false},"excerpt":{"rendered":"<p data-start=\"72\" data-end=\"113\"><\/p>","protected":false},"featured_media":4504,"comment_status":"open","ping_status":"closed","template":"","meta":[],"etheme_brands":[],"product_brand":[],"product_cat":[103,92],"product_tag":[133],"class_list":{"0":"post-4505","1":"product","2":"type-product","3":"status-publish","4":"has-post-thumbnail","6":"product_cat-categoriaanisanel-feminino","7":"product_cat-categoriaanis","8":"product_tag-uze-pratas","10":"first","11":"instock","12":"shipping-taxable","13":"purchasable","14":"product-type-variable"},"_links":{"self":[{"href":"https:\/\/agenciausphot.com\/uze\/en\/wp-json\/wp\/v2\/product\/4505","targetHints":{"allow":["GET"]}}],"collection":[{"href":"https:\/\/agenciausphot.com\/uze\/en\/wp-json\/wp\/v2\/product"}],"about":[{"href":"https:\/\/agenciausphot.com\/uze\/en\/wp-json\/wp\/v2\/types\/product"}],"replies":[{"embeddable":true,"href":"https:\/\/agenciausphot.com\/uze\/en\/wp-json\/wp\/v2\/comments?post=4505"}],"version-history":[{"count":1,"href":"https:\/\/agenciausphot.com\/uze\/en\/wp-json\/wp\/v2\/product\/4505\/revisions"}],"predecessor-version":[{"id":5761,"href":"https:\/\/agenciausphot.com\/uze\/en\/wp-json\/wp\/v2\/product\/4505\/revisions\/5761"}],"wp:featuredmedia":[{"embeddable":true,"href":"https:\/\/agenciausphot.com\/uze\/en\/wp-json\/wp\/v2\/media\/4504"}],"wp:attachment":[{"href":"https:\/\/agenciausphot.com\/uze\/en\/wp-json\/wp\/v2\/media?parent=4505"}],"wp:term":[{"taxonomy":"brand","embeddable":true,"href":"https:\/\/agenciausphot.com\/uze\/en\/wp-json\/wp\/v2\/etheme_brands?post=4505"},{"taxonomy":"product_brand","embeddable":true,"href":"https:\/\/agenciausphot.com\/uze\/en\/wp-json\/wp\/v2\/product_brand?post=4505"},{"taxonomy":"product_cat","embeddable":true,"href":"https:\/\/agenciausphot.com\/uze\/en\/wp-json\/wp\/v2\/product_cat?post=4505"},{"taxonomy":"product_tag","embeddable":true,"href":"https:\/\/agenciausphot.com\/uze\/en\/wp-json\/wp\/v2\/product_tag?post=4505"}],"curies":[{"name":"wp","href":"https:\/\/api.w.org\/{rel}","templated":true}]}}