{"id":4501,"date":"2025-10-29T12:59:48","date_gmt":"2025-10-29T12:59:48","guid":{"rendered":"https:\/\/agenciausphot.com\/uze\/produto\/anel-solitario-zirconia\/"},"modified":"2025-12-15T13:22:05","modified_gmt":"2025-12-15T13:22:05","slug":"anel-solitario-zirconia","status":"publish","type":"product","link":"https:\/\/agenciausphot.com\/uze\/en\/product\/anel-solitario-zirconia\/","title":{"rendered":"Anel solit\u00e1rio zirc\u00f4nia"},"content":{"rendered":"<p data-start=\"80\" data-end=\"128\"><strong data-start=\"83\" data-end=\"123\">Anel Solit\u00e1rio Zirc\u00f4nia em Prata 925<\/strong>&nbsp;<\/p>\n<p data-start=\"130\" data-end=\"379\">Cl\u00e1ssico, delicado e atemporal, o <strong data-start=\"164\" data-end=\"182\">Anel Solit\u00e1rio<\/strong> \u00e9 a escolha perfeita para simbolizar momentos especiais.<br data-start=\"239\" data-end=\"242\"><br \/>\nProduzido em <strong data-start=\"255\" data-end=\"277\">prata 925 leg\u00edtima<\/strong>, traz uma <strong data-start=\"288\" data-end=\"317\">zirc\u00f4nia central lapidada<\/strong> que garante brilho intenso e eleg\u00e2ncia em qualquer ocasi\u00e3o.<\/p>\n<p data-start=\"381\" data-end=\"561\">\u2714\ufe0f <strong data-start=\"384\" data-end=\"397\">Material:<\/strong> Prata 925 leg\u00edtima<br data-start=\"416\" data-end=\"419\"><br \/>\n\u2714\ufe0f <strong data-start=\"422\" data-end=\"466\">Pedra central em zirc\u00f4nia de alto brilho<\/strong><br data-start=\"466\" data-end=\"469\"><br \/>\n\u2714\ufe0f <strong data-start=\"472\" data-end=\"525\">Design solit\u00e1rio \u2013 s\u00edmbolo de amor e sofistica\u00e7\u00e3o<\/strong><br data-start=\"525\" data-end=\"528\"><br \/>\n\u2714\ufe0f <strong data-start=\"531\" data-end=\"559\">Garantia eterna da prata<\/strong><\/p>","protected":false},"excerpt":{"rendered":"<p>Anel Solit\u00e1rio Zirc\u00f4nia em Prata 925&nbsp; Cl\u00e1ssico, delicado e atemporal, o Anel Solit\u00e1rio \u00e9 a escolha perfeita para simbolizar momentos especiais. Produzido em prata 925&#8230;<\/p>","protected":false},"featured_media":4500,"comment_status":"open","ping_status":"closed","template":"","meta":[],"etheme_brands":[],"product_brand":[],"product_cat":[103,92],"product_tag":[133],"class_list":{"0":"post-4501","1":"product","2":"type-product","3":"status-publish","4":"has-post-thumbnail","6":"product_cat-categoriaanisanel-feminino","7":"product_cat-categoriaanis","8":"product_tag-uze-pratas","10":"first","11":"outofstock","12":"shipping-taxable","13":"purchasable","14":"product-type-variable"},"_links":{"self":[{"href":"https:\/\/agenciausphot.com\/uze\/en\/wp-json\/wp\/v2\/product\/4501","targetHints":{"allow":["GET"]}}],"collection":[{"href":"https:\/\/agenciausphot.com\/uze\/en\/wp-json\/wp\/v2\/product"}],"about":[{"href":"https:\/\/agenciausphot.com\/uze\/en\/wp-json\/wp\/v2\/types\/product"}],"replies":[{"embeddable":true,"href":"https:\/\/agenciausphot.com\/uze\/en\/wp-json\/wp\/v2\/comments?post=4501"}],"version-history":[{"count":1,"href":"https:\/\/agenciausphot.com\/uze\/en\/wp-json\/wp\/v2\/product\/4501\/revisions"}],"predecessor-version":[{"id":5759,"href":"https:\/\/agenciausphot.com\/uze\/en\/wp-json\/wp\/v2\/product\/4501\/revisions\/5759"}],"wp:featuredmedia":[{"embeddable":true,"href":"https:\/\/agenciausphot.com\/uze\/en\/wp-json\/wp\/v2\/media\/4500"}],"wp:attachment":[{"href":"https:\/\/agenciausphot.com\/uze\/en\/wp-json\/wp\/v2\/media?parent=4501"}],"wp:term":[{"taxonomy":"brand","embeddable":true,"href":"https:\/\/agenciausphot.com\/uze\/en\/wp-json\/wp\/v2\/etheme_brands?post=4501"},{"taxonomy":"product_brand","embeddable":true,"href":"https:\/\/agenciausphot.com\/uze\/en\/wp-json\/wp\/v2\/product_brand?post=4501"},{"taxonomy":"product_cat","embeddable":true,"href":"https:\/\/agenciausphot.com\/uze\/en\/wp-json\/wp\/v2\/product_cat?post=4501"},{"taxonomy":"product_tag","embeddable":true,"href":"https:\/\/agenciausphot.com\/uze\/en\/wp-json\/wp\/v2\/product_tag?post=4501"}],"curies":[{"name":"wp","href":"https:\/\/api.w.org\/{rel}","templated":true}]}}